{"id":12049,"date":"2021-08-25T07:26:28","date_gmt":"2021-08-25T05:26:28","guid":{"rendered":"https:\/\/rapidlogistic.hu\/ueber-uns\/"},"modified":"2024-11-05T14:27:25","modified_gmt":"2024-11-05T13:27:25","slug":"ueber-uns","status":"publish","type":"page","link":"https:\/\/rapidlogistic.hu\/de\/ueber-uns\/","title":{"rendered":"\u00dcber uns"},"content":{"rendered":"<div class=\"wpb-content-wrapper\"><p>[vc_row full_width=&#8220;stretch_row&#8220; content_placement=&#8220;middle&#8220; css=&#8220;.vc_custom_1721337166993{margin-top: -40px !important;margin-bottom: 80px !important;padding-top: 80px !important;padding-bottom: 40px !important;background-color: #f9f9f9 !important;}&#8220; mobile_bg_img_hidden=&#8220;no&#8220; tablet_bg_img_hidden=&#8220;no&#8220; woodmart_parallax=&#8220;0&#8243; woodmart_gradient_switch=&#8220;no&#8220; row_reverse_mobile=&#8220;0&#8243; row_reverse_tablet=&#8220;0&#8243; woodmart_disable_overflow=&#8220;0&#8243; wd_z_index=&#8220;no&#8220; woodmart_css_id=&#8220;6699854237fc0&#8243; responsive_spacing=&#8220;eyJwYXJhbV90eXBlIjoid29vZG1hcnRfcmVzcG9uc2l2ZV9zcGFjaW5nIiwic2VsZWN0b3JfaWQiOiI2Njk5ODU0MjM3ZmMwIiwic2hvcnRjb2RlIjoidmNfcm93IiwiZGF0YSI6eyJ0YWJsZXQiOnt9LCJtb2JpbGUiOnsibWFyZ2luLWJvdHRvbSI6IjYwcHgiLCJwYWRkaW5nLXRvcCI6IjYwcHgiLCJwYWRkaW5nLWJvdHRvbSI6IjIwcHgifX19&#8243; woodmart_box_shadow=&#8220;no&#8220;][vc_column css=&#8220;.vc_custom_1629876989711{margin-bottom: 40px !important;padding-top: 0px !important;}&#8220; mobile_bg_img_hidden=&#8220;no&#8220; tablet_bg_img_hidden=&#8220;no&#8220; woodmart_parallax=&#8220;0&#8243; woodmart_sticky_column=&#8220;false&#8220; parallax_scroll=&#8220;no&#8220; mobile_reset_margin=&#8220;no&#8220; tablet_reset_margin=&#8220;no&#8220; offset=&#8220;vc_col-lg-4 vc_col-md-4 vc_col-xs-12&#8243; wd_z_index=&#8220;no&#8220; woodmart_css_id=&#8220;6125f2fa74bd9&#8243; responsive_spacing=&#8220;eyJwYXJhbV90eXBlIjoid29vZG1hcnRfcmVzcG9uc2l2ZV9zcGFjaW5nIiwic2VsZWN0b3JfaWQiOiI2MTI1ZjJmYTc0YmQ5Iiwic2hvcnRjb2RlIjoidmNfY29sdW1uIiwiZGF0YSI6eyJ0YWJsZXQiOnt9LCJtb2JpbGUiOnt9fX0=&#8220;]\n\t\t<div id=\"wd-669987d8a2836\" class=\"title-wrapper wd-wpb wd-set-mb reset-last-child  wd-rs-669987d8a2836 wd-title-color-primary wd-title-style-default text-left vc_custom_1721337833296 wd-width-enabled wd-underline-colored\" style=\"--wd-max-width: 90%;\">\n\t\t\t\t\t\t\t\n\t\t\t\t<div class=\"title-subtitle  subtitle-color-primary font-default subtitle-style-default wd-font-weight-600 wd-fontsize-xs\">RAPID LOGISTIC KFT.<\/div>\n\t\t\t\n\t\t\t<div class=\"liner-continer\">\n\t\t\t\t<h4 class=\"woodmart-title-container title  wd-font-weight- wd-fontsize-xxl\" >Warum sollten Sie mit uns zusammenarbeiten?<\/h4>\n\t\t\t\t\t\t\t<\/div>\n\t\t\t\n\t\t\t\n\t\t\t\n\t\t<\/div>\n\t\t\n\t\t[\/vc_column][vc_column width=&#8220;1\/2&#8243; css=&#8220;.vc_custom_1629876984854{margin-bottom: 40px !important;padding-top: 0px !important;}&#8220; mobile_bg_img_hidden=&#8220;no&#8220; tablet_bg_img_hidden=&#8220;no&#8220; woodmart_parallax=&#8220;0&#8243; woodmart_sticky_column=&#8220;false&#8220; parallax_scroll=&#8220;no&#8220; mobile_reset_margin=&#8220;no&#8220; tablet_reset_margin=&#8220;no&#8220; offset=&#8220;vc_col-lg-offset-1 vc_col-lg-3 vc_col-md-4&#8243; wd_z_index=&#8220;no&#8220; woodmart_css_id=&#8220;6125f2f5a2779&#8243; responsive_spacing=&#8220;eyJwYXJhbV90eXBlIjoid29vZG1hcnRfcmVzcG9uc2l2ZV9zcGFjaW5nIiwic2VsZWN0b3JfaWQiOiI2MTI1ZjJmNWEyNzc5Iiwic2hvcnRjb2RlIjoidmNfY29sdW1uIiwiZGF0YSI6eyJ0YWJsZXQiOnt9LCJtb2JpbGUiOnt9fX0=&#8220;]\t\t\t<div class=\"info-box-wrapper\">\n\t\t\t\t<div id=\"wd-66998858b275a\" class=\" wd-rs-66998858b275a wd-info-box wd-wpb text-left box-icon-align-left box-style- color-scheme- wd-bg-none wd-items-top vc_custom_1721337953270\">\n\t\t\t\t\t\t\t\t\t\t<div class=\"info-box-content\">\n\t\t\t\t\t\t<h4 class=\"info-box-title title box-title-style-default wd-fontsize-m\">Europ\u00e4ische Normen<\/h4>\t\t\t\t\t\t<div class=\"info-box-inner reset-last-child\"><p>Die von uns verkauften Fenster und T\u00fcren entsprechen europ\u00e4ischem Standard und sind von herausragender Qualit\u00e4t.<\/p>\n<\/div>\n\n\t\t\t\t\t\t\t\t\t\t\t<\/div>\n\n\t\t\t\t\t\t\t\t\t\t\t<a class=\"wd-info-box-link wd-fill\" aria-label=\"Infobox link\" href=\"#\" title=\"\"><\/a>\n\t\t\t\t\t\n\t\t\t\t\t\t\t\t\t<\/div>\n\t\t\t<\/div>\n\t\t[\/vc_column][vc_column width=&#8220;1\/2&#8243; css=&#8220;.vc_custom_1629876980184{margin-bottom: 40px !important;padding-top: 0px !important;}&#8220; mobile_bg_img_hidden=&#8220;no&#8220; tablet_bg_img_hidden=&#8220;no&#8220; woodmart_parallax=&#8220;0&#8243; woodmart_sticky_column=&#8220;false&#8220; parallax_scroll=&#8220;no&#8220; mobile_reset_margin=&#8220;no&#8220; tablet_reset_margin=&#8220;no&#8220; offset=&#8220;vc_col-lg-offset-1 vc_col-lg-3 vc_col-md-4&#8243; wd_z_index=&#8220;no&#8220; woodmart_css_id=&#8220;6125f2efc6c08&#8243; responsive_spacing=&#8220;eyJwYXJhbV90eXBlIjoid29vZG1hcnRfcmVzcG9uc2l2ZV9zcGFjaW5nIiwic2VsZWN0b3JfaWQiOiI2MTI1ZjJlZmM2YzA4Iiwic2hvcnRjb2RlIjoidmNfY29sdW1uIiwiZGF0YSI6eyJ0YWJsZXQiOnt9LCJtb2JpbGUiOnt9fX0=&#8220;]\t\t\t<div class=\"info-box-wrapper\">\n\t\t\t\t<div id=\"wd-6699879b78579\" class=\" wd-rs-6699879b78579 wd-info-box wd-wpb text-left box-icon-align-left box-style- color-scheme- wd-bg-none wd-items-top vc_custom_1721337766671\">\n\t\t\t\t\t\t\t\t\t\t<div class=\"info-box-content\">\n\t\t\t\t\t\t<h4 class=\"info-box-title title box-title-style-default wd-fontsize-m\">Hochwertige Fenster und T\u00fcren<\/h4>\t\t\t\t\t\t<div class=\"info-box-inner reset-last-child\"><p>Unsere Hauptt\u00e4tigkeit ist der Gro\u00dfhandel mit Fenstern und T\u00fcren mit einem Netz von Wiederverk\u00e4ufern im ganzen Land.<\/p>\n<\/div>\n\n\t\t\t\t\t\t\t\t\t\t\t<\/div>\n\n\t\t\t\t\t\t\t\t\t\t\t<a class=\"wd-info-box-link wd-fill\" aria-label=\"Infobox link\" href=\"#\" title=\"\"><\/a>\n\t\t\t\t\t\n\t\t\t\t\t\t\t\t\t<\/div>\n\t\t\t<\/div>\n\t\t[\/vc_column][\/vc_row][vc_row css=&#8220;.vc_custom_1629877038080{margin-bottom: 40px !important;}&#8220; mobile_bg_img_hidden=&#8220;no&#8220; tablet_bg_img_hidden=&#8220;no&#8220; woodmart_parallax=&#8220;0&#8243; woodmart_gradient_switch=&#8220;no&#8220; row_reverse_mobile=&#8220;1&#8243; row_reverse_tablet=&#8220;1&#8243; woodmart_disable_overflow=&#8220;0&#8243; wd_z_index=&#8220;no&#8220; woodmart_css_id=&#8220;6125f32826e3d&#8220; responsive_spacing=&#8220;eyJwYXJhbV90eXBlIjoid29vZG1hcnRfcmVzcG9uc2l2ZV9zcGFjaW5nIiwic2VsZWN0b3JfaWQiOiI2MTI1ZjMyODI2ZTNkIiwic2hvcnRjb2RlIjoidmNfcm93IiwiZGF0YSI6eyJ0YWJsZXQiOnt9LCJtb2JpbGUiOnsibWFyZ2luLWJvdHRvbSI6IjIwIn19fQ==&#8220;][vc_column css=&#8220;.vc_custom_1629877010833{margin-bottom: 40px !important;padding-top: 0px !important;}&#8220; mobile_bg_img_hidden=&#8220;no&#8220; tablet_bg_img_hidden=&#8220;no&#8220; woodmart_parallax=&#8220;0&#8243; woodmart_sticky_column=&#8220;false&#8220; parallax_scroll=&#8220;no&#8220; mobile_reset_margin=&#8220;no&#8220; tablet_reset_margin=&#8220;no&#8220; offset=&#8220;vc_col-lg-6 vc_col-md-6&#8243; wd_z_index=&#8220;no&#8220; woodmart_css_id=&#8220;6125f30edad72&#8243; responsive_spacing=&#8220;eyJwYXJhbV90eXBlIjoid29vZG1hcnRfcmVzcG9uc2l2ZV9zcGFjaW5nIiwic2VsZWN0b3JfaWQiOiI2MTI1ZjMwZWRhZDcyIiwic2hvcnRjb2RlIjoidmNfY29sdW1uIiwiZGF0YSI6eyJ0YWJsZXQiOnt9LCJtb2JpbGUiOnt9fX0=&#8220;]\t\t<div id=\"wd-669a2d3314f4f\" class=\"wd-image wd-wpb wd-rs-669a2d3314f4f text-left vc_custom_1721380164530\">\n\t\t\t\n\t\t\t<img loading=\"lazy\" decoding=\"async\" width=\"901\" height=\"790\" src=\"https:\/\/rapidlogistic.hu\/wp-content\/uploads\/2024\/07\/ajto-ablak-nagykereskedelem-1.webp\" class=\"attachment-full size-full\" alt=\"\" srcset=\"https:\/\/rapidlogistic.hu\/wp-content\/uploads\/2024\/07\/ajto-ablak-nagykereskedelem-1.webp 901w, https:\/\/rapidlogistic.hu\/wp-content\/uploads\/2024\/07\/ajto-ablak-nagykereskedelem-1-430x377.webp 430w, https:\/\/rapidlogistic.hu\/wp-content\/uploads\/2024\/07\/ajto-ablak-nagykereskedelem-1-150x132.webp 150w, https:\/\/rapidlogistic.hu\/wp-content\/uploads\/2024\/07\/ajto-ablak-nagykereskedelem-1-700x614.webp 700w, https:\/\/rapidlogistic.hu\/wp-content\/uploads\/2024\/07\/ajto-ablak-nagykereskedelem-1-342x300.webp 342w, https:\/\/rapidlogistic.hu\/wp-content\/uploads\/2024\/07\/ajto-ablak-nagykereskedelem-1-768x673.webp 768w\" sizes=\"auto, (max-width: 901px) 100vw, 901px\" \/>\n\t\t\t\t\t<\/div>\n\t\t[\/vc_column][vc_column css=&#8220;.vc_custom_1629877027060{margin-bottom: 40px !important;padding-top: 40px !important;}&#8220; mobile_bg_img_hidden=&#8220;no&#8220; tablet_bg_img_hidden=&#8220;no&#8220; woodmart_parallax=&#8220;0&#8243; woodmart_sticky_column=&#8220;false&#8220; parallax_scroll=&#8220;no&#8220; mobile_reset_margin=&#8220;no&#8220; tablet_reset_margin=&#8220;no&#8220; offset=&#8220;vc_col-lg-offset-1 vc_col-lg-5 vc_col-md-6 vc_col-xs-12&#8243; wd_z_index=&#8220;no&#8220; woodmart_css_id=&#8220;6125f320eb687&#8243; responsive_spacing=&#8220;eyJwYXJhbV90eXBlIjoid29vZG1hcnRfcmVzcG9uc2l2ZV9zcGFjaW5nIiwic2VsZWN0b3JfaWQiOiI2MTI1ZjMyMGViNjg3Iiwic2hvcnRjb2RlIjoidmNfY29sdW1uIiwiZGF0YSI6eyJ0YWJsZXQiOnt9LCJtb2JpbGUiOnsicGFkZGluZy10b3AiOiIwIn19fQ==&#8220;]\n\t\t<div id=\"wd-66997ab4b7740\" class=\"title-wrapper wd-wpb wd-set-mb reset-last-child  wd-rs-66997ab4b7740 wd-title-color-primary wd-title-style-default text-left vc_custom_1721334469757 wd-underline-colored\">\n\t\t\t\t\t\t\t\n\t\t\t\t<div class=\"title-subtitle  subtitle-color-primary font-default subtitle-style-default wd-font-weight-600 wd-fontsize-xs\">\u00dcBER UNS<\/div>\n\t\t\t\n\t\t\t<div class=\"liner-continer\">\n\t\t\t\t<h4 class=\"woodmart-title-container title  wd-font-weight- wd-fontsize-xxl\" >Rapid Logistic Kft.<\/h4>\n\t\t\t\t\t\t\t<\/div>\n\t\t\t\n\t\t\t\n\t\t\t\n\t\t<\/div>\n\t\t\n\t\t\t\t<div id=\"wd-66a8eb0db636b\" class=\"wd-text-block wd-wpb reset-last-child wd-rs-66a8eb0db636b text-left wd-fontsize-custom vc_custom_1722346261304\">\n\t\t\t<p>Als einer der f\u00fchrenden Fenster- und T\u00fcrengro\u00dfh\u00e4ndler Ungarns bieten wir unseren Handelspartnern und Installateuren seit 20 Jahren Produkte von hervorragender Qualit\u00e4t.<\/p>\n<p>Sz\u00e9les v\u00e1laszt\u00e9kunkban megtal\u00e1lhat\u00f3k az ablakok, ajt\u00f3k, red\u0151ny\u00f6k \u00e9s kieg\u00e9sz\u00edt\u0151k legfrissebb designjai \u00e9s technol\u00f3gi\u00e1i, amelyek kiel\u00e9g\u00edtik mind az eszt\u00e9tikai, mind a funkcionalit\u00e1si ig\u00e9nyeket.<\/p>\n<p>Wenn Sie ein Handelspartner oder Installateur sind und Interesse an einer Zusammenarbeit mit uns haben, kontaktieren Sie uns noch heute und lassen Sie uns gemeinsam eine erfolgreiche Gesch\u00e4ftspartnerschaft aufbauen!<\/p>\n\t\t<\/div>\n\t\t[vc_separator color=&#8220;custom&#8220; css=&#8220;.vc_custom_1615616514122{margin-bottom: 20px !important;padding-top: 10px !important;}&#8220; accent_color=&#8220;rgba(10,10,10,0.12)&#8220;][vc_row_inner content_placement=&#8220;middle&#8220; row_reverse_mobile=&#8220;0&#8243; row_reverse_tablet=&#8220;0&#8243;][vc_column_inner width=&#8220;1\/2&#8243; css=&#8220;.vc_custom_1617632364304{padding-top: 0px !important;}&#8220;]\t\t<div id=\"wd-66997bcd80d88\" class=\"wd-text-block wd-wpb reset-last-child wd-rs-66997bcd80d88 text-left vc_custom_1721334836244\">\n\t\t\t<p><a href=\"#\"><strong><em>Fensterjalousien Gro\u00dfhandel<\/em><\/strong><\/a><\/p>\n\t\t<\/div>\n\t\t[\/vc_column_inner][vc_column_inner width=&#8220;1\/2&#8243; css=&#8220;.vc_custom_1629877310132{padding-top: 0px !important;}&#8220; offset=&#8220;vc_hidden-sm vc_hidden-xs&#8220; wd_z_index=&#8220;no&#8220; woodmart_css_id=&#8220;6125f438bf39a&#8220; responsive_spacing=&#8220;eyJwYXJhbV90eXBlIjoid29vZG1hcnRfcmVzcG9uc2l2ZV9zcGFjaW5nIiwic2VsZWN0b3JfaWQiOiI2MTI1ZjQzOGJmMzlhIiwic2hvcnRjb2RlIjoidmNfY29sdW1uX2lubmVyIiwiZGF0YSI6eyJ0YWJsZXQiOnt9LCJtb2JpbGUiOnt9fX0=&#8220;]\t\t\t<div\n\t\t\t\t\t\tclass=\" wd-social-icons  wd-style-colored-alt wd-size-small social-share wd-shape-circle text-right\">\n\t\t\t\t\n\t\t\t\t\n\t\t\t\t\t\t\t\t\t<a rel=\"noopener noreferrer nofollow\" href=\"https:\/\/www.facebook.com\/sharer\/sharer.php?u=https:\/\/rapidlogistic.hu\/de\/ueber-uns\/\" target=\"_blank\" class=\" wd-social-icon social-facebook\" aria-label=\"Facebook social link\">\n\t\t\t\t\t\t<span class=\"wd-icon\"><\/span>\n\t\t\t\t\t\t\t\t\t\t\t<\/a>\n\t\t\t\t\n\t\t\t\t\n\t\t\t\t\n\t\t\t\t\n\t\t\t\t\n\t\t\t\t\n\t\t\t\t\n\t\t\t\t\n\t\t\t\t\n\t\t\t\t\n\t\t\t\t\n\t\t\t\t\n\t\t\t\t\n\t\t\t\t\n\t\t\t\t\n\t\t\t\t\n\t\t\t\t\n\t\t\t\t\n\t\t\t\t\n\t\t\t\t\n\t\t\t\t\n\t\t\t\t\n\t\t\t\t\n\t\t\t\t\n\t\t\t\t\n\t\t\t\t\n\t\t\t<\/div>\n\n\t\t[\/vc_column_inner][\/vc_row_inner][\/vc_column][\/vc_row][vc_row mobile_bg_img_hidden=&#8220;no&#8220; tablet_bg_img_hidden=&#8220;no&#8220; woodmart_parallax=&#8220;0&#8243; woodmart_gradient_switch=&#8220;no&#8220; row_reverse_mobile=&#8220;0&#8243; row_reverse_tablet=&#8220;0&#8243; woodmart_disable_overflow=&#8220;0&#8243; wd_z_index=&#8220;no&#8220; woodmart_css_id=&#8220;669a2d89c86a7&#8243; responsive_spacing=&#8220;eyJwYXJhbV90eXBlIjoid29vZG1hcnRfcmVzcG9uc2l2ZV9zcGFjaW5nIiwic2VsZWN0b3JfaWQiOiI2NjlhMmQ4OWM4NmE3Iiwic2hvcnRjb2RlIjoidmNfcm93IiwiZGF0YSI6eyJ0YWJsZXQiOnt9LCJtb2JpbGUiOnsibWFyZ2luLWJvdHRvbSI6IjQwcHgifX19&#8243; woodmart_box_shadow=&#8220;no&#8220;][vc_column css=&#8220;.vc_custom_1615616838746{padding-top: 0px !important;}&#8220; mobile_bg_img_hidden=&#8220;no&#8220; tablet_bg_img_hidden=&#8220;no&#8220; woodmart_parallax=&#8220;0&#8243; woodmart_sticky_column=&#8220;false&#8220; parallax_scroll=&#8220;no&#8220; mobile_reset_margin=&#8220;no&#8220; tablet_reset_margin=&#8220;no&#8220;]\n\t\t<div id=\"wd-66a8eb1b65c35\" class=\"title-wrapper wd-wpb wd-set-mb reset-last-child  wd-rs-66a8eb1b65c35 wd-title-color-primary wd-title-style-default text-center vc_custom_1722346278398 wd-width-enabled wd-underline-colored\" style=\"--wd-max-width: 60%;\">\n\t\t\t\t\t\t\t\n\t\t\t\t<div class=\"title-subtitle  subtitle-color-primary font-default subtitle-style-default wd-font-weight-600 wd-fontsize-xs\">RAPID LOGISTIC KFT.<\/div>\n\t\t\t\n\t\t\t<div class=\"liner-continer\">\n\t\t\t\t<h4 class=\"woodmart-title-container title  wd-font-weight- wd-fontsize-xxl\" >Europ\u00e4ische Normen<\/h4>\n\t\t\t\t\t\t\t<\/div>\n\t\t\t\n\t\t\t\t\t\t\t<div class=\"title-after_title reset-last-child  wd-fontsize-s\">Die von uns vertriebenen Fenster und T\u00fcren entsprechen europ\u00e4ischem Standard und zeichnen sich durch eine hohe Qualit\u00e4t aus. Bei der Auswahl unserer Lieferanten legen wir gro\u00dfen Wert auf hohe Produktqualit\u00e4t, guten technischen Hintergrund und ein gutes Preis-Leistungs-Verh\u00e4ltnis. <\/div>\n\t\t\t\n\t\t\t\n\t\t<\/div>\n\t\t\n\t\t[\/vc_column][vc_column width=&#8220;1\/2&#8243; css=&#8220;.vc_custom_1721336478587{padding-top: 0px !important;}&#8220; mobile_bg_img_hidden=&#8220;no&#8220; tablet_bg_img_hidden=&#8220;no&#8220; woodmart_parallax=&#8220;0&#8243; woodmart_sticky_column=&#8220;false&#8220; parallax_scroll=&#8220;no&#8220; mobile_reset_margin=&#8220;no&#8220; tablet_reset_margin=&#8220;no&#8220; offset=&#8220;vc_col-lg-6 vc_col-md-6 vc_col-xs-12&#8243; woodmart_css_id=&#8220;6699829514d28&#8243; wd_collapsible_content_switcher=&#8220;no&#8220; wd_column_role_offcanvas_desktop=&#8220;no&#8220; wd_column_role_offcanvas_tablet=&#8220;no&#8220; wd_column_role_offcanvas_mobile=&#8220;no&#8220; wd_column_role_content_desktop=&#8220;no&#8220; wd_column_role_content_tablet=&#8220;no&#8220; wd_column_role_content_mobile=&#8220;no&#8220; woodmart_box_shadow=&#8220;no&#8220; responsive_spacing=&#8220;eyJwYXJhbV90eXBlIjoid29vZG1hcnRfcmVzcG9uc2l2ZV9zcGFjaW5nIiwic2VsZWN0b3JfaWQiOiI2Njk5ODI5NTE0ZDI4Iiwic2hvcnRjb2RlIjoidmNfY29sdW1uIiwiZGF0YSI6eyJ0YWJsZXQiOnt9LCJtb2JpbGUiOnt9fX0=&#8220; wd_z_index=&#8220;no&#8220;]\t\t\t<div class=\"info-box-wrapper\">\n\t\t\t\t<div id=\"wd-66a0b4d754b27\" class=\" wd-rs-66a0b4d754b27 wd-info-box wd-wpb text-left box-icon-align-left box-style- color-scheme- wd-bg-none wd-items-top \">\n\t\t\t\t\t\t\t\t\t\t<div class=\"info-box-content\">\n\t\t\t\t\t\t<h4 class=\"info-box-title title box-title-style-default wd-fontsize-m\">Hohe Qualit\u00e4t<\/h4>\t\t\t\t\t\t<div class=\"info-box-inner reset-last-child\"><p>Unsere Produkte werden ausschlie\u00dflich von vertrauensw\u00fcrdigen Herstellern bezogen und einer strengen Qualit\u00e4tskontrolle unterzogen, um langfristige Zuverl\u00e4ssigkeit und Zufriedenheit f\u00fcr unsere Kunden zu gew\u00e4hrleisten.<\/p>\n<\/div>\n\n\t\t\t\t\t\t\t\t\t\t\t<\/div>\n\n\t\t\t\t\t\n\t\t\t\t\t\t\t\t\t<\/div>\n\t\t\t<\/div>\n\t\t[\/vc_column][vc_column width=&#8220;1\/2&#8243; css=&#8220;.vc_custom_1721336494906{padding-top: 0px !important;}&#8220; mobile_bg_img_hidden=&#8220;no&#8220; tablet_bg_img_hidden=&#8220;no&#8220; woodmart_parallax=&#8220;0&#8243; woodmart_sticky_column=&#8220;false&#8220; parallax_scroll=&#8220;no&#8220; mobile_reset_margin=&#8220;no&#8220; tablet_reset_margin=&#8220;no&#8220; offset=&#8220;vc_col-lg-6 vc_col-md-6 vc_col-xs-12&#8243; woodmart_css_id=&#8220;669982a0b9db3&#8243; wd_collapsible_content_switcher=&#8220;no&#8220; wd_column_role_offcanvas_desktop=&#8220;no&#8220; wd_column_role_offcanvas_tablet=&#8220;no&#8220; wd_column_role_offcanvas_mobile=&#8220;no&#8220; wd_column_role_content_desktop=&#8220;no&#8220; wd_column_role_content_tablet=&#8220;no&#8220; wd_column_role_content_mobile=&#8220;no&#8220; woodmart_box_shadow=&#8220;no&#8220; responsive_spacing=&#8220;eyJwYXJhbV90eXBlIjoid29vZG1hcnRfcmVzcG9uc2l2ZV9zcGFjaW5nIiwic2VsZWN0b3JfaWQiOiI2Njk5ODJhMGI5ZGIzIiwic2hvcnRjb2RlIjoidmNfY29sdW1uIiwiZGF0YSI6eyJ0YWJsZXQiOnt9LCJtb2JpbGUiOnt9fX0=&#8220; wd_z_index=&#8220;no&#8220;]\t\t\t<div class=\"info-box-wrapper\">\n\t\t\t\t<div id=\"wd-66a0b4e24f983\" class=\" wd-rs-66a0b4e24f983 wd-info-box wd-wpb text-left box-icon-align-left box-style- color-scheme- wd-bg-none wd-items-top \">\n\t\t\t\t\t\t\t\t\t\t<div class=\"info-box-content\">\n\t\t\t\t\t\t<h4 class=\"info-box-title title box-title-style-default wd-fontsize-m\">Gro\u00dfe Auswahl<\/h4>\t\t\t\t\t\t<div class=\"info-box-inner reset-last-child\"><p>Dank unseres flexiblen Lagerbestands bieten wir Produkte in einer breiten Palette von Stilen und Gr\u00f6\u00dfen an, die allen Anforderungen gerecht werden, ob modern oder traditionell, klein oder gro\u00df.<\/p>\n<\/div>\n\n\t\t\t\t\t\t\t\t\t\t\t<\/div>\n\n\t\t\t\t\t\n\t\t\t\t\t\t\t\t\t<\/div>\n\t\t\t<\/div>\n\t\t[\/vc_column][\/vc_row][vc_row mobile_bg_img_hidden=&#8220;no&#8220; tablet_bg_img_hidden=&#8220;no&#8220; woodmart_parallax=&#8220;0&#8243; woodmart_gradient_switch=&#8220;no&#8220; row_reverse_mobile=&#8220;0&#8243; row_reverse_tablet=&#8220;0&#8243; woodmart_disable_overflow=&#8220;0&#8243; wd_z_index=&#8220;no&#8220; woodmart_css_id=&#8220;669a2dc293e17&#8243; responsive_spacing=&#8220;eyJwYXJhbV90eXBlIjoid29vZG1hcnRfcmVzcG9uc2l2ZV9zcGFjaW5nIiwic2VsZWN0b3JfaWQiOiI2NjlhMmRjMjkzZTE3Iiwic2hvcnRjb2RlIjoidmNfcm93IiwiZGF0YSI6eyJ0YWJsZXQiOnt9LCJtb2JpbGUiOnsibWFyZ2luLWJvdHRvbSI6IjQwcHgifX19&#8243; woodmart_box_shadow=&#8220;no&#8220; css=&#8220;.vc_custom_1721380295553{padding-bottom: 10px !important;}&#8220;][vc_column width=&#8220;1\/2&#8243; css=&#8220;.vc_custom_1615616838746{padding-top: 0px !important;}&#8220; mobile_bg_img_hidden=&#8220;no&#8220; tablet_bg_img_hidden=&#8220;no&#8220; woodmart_parallax=&#8220;0&#8243; woodmart_sticky_column=&#8220;false&#8220; parallax_scroll=&#8220;no&#8220; mobile_reset_margin=&#8220;no&#8220; tablet_reset_margin=&#8220;no&#8220;]\t\t\t<div class=\"info-box-wrapper\">\n\t\t\t\t<div id=\"wd-66a0b4e90d9a6\" class=\" wd-rs-66a0b4e90d9a6 wd-info-box wd-wpb text-left box-icon-align-left box-style- color-scheme- wd-bg-none wd-items-top \">\n\t\t\t\t\t\t\t\t\t\t<div class=\"info-box-content\">\n\t\t\t\t\t\t<h4 class=\"info-box-title title box-title-style-default wd-fontsize-m\">Konkurrenzf\u00e4hige Preise<\/h4>\t\t\t\t\t\t<div class=\"info-box-inner reset-last-child\"><p>Wir bieten qualitativ hochwertige Produkte zu wettbewerbsf\u00e4higen Preisen, um unseren Kunden zu helfen, ihre Gewinne und ihre Wettbewerbsf\u00e4higkeit auf dem Markt zu maximieren.<\/p>\n<\/div>\n\n\t\t\t\t\t\t\t\t\t\t\t<\/div>\n\n\t\t\t\t\t\n\t\t\t\t\t\t\t\t\t<\/div>\n\t\t\t<\/div>\n\t\t[\/vc_column][vc_column width=&#8220;1\/2&#8243; css=&#8220;.vc_custom_1721336426085{padding-top: 0px !important;}&#8220; mobile_bg_img_hidden=&#8220;no&#8220; tablet_bg_img_hidden=&#8220;no&#8220; woodmart_parallax=&#8220;0&#8243; woodmart_sticky_column=&#8220;false&#8220; parallax_scroll=&#8220;no&#8220; mobile_reset_margin=&#8220;no&#8220; tablet_reset_margin=&#8220;no&#8220; offset=&#8220;vc_col-lg-6 vc_col-md-6 vc_col-xs-12&#8243; woodmart_css_id=&#8220;6699825f5d918&#8243; wd_collapsible_content_switcher=&#8220;no&#8220; wd_column_role_offcanvas_desktop=&#8220;no&#8220; wd_column_role_offcanvas_tablet=&#8220;no&#8220; wd_column_role_offcanvas_mobile=&#8220;no&#8220; wd_column_role_content_desktop=&#8220;no&#8220; wd_column_role_content_tablet=&#8220;no&#8220; wd_column_role_content_mobile=&#8220;no&#8220; woodmart_box_shadow=&#8220;no&#8220; responsive_spacing=&#8220;eyJwYXJhbV90eXBlIjoid29vZG1hcnRfcmVzcG9uc2l2ZV9zcGFjaW5nIiwic2VsZWN0b3JfaWQiOiI2Njk5ODI1ZjVkOTE4Iiwic2hvcnRjb2RlIjoidmNfY29sdW1uIiwiZGF0YSI6eyJ0YWJsZXQiOnt9LCJtb2JpbGUiOnt9fX0=&#8220; wd_z_index=&#8220;no&#8220;]\t\t\t<div class=\"info-box-wrapper\">\n\t\t\t\t<div id=\"wd-66a0b4eff3fdd\" class=\" wd-rs-66a0b4eff3fdd wd-info-box wd-wpb text-left box-icon-align-left box-style- color-scheme- wd-bg-none wd-items-top \">\n\t\t\t\t\t\t\t\t\t\t<div class=\"info-box-content\">\n\t\t\t\t\t\t<h4 class=\"info-box-title title box-title-style-default wd-fontsize-m\">Professionelle Unterst\u00fctzung<\/h4>\t\t\t\t\t\t<div class=\"info-box-inner reset-last-child\"><p>Unser Expertenteam steht Ihnen bei der Auswahl der am besten geeigneten Produkte zur Seite und bietet Ihnen technische Beratung und individuelle L\u00f6sungen.<\/p>\n<\/div>\n\n\t\t\t\t\t\t\t\t\t\t\t<\/div>\n\n\t\t\t\t\t\n\t\t\t\t\t\t\t\t\t<\/div>\n\t\t\t<\/div>\n\t\t[\/vc_column][\/vc_row]<\/p>\n<\/div>","protected":false},"excerpt":{"rendered":"<p>[vc_row full_width=&#8220;stretch_row&#8220; content_placement=&#8220;middle&#8220; css=&#8220;.vc_custom_1721337166993{margin-top: -40px !important;margin-bottom: 80px !important;padding-top: 80px !important;padding-bottom: 40px !important;background-color: #f9f9f9 !important;}&#8220; mobile_bg_img_hidden=&#8220;no&#8220; tablet_bg_img_hidden=&#8220;no&#8220; woodmart_parallax=&#8220;0&#8243; woodmart_gradient_switch=&#8220;no&#8220; row_reverse_mobile=&#8220;0&#8243; row_reverse_tablet=&#8220;0&#8243;<\/p>\n","protected":false},"author":1,"featured_media":0,"parent":0,"menu_order":0,"comment_status":"closed","ping_status":"closed","template":"","meta":{"footnotes":""},"class_list":["post-12049","page","type-page","status-publish","hentry"],"_links":{"self":[{"href":"https:\/\/rapidlogistic.hu\/de\/wp-json\/wp\/v2\/pages\/12049","targetHints":{"allow":["GET"]}}],"collection":[{"href":"https:\/\/rapidlogistic.hu\/de\/wp-json\/wp\/v2\/pages"}],"about":[{"href":"https:\/\/rapidlogistic.hu\/de\/wp-json\/wp\/v2\/types\/page"}],"author":[{"embeddable":true,"href":"https:\/\/rapidlogistic.hu\/de\/wp-json\/wp\/v2\/users\/1"}],"replies":[{"embeddable":true,"href":"https:\/\/rapidlogistic.hu\/de\/wp-json\/wp\/v2\/comments?post=12049"}],"version-history":[{"count":2,"href":"https:\/\/rapidlogistic.hu\/de\/wp-json\/wp\/v2\/pages\/12049\/revisions"}],"predecessor-version":[{"id":12052,"href":"https:\/\/rapidlogistic.hu\/de\/wp-json\/wp\/v2\/pages\/12049\/revisions\/12052"}],"wp:attachment":[{"href":"https:\/\/rapidlogistic.hu\/de\/wp-json\/wp\/v2\/media?parent=12049"}],"curies":[{"name":"wp","href":"https:\/\/api.w.org\/{rel}","templated":true}]}}