{"id":11760,"date":"2024-07-23T16:15:53","date_gmt":"2024-07-23T14:15:53","guid":{"rendered":"https:\/\/rapidlogistic.hu\/termek\/aluplast-ideal\/"},"modified":"2024-11-04T22:37:54","modified_gmt":"2024-11-04T21:37:54","slug":"aluplast-ideal","status":"publish","type":"product","link":"https:\/\/rapidlogistic.hu\/de\/produkt\/aluplast-ideal\/","title":{"rendered":"Aluplast Ideal"},"content":{"rendered":"<div class=\"wpb-content-wrapper\"><p>[vc_row disable_element=&#8220;yes&#8220; woodmart_css_id=&#8220;66940c7425c6f&#8220; responsive_spacing=&#8220;eyJwYXJhbV90eXBlIjoid29vZG1hcnRfcmVzcG9uc2l2ZV9zcGFjaW5nIiwic2VsZWN0b3JfaWQiOiI2Njk0MGM3NDI1YzZmIiwic2hvcnRjb2RlIjoidmNfcm93IiwiZGF0YSI6eyJ0YWJsZXQiOnt9LCJtb2JpbGUiOnt9fX0=&#8220; mobile_bg_img_hidden=&#8220;no&#8220; tablet_bg_img_hidden=&#8220;no&#8220; woodmart_parallax=&#8220;0&#8243; woodmart_gradient_switch=&#8220;no&#8220; woodmart_box_shadow=&#8220;no&#8220; wd_z_index=&#8220;no&#8220; woodmart_disable_overflow=&#8220;0&#8243; row_reverse_mobile=&#8220;0&#8243; row_reverse_tablet=&#8220;0&#8243;][vc_column]<style data-type=\"vc_shortcodes-custom-css\">.wd-rs-66a8ef2f5e274.wd-list .wd-icon{font-size: 12px;}.wd-rs-66a8ef37e1fd8.wd-list .wd-icon{font-size: 12px;}.wd-rs-66a8ef3e430c7.wd-list .wd-icon{font-size: 12px;}<\/style><div class=\"wpb-content-wrapper\">[vc_row content_placement=\"top\" woodmart_css_id=\"668e7ac82d535\" responsive_spacing=\"eyJwYXJhbV90eXBlIjoid29vZG1hcnRfcmVzcG9uc2l2ZV9zcGFjaW5nIiwic2VsZWN0b3JfaWQiOiI2NjhlN2FjODJkNTM1Iiwic2hvcnRjb2RlIjoidmNfcm93IiwiZGF0YSI6eyJ0YWJsZXQiOnt9LCJtb2JpbGUiOnt9fX0=\" mobile_bg_img_hidden=\"no\" tablet_bg_img_hidden=\"no\" woodmart_parallax=\"0\" woodmart_gradient_switch=\"no\" woodmart_box_shadow=\"no\" wd_z_index=\"no\" woodmart_disable_overflow=\"0\" row_reverse_mobile=\"0\" row_reverse_tablet=\"0\"][vc_column offset=\"vc_col-md-6\"]\n\t\t<div id=\"wd-668e74efccdfc\" class=\"title-wrapper wd-wpb wd-set-mb reset-last-child  wd-rs-668e74efccdfc wd-title-color-default wd-title-style-default text-left  wd-underline-colored\">\n\t\t\t\n\t\t\t<div class=\"liner-continer\">\n\t\t\t\t<h4 class=\"woodmart-title-container title  wd-font-weight- wd-fontsize-l\" >Aluplast Profil<\/h4>\n\t\t\t\t\t\t\t<\/div>\n\t\t\t\n\t\t\t\n\t\t\t\n\t\t<\/div>\n\t\t\n\t\t\t\t<div id=\"wd-668e776589dc5\" class=\"wd-text-block wd-wpb reset-last-child wd-rs-668e776589dc5 text-left \">\n\t\t\t<p><strong>Wir bieten zwei Arten von Haust\u00fcren aus Aluplast-Profilen an:<\/strong><\/p>\n\t\t<\/div>\n\t\t\n\t\t<ul class=\" wd-rs-66a8ef2f5e274 wd-list wd-wpb color-scheme- wd-fontsize-s wd-type-icon wd-style-default text-left \" id=\"wd-66a8ef2f5e274\">\n\t\t\t\t\t\t\t\t\t\t\t<li>\n\t\t\t\t\t<span class=\"wd-icon list-icon fas fa-angle-right\"><\/span>\n\t\t\t\t\t<span class=\"wd-list-content list-content\">\n\t\t\t\t\t\t\t\t\t\t\t\t\t5-Kammer-Eingangst\u00fcren, 97 oder 116 mm Fl\u00fcgelbreite - mit Aluminiumschwelle - mit 5-Punkt-Sicherheitsschloss - mit Aluminiumschwelle - mit dr\u00fcckerbet\u00e4tigtem Schloss - mit optionalem Zusatzschloss - 24 oder 36 mm, 2- oder 3-fach Verglasung\t\t\t\t\t\t\t\t\t\t\t<\/span>\n\t\t\t\t<\/li>\n\t\t\t\t\t\t\t\t\t\t\t<li>\n\t\t\t\t\t<span class=\"wd-icon list-icon fas fa-angle-right\"><\/span>\n\t\t\t\t\t<span class=\"wd-list-content list-content\">\n\t\t\t\t\t\t\t\t\t\t\t\t\t6 Luftkammern, 116 mm Fl\u00fcgelbreite - mit Aluminiumschwelle - mit 5-Punkt-Sicherheitsschloss - mit Aluminiumschwelle - mit griffbet\u00e4tigtem Schloss - mit optionalem Zusatzschloss - 48 mm 3-Schicht-Verglasung\t\t\t\t\t\t\t\t\t\t\t<\/span>\n\t\t\t\t<\/li>\n\t\t\t\t\t<\/ul>\n\t\t\t\t<div id=\"wd-668e7a702a162\" class=\"wd-text-block wd-wpb reset-last-child wd-rs-668e7a702a162 text-left \">\n\t\t\t<p>Eingangst\u00fcren k\u00f6nnen blank oder mit Stadionblenden und Glas bestellt werden, individuelle Vorstellungen k\u00f6nnen realisiert werden.<\/p>\n\t\t<\/div>\n\t\t[\/vc_column][vc_column offset=\"vc_col-md-6\"]\t\t<div id=\"wd-668e7a2451f45\" class=\"wd-image wd-wpb wd-rs-668e7a2451f45 text-left \">\n\t\t\t\n\t\t\t<img loading=\"lazy\" decoding=\"async\" width=\"1000\" height=\"654\" src=\"https:\/\/rapidlogistic.hu\/wp-content\/uploads\/2024\/07\/fukotherm-ajtopanelek.webp\" class=\"attachment-full size-full\" alt=\"\" srcset=\"https:\/\/rapidlogistic.hu\/wp-content\/uploads\/2024\/07\/fukotherm-ajtopanelek.webp 1000w, https:\/\/rapidlogistic.hu\/wp-content\/uploads\/2024\/07\/fukotherm-ajtopanelek-430x281.webp 430w, https:\/\/rapidlogistic.hu\/wp-content\/uploads\/2024\/07\/fukotherm-ajtopanelek-150x98.webp 150w, https:\/\/rapidlogistic.hu\/wp-content\/uploads\/2024\/07\/fukotherm-ajtopanelek-700x458.webp 700w, https:\/\/rapidlogistic.hu\/wp-content\/uploads\/2024\/07\/fukotherm-ajtopanelek-400x262.webp 400w, https:\/\/rapidlogistic.hu\/wp-content\/uploads\/2024\/07\/fukotherm-ajtopanelek-768x502.webp 768w\" sizes=\"auto, (max-width: 1000px) 100vw, 1000px\" \/>\n\t\t\t\t\t<\/div>\n\t\t[\/vc_column][\/vc_row][vc_row][vc_column][vc_separator css=\"\" wd_hide_on_desktop=\"no\" wd_hide_on_tablet=\"no\" wd_hide_on_mobile=\"no\"][\/vc_column][\/vc_row][vc_row content_placement=\"top\" woodmart_css_id=\"668e7bf1df6b0\" responsive_spacing=\"eyJwYXJhbV90eXBlIjoid29vZG1hcnRfcmVzcG9uc2l2ZV9zcGFjaW5nIiwic2VsZWN0b3JfaWQiOiI2NjhlN2JmMWRmNmIwIiwic2hvcnRjb2RlIjoidmNfcm93IiwiZGF0YSI6eyJ0YWJsZXQiOnt9LCJtb2JpbGUiOnt9fX0=\" mobile_bg_img_hidden=\"no\" tablet_bg_img_hidden=\"no\" woodmart_parallax=\"0\" woodmart_gradient_switch=\"no\" woodmart_box_shadow=\"no\" wd_z_index=\"no\" woodmart_disable_overflow=\"0\" row_reverse_mobile=\"0\" row_reverse_tablet=\"0\"][vc_column offset=\"vc_col-md-12\" woodmart_css_id=\"668e872a7513b\" parallax_scroll=\"no\" woodmart_sticky_column=\"false\" wd_collapsible_content_switcher=\"no\" wd_column_role_offcanvas_desktop=\"no\" wd_column_role_offcanvas_tablet=\"no\" wd_column_role_offcanvas_mobile=\"no\" wd_column_role_content_desktop=\"no\" wd_column_role_content_tablet=\"no\" wd_column_role_content_mobile=\"no\" mobile_bg_img_hidden=\"no\" tablet_bg_img_hidden=\"no\" woodmart_parallax=\"0\" woodmart_box_shadow=\"no\" responsive_spacing=\"eyJwYXJhbV90eXBlIjoid29vZG1hcnRfcmVzcG9uc2l2ZV9zcGFjaW5nIiwic2VsZWN0b3JfaWQiOiI2NjhlODcyYTc1MTNiIiwic2hvcnRjb2RlIjoidmNfY29sdW1uIiwiZGF0YSI6eyJ0YWJsZXQiOnt9LCJtb2JpbGUiOnt9fX0=\" mobile_reset_margin=\"no\" tablet_reset_margin=\"no\" wd_z_index=\"no\"]\n\t\t<div id=\"wd-668e74e2eeb16\" class=\"title-wrapper wd-wpb wd-set-mb reset-last-child  wd-rs-668e74e2eeb16 wd-title-color-default wd-title-style-default text-left  wd-underline-colored\">\n\t\t\t\n\t\t\t<div class=\"liner-continer\">\n\t\t\t\t<h4 class=\"woodmart-title-container title  wd-font-weight- wd-fontsize-l\" >Parameter<\/h4>\n\t\t\t\t\t\t\t<\/div>\n\t\t\t\n\t\t\t\n\t\t\t\n\t\t<\/div>\n\t\t\n\t\t[\/vc_column][\/vc_row][vc_row content_placement=\"top\" woodmart_css_id=\"668e7bf1df6b0\" responsive_spacing=\"eyJwYXJhbV90eXBlIjoid29vZG1hcnRfcmVzcG9uc2l2ZV9zcGFjaW5nIiwic2VsZWN0b3JfaWQiOiI2NjhlN2JmMWRmNmIwIiwic2hvcnRjb2RlIjoidmNfcm93IiwiZGF0YSI6eyJ0YWJsZXQiOnt9LCJtb2JpbGUiOnt9fX0=\" mobile_bg_img_hidden=\"no\" tablet_bg_img_hidden=\"no\" woodmart_parallax=\"0\" woodmart_gradient_switch=\"no\" woodmart_box_shadow=\"no\" wd_z_index=\"no\" woodmart_disable_overflow=\"0\" row_reverse_mobile=\"0\" row_reverse_tablet=\"0\"][vc_column offset=\"vc_col-md-6\"]\n\t\t<ul class=\" wd-rs-66a8ef37e1fd8 wd-list wd-wpb color-scheme- wd-fontsize-s wd-type-icon wd-style-default text-left \" id=\"wd-66a8ef37e1fd8\">\n\t\t\t\t\t\t\t\t\t\t\t<li>\n\t\t\t\t\t<span class=\"wd-icon list-icon fas fa-angle-right\"><\/span>\n\t\t\t\t\t<span class=\"wd-list-content list-content\">\n\t\t\t\t\t\t\t\t\t\t\t\t\tStandardabmessungen von PVC-Haust\u00fcren: Kastenbreite 960 - 1000 mm, Kastenh\u00f6he 2060 - 2160 mm\t\t\t\t\t\t\t\t\t\t\t<\/span>\n\t\t\t\t<\/li>\n\t\t\t\t\t\t\t\t\t\t\t<li>\n\t\t\t\t\t<span class=\"wd-icon list-icon fas fa-angle-right\"><\/span>\n\t\t\t\t\t<span class=\"wd-list-content list-content\">\n\t\t\t\t\t\t\t\t\t\t\t\t\t\u00d6ffnung - nach au\u00dfen oder nach innen \u00f6ffnend\t\t\t\t\t\t\t\t\t\t\t<\/span>\n\t\t\t\t<\/li>\n\t\t\t\t\t\t\t\t\t\t\t<li>\n\t\t\t\t\t<span class=\"wd-icon list-icon fas fa-angle-right\"><\/span>\n\t\t\t\t\t<span class=\"wd-list-content list-content\">\n\t\t\t\t\t\t\t\t\t\t\t\t\tStandardfarben: Goldene Eiche, Nussbaum, dunkle Eiche, Mahagoni, Anthrazitgrau\t\t\t\t\t\t\t\t\t\t\t<\/span>\n\t\t\t\t<\/li>\n\t\t\t\t\t\t\t\t\t\t\t<li>\n\t\t\t\t\t<span class=\"wd-icon list-icon fas fa-angle-right\"><\/span>\n\t\t\t\t\t<span class=\"wd-list-content list-content\">\n\t\t\t\t\t\t\t\t\t\t\t\t\tGro\u00dfe Auswahl an Eisenwaren\t\t\t\t\t\t\t\t\t\t\t<\/span>\n\t\t\t\t<\/li>\n\t\t\t\t\t<\/ul>\n\t\t[\/vc_column][vc_column offset=\"vc_col-md-6\"]\n\t\t<ul class=\" wd-rs-66a8ef3e430c7 wd-list wd-wpb color-scheme- wd-fontsize-s wd-type-icon wd-style-default text-left \" id=\"wd-66a8ef3e430c7\">\n\t\t\t\t\t\t\t\t\t\t\t<li>\n\t\t\t\t\t<span class=\"wd-icon list-icon fas fa-angle-right\"><\/span>\n\t\t\t\t\t<span class=\"wd-list-content list-content\">\n\t\t\t\t\t\t\t\t\t\t\t\t\tStandard - Schloss mit 4 Rollengriffen, 2 seitliche Griffe, 20 mm ALU-Schwelle; Glas: Klar\/Float oder Chinchilla\t\t\t\t\t\t\t\t\t\t\t<\/span>\n\t\t\t\t<\/li>\n\t\t\t\t\t\t\t\t\t\t\t<li>\n\t\t\t\t\t<span class=\"wd-icon list-icon fas fa-angle-right\"><\/span>\n\t\t\t\t\t<span class=\"wd-list-content list-content\">\n\t\t\t\t\t\t\t\t\t\t\t\t\tGl\u00e4ser: Ton oder Ornamente\t\t\t\t\t\t\t\t\t\t\t<\/span>\n\t\t\t\t<\/li>\n\t\t\t\t\t\t\t\t\t\t\t<li>\n\t\t\t\t\t<span class=\"wd-icon list-icon fas fa-angle-right\"><\/span>\n\t\t\t\t\t<span class=\"wd-list-content list-content\">\n\t\t\t\t\t\t\t\t\t\t\t\t\tAusf\u00fchrung der T\u00fcrfarbe: wei\u00df, einseitig oder beidseitig farbig\t\t\t\t\t\t\t\t\t\t\t<\/span>\n\t\t\t\t<\/li>\n\t\t\t\t\t\t\t\t\t\t\t<li>\n\t\t\t\t\t<span class=\"wd-icon list-icon fas fa-angle-right\"><\/span>\n\t\t\t\t\t<span class=\"wd-list-content list-content\">\n\t\t\t\t\t\t\t\t\t\t\t\t\tM\u00f6glichkeit, zus\u00e4tzliche Sicherheitsmerkmale hinzuzuf\u00fcgen\t\t\t\t\t\t\t\t\t\t\t<\/span>\n\t\t\t\t<\/li>\n\t\t\t\t\t<\/ul>\n\t\t[\/vc_column][\/vc_row]<\/div>[\/vc_column][\/vc_row][vc_row disable_element=&#8220;yes&#8220; woodmart_css_id=&#8220;66940c6bd7e2a&#8220; responsive_spacing=&#8220;eyJwYXJhbV90eXBlIjoid29vZG1hcnRfcmVzcG9uc2l2ZV9zcGFjaW5nIiwic2VsZWN0b3JfaWQiOiI2Njk0MGM2YmQ3ZTJhIiwic2hvcnRjb2RlIjoidmNfcm93IiwiZGF0YSI6eyJ0YWJsZXQiOnt9LCJtb2JpbGUiOnt9fX0=&#8220; mobile_bg_img_hidden=&#8220;no&#8220; tablet_bg_img_hidden=&#8220;no&#8220; woodmart_parallax=&#8220;0&#8243; woodmart_gradient_switch=&#8220;no&#8220; woodmart_box_shadow=&#8220;no&#8220; wd_z_index=&#8220;no&#8220; woodmart_disable_overflow=&#8220;0&#8243; row_reverse_mobile=&#8220;0&#8243; row_reverse_tablet=&#8220;0&#8243;][vc_column][vc_separator css=&#8220;&#8220; wd_hide_on_desktop=&#8220;no&#8220; wd_hide_on_tablet=&#8220;no&#8220; wd_hide_on_mobile=&#8220;no&#8220;][\/vc_column][\/vc_row][vc_row content_placement=&#8220;top&#8220; disable_element=&#8220;yes&#8220; woodmart_css_id=&#8220;66940c5b3c777&#8243; responsive_spacing=&#8220;eyJwYXJhbV90eXBlIjoid29vZG1hcnRfcmVzcG9uc2l2ZV9zcGFjaW5nIiwic2VsZWN0b3JfaWQiOiI2Njk0MGM1YjNjNzc3Iiwic2hvcnRjb2RlIjoidmNfcm93IiwiZGF0YSI6eyJ0YWJsZXQiOnt9LCJtb2JpbGUiOnt9fX0=&#8220; mobile_bg_img_hidden=&#8220;no&#8220; tablet_bg_img_hidden=&#8220;no&#8220; woodmart_parallax=&#8220;0&#8243; woodmart_gradient_switch=&#8220;no&#8220; woodmart_box_shadow=&#8220;no&#8220; wd_z_index=&#8220;no&#8220; woodmart_disable_overflow=&#8220;0&#8243; row_reverse_mobile=&#8220;0&#8243; row_reverse_tablet=&#8220;0&#8243;][vc_column offset=&#8220;vc_col-md-12&#8243; woodmart_css_id=&#8220;668e872a7513b&#8220; parallax_scroll=&#8220;no&#8220; woodmart_sticky_column=&#8220;false&#8220; wd_collapsible_content_switcher=&#8220;no&#8220; wd_column_role_offcanvas_desktop=&#8220;no&#8220; wd_column_role_offcanvas_tablet=&#8220;no&#8220; wd_column_role_offcanvas_mobile=&#8220;no&#8220; wd_column_role_content_desktop=&#8220;no&#8220; wd_column_role_content_tablet=&#8220;no&#8220; wd_column_role_content_mobile=&#8220;no&#8220; mobile_bg_img_hidden=&#8220;no&#8220; tablet_bg_img_hidden=&#8220;no&#8220; woodmart_parallax=&#8220;0&#8243; woodmart_box_shadow=&#8220;no&#8220; responsive_spacing=&#8220;eyJwYXJhbV90eXBlIjoid29vZG1hcnRfcmVzcG9uc2l2ZV9zcGFjaW5nIiwic2VsZWN0b3JfaWQiOiI2NjhlODcyYTc1MTNiIiwic2hvcnRjb2RlIjoidmNfY29sdW1uIiwiZGF0YSI6eyJ0YWJsZXQiOnt9LCJtb2JpbGUiOnt9fX0=&#8220; mobile_reset_margin=&#8220;no&#8220; tablet_reset_margin=&#8220;no&#8220; wd_z_index=&#8220;no&#8220;]\n\t\t<div id=\"wd-668e74e2eeb16\" class=\"title-wrapper wd-wpb wd-set-mb reset-last-child  wd-rs-668e74e2eeb16 wd-title-color-default wd-title-style-default text-left  wd-underline-colored\">\n\t\t\t\n\t\t\t<div class=\"liner-continer\">\n\t\t\t\t<h4 class=\"woodmart-title-container title  wd-font-weight- wd-fontsize-l\" >Parameter<\/h4>\n\t\t\t\t\t\t\t<\/div>\n\t\t\t\n\t\t\t\n\t\t\t\n\t\t<\/div>\n\t\t\n\t\t[\/vc_column][\/vc_row][vc_row content_placement=&#8220;top&#8220; disable_element=&#8220;yes&#8220; woodmart_css_id=&#8220;66940c627de91&#8243; responsive_spacing=&#8220;eyJwYXJhbV90eXBlIjoid29vZG1hcnRfcmVzcG9uc2l2ZV9zcGFjaW5nIiwic2VsZWN0b3JfaWQiOiI2Njk0MGM2MjdkZTkxIiwic2hvcnRjb2RlIjoidmNfcm93IiwiZGF0YSI6eyJ0YWJsZXQiOnt9LCJtb2JpbGUiOnt9fX0=&#8220; mobile_bg_img_hidden=&#8220;no&#8220; tablet_bg_img_hidden=&#8220;no&#8220; woodmart_parallax=&#8220;0&#8243; woodmart_gradient_switch=&#8220;no&#8220; woodmart_box_shadow=&#8220;no&#8220; wd_z_index=&#8220;no&#8220; woodmart_disable_overflow=&#8220;0&#8243; row_reverse_mobile=&#8220;0&#8243; row_reverse_tablet=&#8220;0&#8243;][vc_column offset=&#8220;vc_col-md-6&#8243;]\n\t\t<div id=\"wd-66918eb2a1b63\" class=\"title-wrapper wd-wpb wd-set-mb reset-last-child  wd-rs-66918eb2a1b63 wd-title-color-default wd-title-style-default text-left  wd-underline-colored\">\n\t\t\t\n\t\t\t<div class=\"liner-continer\">\n\t\t\t\t<h4 class=\"woodmart-title-container title  wd-font-weight- wd-fontsize-l\" >Informationen von<\/h4>\n\t\t\t\t\t\t\t<\/div>\n\t\t\t\n\t\t\t\n\t\t\t\n\t\t<\/div>\n\t\t\n\t\t\n\t\t<ul class=\" wd-rs-6693f9b0d445d wd-list wd-wpb color-scheme- wd-fontsize-xs wd-type-icon wd-style-default text-left \" id=\"wd-6693f9b0d445d\">\n\t\t\t\t\t\t\t\t\t\t\t<li>\n\t\t\t\t\t<span class=\"wd-icon list-icon fas fa-angle-right\"><\/span>\n\t\t\t\t\t<span class=\"wd-list-content list-content\">\n\t\t\t\t\t\t\t\t\t\t\t\t\t5-Kammer, 70 mm Einbautiefe\t\t\t\t\t\t\t\t\t\t\t<\/span>\n\t\t\t\t<\/li>\n\t\t\t\t\t\t\t\t\t\t\t<li>\n\t\t\t\t\t<span class=\"wd-icon list-icon fas fa-angle-right\"><\/span>\n\t\t\t\t\t<span class=\"wd-list-content list-content\">\n\t\t\t\t\t\t\t\t\t\t\t\t\tSchmale Konstruktion, feine Rundungen und abgeschr\u00e4gte Kanten verleihen dem Profil ein modernes und elegantes Aussehen\t\t\t\t\t\t\t\t\t\t\t<\/span>\n\t\t\t\t<\/li>\n\t\t\t\t\t\t\t\t\t\t\t<li>\n\t\t\t\t\t<span class=\"wd-icon list-icon fas fa-angle-right\"><\/span>\n\t\t\t\t\t<span class=\"wd-list-content list-content\">\n\t\t\t\t\t\t\t\t\t\t\t\t\tDer 13-mm-Abstand der Hammernut sorgt f\u00fcr optimalen Einbruchschutz\t\t\t\t\t\t\t\t\t\t\t<\/span>\n\t\t\t\t<\/li>\n\t\t\t\t\t\t\t\t\t\t\t<li>\n\t\t\t\t\t<span class=\"wd-icon list-icon fas fa-angle-right\"><\/span>\n\t\t\t\t\t<span class=\"wd-list-content list-content\">\n\t\t\t\t\t\t\t\t\t\t\t\t\tUnsichtbare Gummidichtung um das Glas herum\t\t\t\t\t\t\t\t\t\t\t<\/span>\n\t\t\t\t<\/li>\n\t\t\t\t\t\t\t\t\t\t\t<li>\n\t\t\t\t\t<span class=\"wd-icon list-icon fas fa-angle-right\"><\/span>\n\t\t\t\t\t<span class=\"wd-list-content list-content\">\n\t\t\t\t\t\t\t\t\t\t\t\t\tDie einzigartige Form und die EPDM-Dichtung in den speziellen Kan\u00e4len gew\u00e4hrleisten eine perfekte Abdichtung und eine lange Nutzungsdauer\t\t\t\t\t\t\t\t\t\t\t<\/span>\n\t\t\t\t<\/li>\n\t\t\t\t\t<\/ul>\n\t\t\t\t<div class=\"wd-el-video wd-wpb wd-rs-66940eb5bf23a wd-action-without wd-video-youtube\">\n\t\t\t\t\t\t\t<iframe src=\"https:\/\/www.youtube.com\/embed\/dLV_UoTBEkA?feature=oembed&loop=0&mute=0&controls=1&autoplay=0\" allowfullscreen allow=\"accelerometer; autoplay; encrypted-media; gyroscope; picture-in-picture\" width=\"100%\" height=\"100%\" loading=\"lazy\" aria-label=\"Video player\"><\/iframe>\t\t\t\n\t\t\t\n\t\t\t\n\t\t\t\t\t<\/div>\n\t\t[\/vc_column][vc_column offset=&#8220;vc_col-md-6&#8243;]\n\t\t<div id=\"wd-66918e92a4c3e\" class=\"title-wrapper wd-wpb wd-set-mb reset-last-child  wd-rs-66918e92a4c3e wd-title-color-default wd-title-style-default text-left  wd-underline-colored\">\n\t\t\t\n\t\t\t<div class=\"liner-continer\">\n\t\t\t\t<h4 class=\"woodmart-title-container title  wd-font-weight- wd-fontsize-l\" >Technische Informationen<\/h4>\n\t\t\t\t\t\t\t<\/div>\n\t\t\t\n\t\t\t\n\t\t\t\n\t\t<\/div>\n\t\t\n\t\t\n\t\t<ul class=\" wd-rs-6693fbdb9ddd7 wd-list wd-wpb color-scheme- wd-fontsize-xs wd-type-icon wd-style-default text-left \" id=\"wd-6693fbdb9ddd7\">\n\t\t\t\t\t\t\t\t\t\t\t<li>\n\t\t\t\t\t<span class=\"wd-icon list-icon fas fa-angle-right\"><\/span>\n\t\t\t\t\t<span class=\"wd-list-content list-content\">\n\t\t\t\t\t\t\t\t\t\t\t\t\tSteifigkeit: in Stahlankern verankert\t\t\t\t\t\t\t\t\t\t\t<\/span>\n\t\t\t\t<\/li>\n\t\t\t\t\t\t\t\t\t\t\t<li>\n\t\t\t\t\t<span class=\"wd-icon list-icon fas fa-angle-right\"><\/span>\n\t\t\t\t\t<span class=\"wd-list-content list-content\">\n\t\t\t\t\t\t\t\t\t\t\t\t\tWassalat: Winkhaus und Siegenia Aubi\t\t\t\t\t\t\t\t\t\t\t<\/span>\n\t\t\t\t<\/li>\n\t\t\t\t\t\t\t\t\t\t\t<li>\n\t\t\t\t\t<span class=\"wd-icon list-icon fas fa-angle-right\"><\/span>\n\t\t\t\t\t<span class=\"wd-list-content list-content\">\n\t\t\t\t\t\t\t\t\t\t\t\t\tGummidichtung: doppelt umlaufendes graues EPDM\t\t\t\t\t\t\t\t\t\t\t<\/span>\n\t\t\t\t<\/li>\n\t\t\t\t\t\t\t\t\t\t\t<li>\n\t\t\t\t\t<span class=\"wd-icon list-icon fas fa-angle-right\"><\/span>\n\t\t\t\t\t<span class=\"wd-list-content list-content\">\n\t\t\t\t\t\t\t\t\t\t\t\t\tEinbautiefe: 70 mm\t\t\t\t\t\t\t\t\t\t\t<\/span>\n\t\t\t\t<\/li>\n\t\t\t\t\t\t\t\t\t\t\t<li>\n\t\t\t\t\t<span class=\"wd-icon list-icon fas fa-angle-right\"><\/span>\n\t\t\t\t\t<span class=\"wd-list-content list-content\">\n\t\t\t\t\t\t\t\t\t\t\t\t\tGlas: k=1,0 W\/m2K\t\t\t\t\t\t\t\t\t\t\t<\/span>\n\t\t\t\t<\/li>\n\t\t\t\t\t\t\t\t\t\t\t<li>\n\t\t\t\t\t<span class=\"wd-icon list-icon fas fa-angle-right\"><\/span>\n\t\t\t\t\t<span class=\"wd-list-content list-content\">\n\t\t\t\t\t\t\t\t\t\t\t\t\tFarbe: RAL9016 wei\u00df\t\t\t\t\t\t\t\t\t\t\t<\/span>\n\t\t\t\t<\/li>\n\t\t\t\t\t\t\t\t\t\t\t<li>\n\t\t\t\t\t<span class=\"wd-icon list-icon fas fa-angle-right\"><\/span>\n\t\t\t\t\t<span class=\"wd-list-content list-content\">\n\t\t\t\t\t\t\t\t\t\t\t\t\tZus\u00e4tzliche Eisenstangenelemente: Spaltl\u00fcftung, St\u00f6rungssperre\t\t\t\t\t\t\t\t\t\t\t<\/span>\n\t\t\t\t<\/li>\n\t\t\t\t\t\t\t\t\t\t\t<li>\n\t\t\t\t\t<span class=\"wd-icon list-icon fas fa-angle-right\"><\/span>\n\t\t\t\t\t<span class=\"wd-list-content list-content\">\n\t\t\t\t\t\t\t\t\t\t\t\t\tBefestigungselemente: 15mm, 35mm, 60mm, 100mm\t\t\t\t\t\t\t\t\t\t\t<\/span>\n\t\t\t\t<\/li>\n\t\t\t\t\t\t\t\t\t\t\t<li>\n\t\t\t\t\t<span class=\"wd-icon list-icon fas fa-angle-right\"><\/span>\n\t\t\t\t\t<span class=\"wd-list-content list-content\">\n\t\t\t\t\t\t\t\t\t\t\t\t\tOhne Aufpreis!\t\t\t\t\t\t\t\t\t\t\t<\/span>\n\t\t\t\t<\/li>\n\t\t\t\t\t<\/ul>\n\t\t[\/vc_column][\/vc_row][vc_row content_placement=&#8220;top&#8220; woodmart_css_id=&#8220;66940f26d1ee3&#8243; responsive_spacing=&#8220;eyJwYXJhbV90eXBlIjoid29vZG1hcnRfcmVzcG9uc2l2ZV9zcGFjaW5nIiwic2VsZWN0b3JfaWQiOiI2Njk0MGYyNmQxZWUzIiwic2hvcnRjb2RlIjoidmNfcm93IiwiZGF0YSI6eyJ0YWJsZXQiOnt9LCJtb2JpbGUiOnt9fX0=&#8220; mobile_bg_img_hidden=&#8220;no&#8220; tablet_bg_img_hidden=&#8220;no&#8220; woodmart_parallax=&#8220;0&#8243; woodmart_gradient_switch=&#8220;no&#8220; woodmart_box_shadow=&#8220;no&#8220; wd_z_index=&#8220;no&#8220; woodmart_disable_overflow=&#8220;0&#8243; row_reverse_mobile=&#8220;0&#8243; row_reverse_tablet=&#8220;0&#8243;][vc_column offset=&#8220;vc_col-md-6&#8243;]\n\t\t<div id=\"wd-66918eb2a1b63\" class=\"title-wrapper wd-wpb wd-set-mb reset-last-child  wd-rs-66918eb2a1b63 wd-title-color-default wd-title-style-default text-left  wd-underline-colored\">\n\t\t\t\n\t\t\t<div class=\"liner-continer\">\n\t\t\t\t<h4 class=\"woodmart-title-container title  wd-font-weight- wd-fontsize-l\" >Informationen von<\/h4>\n\t\t\t\t\t\t\t<\/div>\n\t\t\t\n\t\t\t\n\t\t\t\n\t\t<\/div>\n\t\t\n\t\t\t\t<div class=\"wd-el-video wd-wpb wd-rs-66940eb5bf23a wd-action-without wd-video-youtube\">\n\t\t\t\t\t\t\t<iframe src=\"https:\/\/www.youtube.com\/embed\/dLV_UoTBEkA?feature=oembed&loop=0&mute=0&controls=1&autoplay=0\" allowfullscreen allow=\"accelerometer; autoplay; encrypted-media; gyroscope; picture-in-picture\" width=\"100%\" height=\"100%\" loading=\"lazy\" aria-label=\"Video player\"><\/iframe>\t\t\t\n\t\t\t\n\t\t\t\n\t\t\t\t\t<\/div>\n\t\t[\/vc_column][vc_column offset=&#8220;vc_col-md-6&#8243;][\/vc_column][\/vc_row]<\/p>\n<\/div>","protected":false},"excerpt":{"rendered":"<p>ALUPLAST IDEAL Schiebefenstersysteme sorgen f\u00fcr lichtdurchflutete R\u00e4ume. Ideal-Systeme sind in verschiedenen Tiefen erh\u00e4ltlich, die mit dem ALUPLAST-Zubeh\u00f6r kompatibel sind. <\/p>\n<p><strong>Typen:<\/strong><\/p>\n<ul>\n<li>Ideal 4000 70 mm<\/li>\n<li>Ideal 7000<\/li>\n<li>Ideal 8000 MD 85 mm<\/li>\n<\/ul>\n<p>Diese Art von Konstruktion wird mit Standard-Fensterprofilen hergestellt. Das Verschieben der Fl\u00fcgel ist dank eines speziellen Scharniermechanismus m\u00f6glich. Wenn der Griff aus der geschlossenen Position gedreht wird, gleitet der Fl\u00fcgel senkrecht zur Fensterebene in den Raum und bewegt sich dann zur Seite. Der T\u00fcrfl\u00fcgel hat auch eine Kippfunktion. Die Vorteile dieser L\u00f6sung liegen in ihrem moderaten Preis. Zu den Nachteilen geh\u00f6ren eine hohe Schwelle in Form eines Fensterrahmens und Probleme beim \u00d6ffnen und Schlie\u00dfen der Fl\u00fcgel, die bei unsachgem\u00e4\u00dfer Anwendung auftreten k\u00f6nnen.    <\/p>\n","protected":false},"featured_media":11761,"comment_status":"closed","ping_status":"closed","template":"","meta":[],"product_brand":[],"product_cat":[317,334],"product_tag":[337,325,318,321,399,385],"class_list":{"0":"post-11760","1":"product","2":"type-product","3":"status-publish","4":"has-post-thumbnail","6":"product_cat-aluplast-de","7":"product_cat-schiebetueren-aus-kunststoff","8":"product_tag-aluplast-ideal-de","9":"product_tag-aluplast-profil-de","10":"product_tag-aluplast-tur","11":"product_tag-kunststofftur","12":"product_tag-schiebe-und-pendeltueren","13":"product_tag-schiebetuer-aus-kunststoff","15":"first","16":"instock","17":"shipping-taxable","18":"product-type-simple"},"_links":{"self":[{"href":"https:\/\/rapidlogistic.hu\/de\/wp-json\/wp\/v2\/product\/11760","targetHints":{"allow":["GET"]}}],"collection":[{"href":"https:\/\/rapidlogistic.hu\/de\/wp-json\/wp\/v2\/product"}],"about":[{"href":"https:\/\/rapidlogistic.hu\/de\/wp-json\/wp\/v2\/types\/product"}],"replies":[{"embeddable":true,"href":"https:\/\/rapidlogistic.hu\/de\/wp-json\/wp\/v2\/comments?post=11760"}],"wp:featuredmedia":[{"embeddable":true,"href":"https:\/\/rapidlogistic.hu\/de\/wp-json\/wp\/v2\/media\/11761"}],"wp:attachment":[{"href":"https:\/\/rapidlogistic.hu\/de\/wp-json\/wp\/v2\/media?parent=11760"}],"wp:term":[{"taxonomy":"product_brand","embeddable":true,"href":"https:\/\/rapidlogistic.hu\/de\/wp-json\/wp\/v2\/product_brand?post=11760"},{"taxonomy":"product_cat","embeddable":true,"href":"https:\/\/rapidlogistic.hu\/de\/wp-json\/wp\/v2\/product_cat?post=11760"},{"taxonomy":"product_tag","embeddable":true,"href":"https:\/\/rapidlogistic.hu\/de\/wp-json\/wp\/v2\/product_tag?post=11760"}],"curies":[{"name":"wp","href":"https:\/\/api.w.org\/{rel}","templated":true}]}}