{"id":11762,"date":"2024-07-23T12:44:49","date_gmt":"2024-07-23T10:44:49","guid":{"rendered":"https:\/\/rapidlogistic.hu\/termek\/aluplast-ideal-7000\/"},"modified":"2024-11-04T22:39:20","modified_gmt":"2024-11-04T21:39:20","slug":"aluplast-ideal-7000","status":"publish","type":"product","link":"https:\/\/rapidlogistic.hu\/de\/produkt\/aluplast-ideal-7000\/","title":{"rendered":"Aluplast Ideal 7000"},"content":{"rendered":"<div class=\"wpb-content-wrapper\"><p>[vc_row woodmart_css_id=&#8220;668c1c35728f9&#8243; responsive_spacing=&#8220;eyJwYXJhbV90eXBlIjoid29vZG1hcnRfcmVzcG9uc2l2ZV9zcGFjaW5nIiwic2VsZWN0b3JfaWQiOiI2NjhjMWMzNTcyOGY5Iiwic2hvcnRjb2RlIjoidmNfcm93IiwiZGF0YSI6eyJ0YWJsZXQiOnt9LCJtb2JpbGUiOnt9fX0=&#8220; mobile_bg_img_hidden=&#8220;no&#8220; tablet_bg_img_hidden=&#8220;no&#8220; woodmart_parallax=&#8220;0&#8243; woodmart_gradient_switch=&#8220;no&#8220; woodmart_box_shadow=&#8220;no&#8220; wd_z_index=&#8220;no&#8220; woodmart_disable_overflow=&#8220;0&#8243; row_reverse_mobile=&#8220;0&#8243; row_reverse_tablet=&#8220;0&#8243;][vc_column]<style data-type=\"vc_shortcodes-custom-css\">.wd-rs-66a8e962de0cc.wd-list .wd-icon{font-size: 12px;}<\/style><div class=\"wpb-content-wrapper\">[vc_row content_placement=\"top\" woodmart_css_id=\"668e7ac82d535\" responsive_spacing=\"eyJwYXJhbV90eXBlIjoid29vZG1hcnRfcmVzcG9uc2l2ZV9zcGFjaW5nIiwic2VsZWN0b3JfaWQiOiI2NjhlN2FjODJkNTM1Iiwic2hvcnRjb2RlIjoidmNfcm93IiwiZGF0YSI6eyJ0YWJsZXQiOnt9LCJtb2JpbGUiOnt9fX0=\" mobile_bg_img_hidden=\"no\" tablet_bg_img_hidden=\"no\" woodmart_parallax=\"0\" woodmart_gradient_switch=\"no\" woodmart_box_shadow=\"no\" wd_z_index=\"no\" woodmart_disable_overflow=\"0\" row_reverse_mobile=\"0\" row_reverse_tablet=\"0\"][vc_column offset=\"vc_col-md-6\"]\n\t\t<div id=\"wd-66a8ea4428f66\" class=\"title-wrapper wd-wpb wd-set-mb reset-last-child  wd-rs-66a8ea4428f66 wd-title-color-default wd-title-style-default text-left  wd-underline-colored\">\n\t\t\t\n\t\t\t<div class=\"liner-continer\">\n\t\t\t\t<h4 class=\"woodmart-title-container title  wd-font-weight- wd-fontsize-l\" >Aluplast Kunststoff-Fensterprofil<\/h4>\n\t\t\t\t\t\t\t<\/div>\n\t\t\t\n\t\t\t\n\t\t\t\n\t\t<\/div>\n\t\t\n\t\t\t\t<div id=\"wd-6691668bd2192\" class=\"wd-text-block wd-wpb reset-last-child wd-rs-6691668bd2192 text-left \">\n\t\t\t<p>Das Fenster soll mehr bieten als nur ein gl\u00e4nzendes \u00c4u\u00dferes und eine klare Sicht. Es muss zum Beispiel den hohen Anspr\u00fcchen von Bauherren gen\u00fcgen oder Ihre individuellen W\u00fcnsche perfekt erf\u00fcllen. So wie die Kunststofffenster von Aluplast, die einen neuen Standard in der Fensterbranche gesetzt haben.<\/p>\n\t\t<\/div>\n\t\t\n\t\t<ul class=\" wd-rs-66a8e962de0cc wd-list wd-wpb color-scheme- wd-fontsize-s wd-type-icon wd-style-default text-left \" id=\"wd-66a8e962de0cc\">\n\t\t\t\t\t\t\t\t\t\t\t<li>\n\t\t\t\t\t<span class=\"wd-icon list-icon fas fa-angle-right\"><\/span>\n\t\t\t\t\t<span class=\"wd-list-content list-content\">\n\t\t\t\t\t\t\t\t\t\t\t\t\tIdeal f\u00fcr alle, die weder bei den optischen noch bei den technischen Aspekten Kompromisse eingehen wollen.\t\t\t\t\t\t\t\t\t\t\t<\/span>\n\t\t\t\t<\/li>\n\t\t\t\t\t\t\t\t\t\t\t<li>\n\t\t\t\t\t<span class=\"wd-icon list-icon fas fa-angle-right\"><\/span>\n\t\t\t\t\t<span class=\"wd-list-content list-content\">\n\t\t\t\t\t\t\t\t\t\t\t\t\tDie deutschen Aluplast-Profilfenster sind Ideal 4000, 5 Luftkammern, und Ideal 7000 und Ideal 8000MD mit Mitteldichtung, 6 Luftkammern.\t\t\t\t\t\t\t\t\t\t\t<\/span>\n\t\t\t\t<\/li>\n\t\t\t\t\t\t\t\t\t\t\t<li>\n\t\t\t\t\t<span class=\"wd-icon list-icon fas fa-angle-right\"><\/span>\n\t\t\t\t\t<span class=\"wd-list-content list-content\">\n\t\t\t\t\t\t\t\t\t\t\t\t\tDie Fenster k\u00f6nnen mit Winkhaus- und Siegenia-Aubi-Beschl\u00e4gen gefertigt werden und enthalten im Grundpreis einen L\u00fcftungsbeschlag sowie eine Ausfallsicherung f\u00fcr den Kippfl\u00fcgel. \t\t\t\t\t\t\t\t\t\t\t<\/span>\n\t\t\t\t<\/li>\n\t\t\t\t\t<\/ul>\n\t\t[\/vc_column][vc_column offset=\"vc_col-md-6\"]\t\t<div id=\"wd-66918b4cb9572\" class=\"wd-image wd-wpb wd-rs-66918b4cb9572 text-left \">\n\t\t\t\n\t\t\t<img loading=\"lazy\" decoding=\"async\" width=\"1024\" height=\"768\" src=\"https:\/\/rapidlogistic.hu\/wp-content\/uploads\/2024\/07\/aluplast-muanyag-ablakok.jpg\" class=\"attachment-full size-full\" alt=\"Aluplast m\u0171anyag ablakok\" srcset=\"https:\/\/rapidlogistic.hu\/wp-content\/uploads\/2024\/07\/aluplast-muanyag-ablakok.jpg 1024w, https:\/\/rapidlogistic.hu\/wp-content\/uploads\/2024\/07\/aluplast-muanyag-ablakok-430x323.jpg 430w, https:\/\/rapidlogistic.hu\/wp-content\/uploads\/2024\/07\/aluplast-muanyag-ablakok-150x113.jpg 150w, https:\/\/rapidlogistic.hu\/wp-content\/uploads\/2024\/07\/aluplast-muanyag-ablakok-700x525.jpg 700w, https:\/\/rapidlogistic.hu\/wp-content\/uploads\/2024\/07\/aluplast-muanyag-ablakok-400x300.jpg 400w, https:\/\/rapidlogistic.hu\/wp-content\/uploads\/2024\/07\/aluplast-muanyag-ablakok-768x576.jpg 768w\" sizes=\"auto, (max-width: 1024px) 100vw, 1024px\" \/>\n\t\t\t\t\t<\/div>\n\t\t[\/vc_column][\/vc_row]<\/div>[\/vc_column][\/vc_row][vc_row][vc_column][vc_separator css=&#8220;&#8220; wd_hide_on_desktop=&#8220;no&#8220; wd_hide_on_tablet=&#8220;no&#8220; wd_hide_on_mobile=&#8220;no&#8220;][\/vc_column][\/vc_row][vc_row content_placement=&#8220;top&#8220; woodmart_css_id=&#8220;668e7bf1df6b0&#8243; responsive_spacing=&#8220;eyJwYXJhbV90eXBlIjoid29vZG1hcnRfcmVzcG9uc2l2ZV9zcGFjaW5nIiwic2VsZWN0b3JfaWQiOiI2NjhlN2JmMWRmNmIwIiwic2hvcnRjb2RlIjoidmNfcm93IiwiZGF0YSI6eyJ0YWJsZXQiOnt9LCJtb2JpbGUiOnt9fX0=&#8220; mobile_bg_img_hidden=&#8220;no&#8220; tablet_bg_img_hidden=&#8220;no&#8220; woodmart_parallax=&#8220;0&#8243; woodmart_gradient_switch=&#8220;no&#8220; woodmart_box_shadow=&#8220;no&#8220; wd_z_index=&#8220;no&#8220; woodmart_disable_overflow=&#8220;0&#8243; row_reverse_mobile=&#8220;0&#8243; row_reverse_tablet=&#8220;0&#8243;][vc_column offset=&#8220;vc_col-md-12&#8243; woodmart_css_id=&#8220;668e872a7513b&#8220; parallax_scroll=&#8220;no&#8220; woodmart_sticky_column=&#8220;false&#8220; wd_collapsible_content_switcher=&#8220;no&#8220; wd_column_role_offcanvas_desktop=&#8220;no&#8220; wd_column_role_offcanvas_tablet=&#8220;no&#8220; wd_column_role_offcanvas_mobile=&#8220;no&#8220; wd_column_role_content_desktop=&#8220;no&#8220; wd_column_role_content_tablet=&#8220;no&#8220; wd_column_role_content_mobile=&#8220;no&#8220; mobile_bg_img_hidden=&#8220;no&#8220; tablet_bg_img_hidden=&#8220;no&#8220; woodmart_parallax=&#8220;0&#8243; woodmart_box_shadow=&#8220;no&#8220; responsive_spacing=&#8220;eyJwYXJhbV90eXBlIjoid29vZG1hcnRfcmVzcG9uc2l2ZV9zcGFjaW5nIiwic2VsZWN0b3JfaWQiOiI2NjhlODcyYTc1MTNiIiwic2hvcnRjb2RlIjoidmNfY29sdW1uIiwiZGF0YSI6eyJ0YWJsZXQiOnt9LCJtb2JpbGUiOnt9fX0=&#8220; mobile_reset_margin=&#8220;no&#8220; tablet_reset_margin=&#8220;no&#8220; wd_z_index=&#8220;no&#8220;]\n\t\t<div id=\"wd-66918eb2a1b63\" class=\"title-wrapper wd-wpb wd-set-mb reset-last-child  wd-rs-66918eb2a1b63 wd-title-color-default wd-title-style-default text-left  wd-underline-colored\">\n\t\t\t\n\t\t\t<div class=\"liner-continer\">\n\t\t\t\t<h4 class=\"woodmart-title-container title  wd-font-weight- wd-fontsize-l\" >Informationen von<\/h4>\n\t\t\t\t\t\t\t<\/div>\n\t\t\t\n\t\t\t\n\t\t\t\n\t\t<\/div>\n\t\t\n\t\t[\/vc_column][\/vc_row][vc_row content_placement=&#8220;top&#8220; woodmart_css_id=&#8220;668e7bf1df6b0&#8243; responsive_spacing=&#8220;eyJwYXJhbV90eXBlIjoid29vZG1hcnRfcmVzcG9uc2l2ZV9zcGFjaW5nIiwic2VsZWN0b3JfaWQiOiI2NjhlN2JmMWRmNmIwIiwic2hvcnRjb2RlIjoidmNfcm93IiwiZGF0YSI6eyJ0YWJsZXQiOnt9LCJtb2JpbGUiOnt9fX0=&#8220; mobile_bg_img_hidden=&#8220;no&#8220; tablet_bg_img_hidden=&#8220;no&#8220; woodmart_parallax=&#8220;0&#8243; woodmart_gradient_switch=&#8220;no&#8220; woodmart_box_shadow=&#8220;no&#8220; wd_z_index=&#8220;no&#8220; woodmart_disable_overflow=&#8220;0&#8243; row_reverse_mobile=&#8220;0&#8243; row_reverse_tablet=&#8220;0&#8243;][vc_column offset=&#8220;vc_col-md-6&#8243;]\n\t\t<ul class=\" wd-rs-66adfe5cb5e52 wd-list wd-wpb color-scheme- wd-fontsize-s wd-type-icon wd-style-default text-left \" id=\"wd-66adfe5cb5e52\">\n\t\t\t\t\t\t\t\t\t\t\t<li>\n\t\t\t\t\t<span class=\"wd-icon list-icon fas fa-angle-right\"><\/span>\n\t\t\t\t\t<span class=\"wd-list-content list-content\">\n\t\t\t\t\t\t\t\t\t\t\t\t\t6 Luftkammerprofile, Einbautiefe 85 mm\t\t\t\t\t\t\t\t\t\t\t<\/span>\n\t\t\t\t<\/li>\n\t\t\t\t\t\t\t\t\t\t\t<li>\n\t\t\t\t\t<span class=\"wd-icon list-icon fas fa-angle-right\"><\/span>\n\t\t\t\t\t<span class=\"wd-list-content list-content\">\n\t\t\t\t\t\t\t\t\t\t\t\t\t4\/18Ar\/4\/18Ar\/4 Ug= 0,5 [W\/m2K]\t\t\t\t\t\t\t\t\t\t\t<\/span>\n\t\t\t\t<\/li>\n\t\t\t\t\t\t\t\t\t\t\t<li>\n\t\t\t\t\t<span class=\"wd-icon list-icon fas fa-angle-right\"><\/span>\n\t\t\t\t\t<span class=\"wd-list-content list-content\">\n\t\t\t\t\t\t\t\t\t\t\t\t\tbis zu 51 mm Glasst\u00e4rke\t\t\t\t\t\t\t\t\t\t\t<\/span>\n\t\t\t\t<\/li>\n\t\t\t\t\t\t\t\t\t\t\t<li>\n\t\t\t\t\t<span class=\"wd-icon list-icon fas fa-angle-right\"><\/span>\n\t\t\t\t\t<span class=\"wd-list-content list-content\">\n\t\t\t\t\t\t\t\t\t\t\t\t\tWinkhaus und Siegenia Aubi mit Eisenwaren\t\t\t\t\t\t\t\t\t\t\t<\/span>\n\t\t\t\t<\/li>\n\t\t\t\t\t<\/ul>\n\t\t[\/vc_column][vc_column offset=&#8220;vc_col-md-6&#8243;]\n\t\t<ul class=\" wd-rs-66adfe63b1822 wd-list wd-wpb color-scheme- wd-fontsize-s wd-type-icon wd-style-default text-left \" id=\"wd-66adfe63b1822\">\n\t\t\t\t\t\t\t\t\t\t\t<li>\n\t\t\t\t\t<span class=\"wd-icon list-icon fas fa-angle-right\"><\/span>\n\t\t\t\t\t<span class=\"wd-list-content list-content\">\n\t\t\t\t\t\t\t\t\t\t\t\t\tIdomac-Stahlendst\u00fcck\t\t\t\t\t\t\t\t\t\t\t<\/span>\n\t\t\t\t<\/li>\n\t\t\t\t\t\t\t\t\t\t\t<li>\n\t\t\t\t\t<span class=\"wd-icon list-icon fas fa-angle-right\"><\/span>\n\t\t\t\t\t<span class=\"wd-list-content list-content\">\n\t\t\t\t\t\t\t\t\t\t\t\t\tSicherheit bis zu RC 2\t\t\t\t\t\t\t\t\t\t\t<\/span>\n\t\t\t\t<\/li>\n\t\t\t\t\t\t\t\t\t\t\t<li>\n\t\t\t\t\t<span class=\"wd-icon list-icon fas fa-angle-right\"><\/span>\n\t\t\t\t\t<span class=\"wd-list-content list-content\">\n\t\t\t\t\t\t\t\t\t\t\t\t\tL\u00e4rmschutz bis zu 46 dB\t\t\t\t\t\t\t\t\t\t\t<\/span>\n\t\t\t\t<\/li>\n\t\t\t\t\t<\/ul>\n\t\t[\/vc_column][\/vc_row]<\/p>\n<\/div>","protected":false},"excerpt":{"rendered":"<p>Das System Aluplast IDEAL 7000 garantiert beste Qualit\u00e4t und Energieeffizienz. Es ist die ideale Wahl f\u00fcr Plattenh\u00e4user, Einfamilienh\u00e4user und energieeffiziente H\u00e4user. Die moderne Architektur verlangt nach neuen Standards im technischen, funktionalen und \u00e4sthetischen Bereich. Es passt sich dank seines geraden Fl\u00fcgeldesigns der minimalistischen Architektur an.<\/p>\n","protected":false},"featured_media":10297,"comment_status":"closed","ping_status":"closed","template":"","meta":[],"product_brand":[],"product_cat":[317,333],"product_tag":[342,339,325,384],"class_list":{"0":"post-11762","1":"product","2":"type-product","3":"status-publish","4":"has-post-thumbnail","6":"product_cat-aluplast-de","7":"product_cat-kunststoff-fenster","8":"product_tag-aluplast-fenster","9":"product_tag-aluplast-ideal-7000-de","10":"product_tag-aluplast-profil-de","11":"product_tag-kunststoff-fenster","13":"first","14":"instock","15":"shipping-taxable","16":"product-type-simple"},"_links":{"self":[{"href":"https:\/\/rapidlogistic.hu\/de\/wp-json\/wp\/v2\/product\/11762","targetHints":{"allow":["GET"]}}],"collection":[{"href":"https:\/\/rapidlogistic.hu\/de\/wp-json\/wp\/v2\/product"}],"about":[{"href":"https:\/\/rapidlogistic.hu\/de\/wp-json\/wp\/v2\/types\/product"}],"replies":[{"embeddable":true,"href":"https:\/\/rapidlogistic.hu\/de\/wp-json\/wp\/v2\/comments?post=11762"}],"wp:featuredmedia":[{"embeddable":true,"href":"https:\/\/rapidlogistic.hu\/de\/wp-json\/wp\/v2\/media\/10297"}],"wp:attachment":[{"href":"https:\/\/rapidlogistic.hu\/de\/wp-json\/wp\/v2\/media?parent=11762"}],"wp:term":[{"taxonomy":"product_brand","embeddable":true,"href":"https:\/\/rapidlogistic.hu\/de\/wp-json\/wp\/v2\/product_brand?post=11762"},{"taxonomy":"product_cat","embeddable":true,"href":"https:\/\/rapidlogistic.hu\/de\/wp-json\/wp\/v2\/product_cat?post=11762"},{"taxonomy":"product_tag","embeddable":true,"href":"https:\/\/rapidlogistic.hu\/de\/wp-json\/wp\/v2\/product_tag?post=11762"}],"curies":[{"name":"wp","href":"https:\/\/api.w.org\/{rel}","templated":true}]}}