{"id":11766,"date":"2024-07-19T19:45:54","date_gmt":"2024-07-19T17:45:54","guid":{"rendered":"https:\/\/rapidlogistic.hu\/termek\/mb-45-waermesparsystem\/"},"modified":"2024-11-04T22:41:26","modified_gmt":"2024-11-04T21:41:26","slug":"mb-45-waermesparsystem","status":"publish","type":"product","link":"https:\/\/rapidlogistic.hu\/de\/produkt\/mb-45-waermesparsystem\/","title":{"rendered":"MB-45 W\u00e4rmesparsystem"},"content":{"rendered":"<div class=\"wpb-content-wrapper\"><p>[vc_row woodmart_css_id=&#8220;669fb58b6e1db&#8220; responsive_spacing=&#8220;eyJwYXJhbV90eXBlIjoid29vZG1hcnRfcmVzcG9uc2l2ZV9zcGFjaW5nIiwic2VsZWN0b3JfaWQiOiI2NjlmYjU4YjZlMWRiIiwic2hvcnRjb2RlIjoidmNfcm93IiwiZGF0YSI6eyJ0YWJsZXQiOnt9LCJtb2JpbGUiOnt9fX0=&#8220; mobile_bg_img_hidden=&#8220;no&#8220; tablet_bg_img_hidden=&#8220;no&#8220; woodmart_parallax=&#8220;0&#8243; woodmart_gradient_switch=&#8220;no&#8220; woodmart_box_shadow=&#8220;no&#8220; wd_z_index=&#8220;no&#8220; woodmart_disable_overflow=&#8220;0&#8243; row_reverse_mobile=&#8220;0&#8243; row_reverse_tablet=&#8220;0&#8243;][vc_column]<div class=\"wpb-content-wrapper\">[vc_row content_placement=\"top\" woodmart_css_id=\"66940f26d1ee3\" responsive_spacing=\"eyJwYXJhbV90eXBlIjoid29vZG1hcnRfcmVzcG9uc2l2ZV9zcGFjaW5nIiwic2VsZWN0b3JfaWQiOiI2Njk0MGYyNmQxZWUzIiwic2hvcnRjb2RlIjoidmNfcm93IiwiZGF0YSI6eyJ0YWJsZXQiOnt9LCJtb2JpbGUiOnt9fX0=\" mobile_bg_img_hidden=\"no\" tablet_bg_img_hidden=\"no\" woodmart_parallax=\"0\" woodmart_gradient_switch=\"no\" woodmart_box_shadow=\"no\" wd_z_index=\"no\" woodmart_disable_overflow=\"0\" row_reverse_mobile=\"0\" row_reverse_tablet=\"0\"][vc_column offset=\"vc_col-md-6\"]\n\t\t<div id=\"wd-669aab7faedcf\" class=\"title-wrapper wd-wpb wd-set-mb reset-last-child  wd-rs-669aab7faedcf wd-title-color-default wd-title-style-default text-left  wd-underline-colored\">\n\t\t\t\n\t\t\t<div class=\"liner-continer\">\n\t\t\t\t<h4 class=\"woodmart-title-container title  wd-font-weight- wd-fontsize-l\" >Aluprof profil<\/h4>\n\t\t\t\t\t\t\t<\/div>\n\t\t\t\n\t\t\t\n\t\t\t\n\t\t<\/div>\n\t\t\n\t\t\t\t<div id=\"wd-669aab90992f1\" class=\"wd-text-block wd-wpb reset-last-child wd-rs-669aab90992f1 text-left \">\n\t\t\t<p>Die Aluminium-Fenster- und T\u00fcrsysteme von ALUPROF erm\u00f6glichen den Einbau vieler verschiedener T\u00fcr- und Fenstertypen, je nach Anwendung und den verschiedenen Funktionen, die sie erf\u00fcllen, wie z.B. \u00c4sthetik, W\u00e4rmed\u00e4mmung, Einbruchschutz, Rauch- oder Feuerschutzanforderungen.<\/p>\n\t\t<\/div>\n\t\t[\/vc_column][vc_column offset=\"vc_col-md-6\"]\t\t<div id=\"wd-669fb42328841\" class=\"wd-image wd-wpb wd-rs-669fb42328841 text-left \">\n\t\t\t\n\t\t\t<img loading=\"lazy\" decoding=\"async\" width=\"1000\" height=\"654\" src=\"https:\/\/rapidlogistic.hu\/wp-content\/uploads\/2024\/07\/aluprof-aluminium-nyilaszarok.webp\" class=\"attachment-full size-full\" alt=\"\" srcset=\"https:\/\/rapidlogistic.hu\/wp-content\/uploads\/2024\/07\/aluprof-aluminium-nyilaszarok.webp 1000w, https:\/\/rapidlogistic.hu\/wp-content\/uploads\/2024\/07\/aluprof-aluminium-nyilaszarok-430x281.webp 430w, https:\/\/rapidlogistic.hu\/wp-content\/uploads\/2024\/07\/aluprof-aluminium-nyilaszarok-150x98.webp 150w, https:\/\/rapidlogistic.hu\/wp-content\/uploads\/2024\/07\/aluprof-aluminium-nyilaszarok-700x458.webp 700w, https:\/\/rapidlogistic.hu\/wp-content\/uploads\/2024\/07\/aluprof-aluminium-nyilaszarok-400x262.webp 400w, https:\/\/rapidlogistic.hu\/wp-content\/uploads\/2024\/07\/aluprof-aluminium-nyilaszarok-768x502.webp 768w\" sizes=\"auto, (max-width: 1000px) 100vw, 1000px\" \/>\n\t\t\t\t\t<\/div>\n\t\t[\/vc_column][\/vc_row]<\/div>[\/vc_column][\/vc_row]<\/p>\n<\/div>","protected":false},"excerpt":{"rendered":"<p>Das Aluminiumsystem MB-45 eignet sich f\u00fcr architektonische Elemente im Innen- und Au\u00dfenbereich, die keine W\u00e4rmed\u00e4mmung ben\u00f6tigen (z.B. Trennw\u00e4nde, Kassenschr\u00e4nke, T\u00fcren, Fenster, Schiebet\u00fcren). Die Bautiefe der Fensterprofile betr\u00e4gt 45 mm (Fensterfl\u00fcgel), 54 mm (Fensterfl\u00fcgel). Diese Konstruktion erm\u00f6glicht es, den Fl\u00fcgel zu schlie\u00dfen, so dass bei Fenstern der Effekt einer einzigen Ebene und bei T\u00fcren eine fl\u00e4chenb\u00fcndige Oberfl\u00e4che entsteht. Die Form der Profile ergibt eine schlanke und widerstandsf\u00e4hige Fenster- und T\u00fcrkonstruktion. Ein wichtiger Vorteil des Systems ist das Biegen der Profile, was die Herstellung von gebogenen Strukturen erm\u00f6glicht. Die EPDM-Gummidichtung sorgt f\u00fcr eine spaltfreie Abdichtung. Das System erlaubt die Verwendung von Glas mit einer Schichtdicke von 2-35 mm in Fensterrahmen und 2-26 mm in festen Fenstern und T\u00fcrrahmen. <\/p>\n","protected":false},"featured_media":10195,"comment_status":"closed","ping_status":"closed","template":"","meta":[],"product_brand":[],"product_cat":[329,330],"product_tag":[335,353,381,374],"class_list":{"0":"post-11766","1":"product","2":"type-product","3":"status-publish","4":"has-post-thumbnail","6":"product_cat-aluminium-fenster","7":"product_cat-aluprof-de","8":"product_tag-aluminium-fenster","9":"product_tag-aluprof-profil-de","10":"product_tag-mb-45-waermesparsystem","11":"product_tag-waerme-und-kaeltesystem","13":"first","14":"instock","15":"shipping-taxable","16":"product-type-simple"},"_links":{"self":[{"href":"https:\/\/rapidlogistic.hu\/de\/wp-json\/wp\/v2\/product\/11766","targetHints":{"allow":["GET"]}}],"collection":[{"href":"https:\/\/rapidlogistic.hu\/de\/wp-json\/wp\/v2\/product"}],"about":[{"href":"https:\/\/rapidlogistic.hu\/de\/wp-json\/wp\/v2\/types\/product"}],"replies":[{"embeddable":true,"href":"https:\/\/rapidlogistic.hu\/de\/wp-json\/wp\/v2\/comments?post=11766"}],"wp:featuredmedia":[{"embeddable":true,"href":"https:\/\/rapidlogistic.hu\/de\/wp-json\/wp\/v2\/media\/10195"}],"wp:attachment":[{"href":"https:\/\/rapidlogistic.hu\/de\/wp-json\/wp\/v2\/media?parent=11766"}],"wp:term":[{"taxonomy":"product_brand","embeddable":true,"href":"https:\/\/rapidlogistic.hu\/de\/wp-json\/wp\/v2\/product_brand?post=11766"},{"taxonomy":"product_cat","embeddable":true,"href":"https:\/\/rapidlogistic.hu\/de\/wp-json\/wp\/v2\/product_cat?post=11766"},{"taxonomy":"product_tag","embeddable":true,"href":"https:\/\/rapidlogistic.hu\/de\/wp-json\/wp\/v2\/product_tag?post=11766"}],"curies":[{"name":"wp","href":"https:\/\/api.w.org\/{rel}","templated":true}]}}