{"id":11769,"date":"2024-07-14T19:58:41","date_gmt":"2024-07-14T17:58:41","guid":{"rendered":"https:\/\/rapidlogistic.hu\/termek\/aluplast-smart-slide\/"},"modified":"2024-11-04T22:46:14","modified_gmt":"2024-11-04T21:46:14","slug":"aluplast-smart-slide","status":"publish","type":"product","link":"https:\/\/rapidlogistic.hu\/de\/produkt\/aluplast-smart-slide\/","title":{"rendered":"Aluplast Smart Slide"},"content":{"rendered":"<div class=\"wpb-content-wrapper\"><p>[vc_row disable_element=&#8220;yes&#8220; woodmart_css_id=&#8220;66940c7425c6f&#8220; responsive_spacing=&#8220;eyJwYXJhbV90eXBlIjoid29vZG1hcnRfcmVzcG9uc2l2ZV9zcGFjaW5nIiwic2VsZWN0b3JfaWQiOiI2Njk0MGM3NDI1YzZmIiwic2hvcnRjb2RlIjoidmNfcm93IiwiZGF0YSI6eyJ0YWJsZXQiOnt9LCJtb2JpbGUiOnt9fX0=&#8220; mobile_bg_img_hidden=&#8220;no&#8220; tablet_bg_img_hidden=&#8220;no&#8220; woodmart_parallax=&#8220;0&#8243; woodmart_gradient_switch=&#8220;no&#8220; woodmart_box_shadow=&#8220;no&#8220; wd_z_index=&#8220;no&#8220; woodmart_disable_overflow=&#8220;0&#8243; row_reverse_mobile=&#8220;0&#8243; row_reverse_tablet=&#8220;0&#8243;][vc_column]<style data-type=\"vc_shortcodes-custom-css\">.wd-rs-66a8ef2f5e274.wd-list .wd-icon{font-size: 12px;}.wd-rs-66a8ef37e1fd8.wd-list .wd-icon{font-size: 12px;}.wd-rs-66a8ef3e430c7.wd-list .wd-icon{font-size: 12px;}<\/style><div class=\"wpb-content-wrapper\">[vc_row content_placement=\"top\" woodmart_css_id=\"668e7ac82d535\" responsive_spacing=\"eyJwYXJhbV90eXBlIjoid29vZG1hcnRfcmVzcG9uc2l2ZV9zcGFjaW5nIiwic2VsZWN0b3JfaWQiOiI2NjhlN2FjODJkNTM1Iiwic2hvcnRjb2RlIjoidmNfcm93IiwiZGF0YSI6eyJ0YWJsZXQiOnt9LCJtb2JpbGUiOnt9fX0=\" mobile_bg_img_hidden=\"no\" tablet_bg_img_hidden=\"no\" woodmart_parallax=\"0\" woodmart_gradient_switch=\"no\" woodmart_box_shadow=\"no\" wd_z_index=\"no\" woodmart_disable_overflow=\"0\" row_reverse_mobile=\"0\" row_reverse_tablet=\"0\"][vc_column offset=\"vc_col-md-6\"]\n\t\t<div id=\"wd-668e74efccdfc\" class=\"title-wrapper wd-wpb wd-set-mb reset-last-child  wd-rs-668e74efccdfc wd-title-color-default wd-title-style-default text-left  wd-underline-colored\">\n\t\t\t\n\t\t\t<div class=\"liner-continer\">\n\t\t\t\t<h4 class=\"woodmart-title-container title  wd-font-weight- wd-fontsize-l\" >Aluplast Profil<\/h4>\n\t\t\t\t\t\t\t<\/div>\n\t\t\t\n\t\t\t\n\t\t\t\n\t\t<\/div>\n\t\t\n\t\t\t\t<div id=\"wd-668e776589dc5\" class=\"wd-text-block wd-wpb reset-last-child wd-rs-668e776589dc5 text-left \">\n\t\t\t<p><strong>Wir bieten zwei Arten von Haust\u00fcren aus Aluplast-Profilen an:<\/strong><\/p>\n\t\t<\/div>\n\t\t\n\t\t<ul class=\" wd-rs-66a8ef2f5e274 wd-list wd-wpb color-scheme- wd-fontsize-s wd-type-icon wd-style-default text-left \" id=\"wd-66a8ef2f5e274\">\n\t\t\t\t\t\t\t\t\t\t\t<li>\n\t\t\t\t\t<span class=\"wd-icon list-icon fas fa-angle-right\"><\/span>\n\t\t\t\t\t<span class=\"wd-list-content list-content\">\n\t\t\t\t\t\t\t\t\t\t\t\t\t5-Kammer-Eingangst\u00fcren, 97 oder 116 mm Fl\u00fcgelbreite - mit Aluminiumschwelle - mit 5-Punkt-Sicherheitsschloss - mit Aluminiumschwelle - mit dr\u00fcckerbet\u00e4tigtem Schloss - mit optionalem Zusatzschloss - 24 oder 36 mm, 2- oder 3-fach Verglasung\t\t\t\t\t\t\t\t\t\t\t<\/span>\n\t\t\t\t<\/li>\n\t\t\t\t\t\t\t\t\t\t\t<li>\n\t\t\t\t\t<span class=\"wd-icon list-icon fas fa-angle-right\"><\/span>\n\t\t\t\t\t<span class=\"wd-list-content list-content\">\n\t\t\t\t\t\t\t\t\t\t\t\t\t6 Luftkammern, 116 mm Fl\u00fcgelbreite - mit Aluminiumschwelle - mit 5-Punkt-Sicherheitsschloss - mit Aluminiumschwelle - mit griffbet\u00e4tigtem Schloss - mit optionalem Zusatzschloss - 48 mm 3-Schicht-Verglasung\t\t\t\t\t\t\t\t\t\t\t<\/span>\n\t\t\t\t<\/li>\n\t\t\t\t\t<\/ul>\n\t\t\t\t<div id=\"wd-668e7a702a162\" class=\"wd-text-block wd-wpb reset-last-child wd-rs-668e7a702a162 text-left \">\n\t\t\t<p>Eingangst\u00fcren k\u00f6nnen blank oder mit Stadionblenden und Glas bestellt werden, individuelle Vorstellungen k\u00f6nnen realisiert werden.<\/p>\n\t\t<\/div>\n\t\t[\/vc_column][vc_column offset=\"vc_col-md-6\"]\t\t<div id=\"wd-668e7a2451f45\" class=\"wd-image wd-wpb wd-rs-668e7a2451f45 text-left \">\n\t\t\t\n\t\t\t<img loading=\"lazy\" decoding=\"async\" width=\"1000\" height=\"654\" src=\"https:\/\/rapidlogistic.hu\/wp-content\/uploads\/2024\/07\/fukotherm-ajtopanelek.webp\" class=\"attachment-full size-full\" alt=\"\" srcset=\"https:\/\/rapidlogistic.hu\/wp-content\/uploads\/2024\/07\/fukotherm-ajtopanelek.webp 1000w, https:\/\/rapidlogistic.hu\/wp-content\/uploads\/2024\/07\/fukotherm-ajtopanelek-430x281.webp 430w, https:\/\/rapidlogistic.hu\/wp-content\/uploads\/2024\/07\/fukotherm-ajtopanelek-150x98.webp 150w, https:\/\/rapidlogistic.hu\/wp-content\/uploads\/2024\/07\/fukotherm-ajtopanelek-700x458.webp 700w, https:\/\/rapidlogistic.hu\/wp-content\/uploads\/2024\/07\/fukotherm-ajtopanelek-400x262.webp 400w, https:\/\/rapidlogistic.hu\/wp-content\/uploads\/2024\/07\/fukotherm-ajtopanelek-768x502.webp 768w\" sizes=\"auto, (max-width: 1000px) 100vw, 1000px\" \/>\n\t\t\t\t\t<\/div>\n\t\t[\/vc_column][\/vc_row][vc_row][vc_column][vc_separator css=\"\" wd_hide_on_desktop=\"no\" wd_hide_on_tablet=\"no\" wd_hide_on_mobile=\"no\"][\/vc_column][\/vc_row][vc_row content_placement=\"top\" woodmart_css_id=\"668e7bf1df6b0\" responsive_spacing=\"eyJwYXJhbV90eXBlIjoid29vZG1hcnRfcmVzcG9uc2l2ZV9zcGFjaW5nIiwic2VsZWN0b3JfaWQiOiI2NjhlN2JmMWRmNmIwIiwic2hvcnRjb2RlIjoidmNfcm93IiwiZGF0YSI6eyJ0YWJsZXQiOnt9LCJtb2JpbGUiOnt9fX0=\" mobile_bg_img_hidden=\"no\" tablet_bg_img_hidden=\"no\" woodmart_parallax=\"0\" woodmart_gradient_switch=\"no\" woodmart_box_shadow=\"no\" wd_z_index=\"no\" woodmart_disable_overflow=\"0\" row_reverse_mobile=\"0\" row_reverse_tablet=\"0\"][vc_column offset=\"vc_col-md-12\" woodmart_css_id=\"668e872a7513b\" parallax_scroll=\"no\" woodmart_sticky_column=\"false\" wd_collapsible_content_switcher=\"no\" wd_column_role_offcanvas_desktop=\"no\" wd_column_role_offcanvas_tablet=\"no\" wd_column_role_offcanvas_mobile=\"no\" wd_column_role_content_desktop=\"no\" wd_column_role_content_tablet=\"no\" wd_column_role_content_mobile=\"no\" mobile_bg_img_hidden=\"no\" tablet_bg_img_hidden=\"no\" woodmart_parallax=\"0\" woodmart_box_shadow=\"no\" responsive_spacing=\"eyJwYXJhbV90eXBlIjoid29vZG1hcnRfcmVzcG9uc2l2ZV9zcGFjaW5nIiwic2VsZWN0b3JfaWQiOiI2NjhlODcyYTc1MTNiIiwic2hvcnRjb2RlIjoidmNfY29sdW1uIiwiZGF0YSI6eyJ0YWJsZXQiOnt9LCJtb2JpbGUiOnt9fX0=\" mobile_reset_margin=\"no\" tablet_reset_margin=\"no\" wd_z_index=\"no\"]\n\t\t<div id=\"wd-668e74e2eeb16\" class=\"title-wrapper wd-wpb wd-set-mb reset-last-child  wd-rs-668e74e2eeb16 wd-title-color-default wd-title-style-default text-left  wd-underline-colored\">\n\t\t\t\n\t\t\t<div class=\"liner-continer\">\n\t\t\t\t<h4 class=\"woodmart-title-container title  wd-font-weight- wd-fontsize-l\" >Parameter<\/h4>\n\t\t\t\t\t\t\t<\/div>\n\t\t\t\n\t\t\t\n\t\t\t\n\t\t<\/div>\n\t\t\n\t\t[\/vc_column][\/vc_row][vc_row content_placement=\"top\" woodmart_css_id=\"668e7bf1df6b0\" responsive_spacing=\"eyJwYXJhbV90eXBlIjoid29vZG1hcnRfcmVzcG9uc2l2ZV9zcGFjaW5nIiwic2VsZWN0b3JfaWQiOiI2NjhlN2JmMWRmNmIwIiwic2hvcnRjb2RlIjoidmNfcm93IiwiZGF0YSI6eyJ0YWJsZXQiOnt9LCJtb2JpbGUiOnt9fX0=\" mobile_bg_img_hidden=\"no\" tablet_bg_img_hidden=\"no\" woodmart_parallax=\"0\" woodmart_gradient_switch=\"no\" woodmart_box_shadow=\"no\" wd_z_index=\"no\" woodmart_disable_overflow=\"0\" row_reverse_mobile=\"0\" row_reverse_tablet=\"0\"][vc_column offset=\"vc_col-md-6\"]\n\t\t<ul class=\" wd-rs-66a8ef37e1fd8 wd-list wd-wpb color-scheme- wd-fontsize-s wd-type-icon wd-style-default text-left \" id=\"wd-66a8ef37e1fd8\">\n\t\t\t\t\t\t\t\t\t\t\t<li>\n\t\t\t\t\t<span class=\"wd-icon list-icon fas fa-angle-right\"><\/span>\n\t\t\t\t\t<span class=\"wd-list-content list-content\">\n\t\t\t\t\t\t\t\t\t\t\t\t\tStandardabmessungen von PVC-Haust\u00fcren: Kastenbreite 960 - 1000 mm, Kastenh\u00f6he 2060 - 2160 mm\t\t\t\t\t\t\t\t\t\t\t<\/span>\n\t\t\t\t<\/li>\n\t\t\t\t\t\t\t\t\t\t\t<li>\n\t\t\t\t\t<span class=\"wd-icon list-icon fas fa-angle-right\"><\/span>\n\t\t\t\t\t<span class=\"wd-list-content list-content\">\n\t\t\t\t\t\t\t\t\t\t\t\t\t\u00d6ffnung - nach au\u00dfen oder nach innen \u00f6ffnend\t\t\t\t\t\t\t\t\t\t\t<\/span>\n\t\t\t\t<\/li>\n\t\t\t\t\t\t\t\t\t\t\t<li>\n\t\t\t\t\t<span class=\"wd-icon list-icon fas fa-angle-right\"><\/span>\n\t\t\t\t\t<span class=\"wd-list-content list-content\">\n\t\t\t\t\t\t\t\t\t\t\t\t\tStandardfarben: Goldene Eiche, Nussbaum, dunkle Eiche, Mahagoni, Anthrazitgrau\t\t\t\t\t\t\t\t\t\t\t<\/span>\n\t\t\t\t<\/li>\n\t\t\t\t\t\t\t\t\t\t\t<li>\n\t\t\t\t\t<span class=\"wd-icon list-icon fas fa-angle-right\"><\/span>\n\t\t\t\t\t<span class=\"wd-list-content list-content\">\n\t\t\t\t\t\t\t\t\t\t\t\t\tGro\u00dfe Auswahl an Eisenwaren\t\t\t\t\t\t\t\t\t\t\t<\/span>\n\t\t\t\t<\/li>\n\t\t\t\t\t<\/ul>\n\t\t[\/vc_column][vc_column offset=\"vc_col-md-6\"]\n\t\t<ul class=\" wd-rs-66a8ef3e430c7 wd-list wd-wpb color-scheme- wd-fontsize-s wd-type-icon wd-style-default text-left \" id=\"wd-66a8ef3e430c7\">\n\t\t\t\t\t\t\t\t\t\t\t<li>\n\t\t\t\t\t<span class=\"wd-icon list-icon fas fa-angle-right\"><\/span>\n\t\t\t\t\t<span class=\"wd-list-content list-content\">\n\t\t\t\t\t\t\t\t\t\t\t\t\tStandard - Schloss mit 4 Rollengriffen, 2 seitliche Griffe, 20 mm ALU-Schwelle; Glas: Klar\/Float oder Chinchilla\t\t\t\t\t\t\t\t\t\t\t<\/span>\n\t\t\t\t<\/li>\n\t\t\t\t\t\t\t\t\t\t\t<li>\n\t\t\t\t\t<span class=\"wd-icon list-icon fas fa-angle-right\"><\/span>\n\t\t\t\t\t<span class=\"wd-list-content list-content\">\n\t\t\t\t\t\t\t\t\t\t\t\t\tGl\u00e4ser: Ton oder Ornamente\t\t\t\t\t\t\t\t\t\t\t<\/span>\n\t\t\t\t<\/li>\n\t\t\t\t\t\t\t\t\t\t\t<li>\n\t\t\t\t\t<span class=\"wd-icon list-icon fas fa-angle-right\"><\/span>\n\t\t\t\t\t<span class=\"wd-list-content list-content\">\n\t\t\t\t\t\t\t\t\t\t\t\t\tAusf\u00fchrung der T\u00fcrfarbe: wei\u00df, einseitig oder beidseitig farbig\t\t\t\t\t\t\t\t\t\t\t<\/span>\n\t\t\t\t<\/li>\n\t\t\t\t\t\t\t\t\t\t\t<li>\n\t\t\t\t\t<span class=\"wd-icon list-icon fas fa-angle-right\"><\/span>\n\t\t\t\t\t<span class=\"wd-list-content list-content\">\n\t\t\t\t\t\t\t\t\t\t\t\t\tM\u00f6glichkeit, zus\u00e4tzliche Sicherheitsmerkmale hinzuzuf\u00fcgen\t\t\t\t\t\t\t\t\t\t\t<\/span>\n\t\t\t\t<\/li>\n\t\t\t\t\t<\/ul>\n\t\t[\/vc_column][\/vc_row]<\/div>[\/vc_column][\/vc_row][vc_row content_placement=&#8220;top&#8220; disable_element=&#8220;yes&#8220; woodmart_css_id=&#8220;66940c5b3c777&#8243; responsive_spacing=&#8220;eyJwYXJhbV90eXBlIjoid29vZG1hcnRfcmVzcG9uc2l2ZV9zcGFjaW5nIiwic2VsZWN0b3JfaWQiOiI2Njk0MGM1YjNjNzc3Iiwic2hvcnRjb2RlIjoidmNfcm93IiwiZGF0YSI6eyJ0YWJsZXQiOnt9LCJtb2JpbGUiOnt9fX0=&#8220; mobile_bg_img_hidden=&#8220;no&#8220; tablet_bg_img_hidden=&#8220;no&#8220; woodmart_parallax=&#8220;0&#8243; woodmart_gradient_switch=&#8220;no&#8220; woodmart_box_shadow=&#8220;no&#8220; wd_z_index=&#8220;no&#8220; woodmart_disable_overflow=&#8220;0&#8243; row_reverse_mobile=&#8220;0&#8243; row_reverse_tablet=&#8220;0&#8243;][vc_column offset=&#8220;vc_col-md-12&#8243; woodmart_css_id=&#8220;668e872a7513b&#8220; parallax_scroll=&#8220;no&#8220; woodmart_sticky_column=&#8220;false&#8220; wd_collapsible_content_switcher=&#8220;no&#8220; wd_column_role_offcanvas_desktop=&#8220;no&#8220; wd_column_role_offcanvas_tablet=&#8220;no&#8220; wd_column_role_offcanvas_mobile=&#8220;no&#8220; wd_column_role_content_desktop=&#8220;no&#8220; wd_column_role_content_tablet=&#8220;no&#8220; wd_column_role_content_mobile=&#8220;no&#8220; mobile_bg_img_hidden=&#8220;no&#8220; tablet_bg_img_hidden=&#8220;no&#8220; woodmart_parallax=&#8220;0&#8243; woodmart_box_shadow=&#8220;no&#8220; responsive_spacing=&#8220;eyJwYXJhbV90eXBlIjoid29vZG1hcnRfcmVzcG9uc2l2ZV9zcGFjaW5nIiwic2VsZWN0b3JfaWQiOiI2NjhlODcyYTc1MTNiIiwic2hvcnRjb2RlIjoidmNfY29sdW1uIiwiZGF0YSI6eyJ0YWJsZXQiOnt9LCJtb2JpbGUiOnt9fX0=&#8220; mobile_reset_margin=&#8220;no&#8220; tablet_reset_margin=&#8220;no&#8220; wd_z_index=&#8220;no&#8220;]\n\t\t<div id=\"wd-668e74e2eeb16\" class=\"title-wrapper wd-wpb wd-set-mb reset-last-child  wd-rs-668e74e2eeb16 wd-title-color-default wd-title-style-default text-left  wd-underline-colored\">\n\t\t\t\n\t\t\t<div class=\"liner-continer\">\n\t\t\t\t<h4 class=\"woodmart-title-container title  wd-font-weight- wd-fontsize-l\" >Parameter<\/h4>\n\t\t\t\t\t\t\t<\/div>\n\t\t\t\n\t\t\t\n\t\t\t\n\t\t<\/div>\n\t\t\n\t\t[\/vc_column][\/vc_row][vc_row content_placement=&#8220;top&#8220; woodmart_css_id=&#8220;669b642d69c5d&#8220; responsive_spacing=&#8220;eyJwYXJhbV90eXBlIjoid29vZG1hcnRfcmVzcG9uc2l2ZV9zcGFjaW5nIiwic2VsZWN0b3JfaWQiOiI2NjliNjQyZDY5YzVkIiwic2hvcnRjb2RlIjoidmNfcm93IiwiZGF0YSI6eyJ0YWJsZXQiOnt9LCJtb2JpbGUiOnt9fX0=&#8220; mobile_bg_img_hidden=&#8220;no&#8220; tablet_bg_img_hidden=&#8220;no&#8220; woodmart_parallax=&#8220;0&#8243; woodmart_gradient_switch=&#8220;no&#8220; woodmart_box_shadow=&#8220;no&#8220; wd_z_index=&#8220;no&#8220; woodmart_disable_overflow=&#8220;0&#8243; row_reverse_mobile=&#8220;0&#8243; row_reverse_tablet=&#8220;0&#8243;][vc_column offset=&#8220;vc_col-md-6&#8243;]\n\t\t<div id=\"wd-66918eb2a1b63\" class=\"title-wrapper wd-wpb wd-set-mb reset-last-child  wd-rs-66918eb2a1b63 wd-title-color-default wd-title-style-default text-left  wd-underline-colored\">\n\t\t\t\n\t\t\t<div class=\"liner-continer\">\n\t\t\t\t<h4 class=\"woodmart-title-container title  wd-font-weight- wd-fontsize-l\" >Informationen von<\/h4>\n\t\t\t\t\t\t\t<\/div>\n\t\t\t\n\t\t\t\n\t\t\t\n\t\t<\/div>\n\t\t\n\t\t\n\t\t<ul class=\" wd-rs-66a8ec486ea40 wd-list wd-wpb color-scheme- wd-fontsize-s wd-type-icon wd-style-default text-left \" id=\"wd-66a8ec486ea40\">\n\t\t\t\t\t\t\t\t\t\t\t<li>\n\t\t\t\t\t<span class=\"wd-icon list-icon fas fa-angle-right\"><\/span>\n\t\t\t\t\t<span class=\"wd-list-content list-content\">\n\t\t\t\t\t\t\t\t\t\t\t\t\tEinbautiefe der Box: 140 mm\t\t\t\t\t\t\t\t\t\t\t<\/span>\n\t\t\t\t<\/li>\n\t\t\t\t\t\t\t\t\t\t\t<li>\n\t\t\t\t\t<span class=\"wd-icon list-icon fas fa-angle-right\"><\/span>\n\t\t\t\t\t<span class=\"wd-list-content list-content\">\n\t\t\t\t\t\t\t\t\t\t\t\t\tEinbautiefe Fl\u00fcgel: 140 mm\t\t\t\t\t\t\t\t\t\t\t<\/span>\n\t\t\t\t<\/li>\n\t\t\t\t\t\t\t\t\t\t\t<li>\n\t\t\t\t\t<span class=\"wd-icon list-icon fas fa-angle-right\"><\/span>\n\t\t\t\t\t<span class=\"wd-list-content list-content\">\n\t\t\t\t\t\t\t\t\t\t\t\t\tGlas: maximal 4\/14ar\/4\/14ar\/4 ug=0,6 w\/m2k (40 mm)\t\t\t\t\t\t\t\t\t\t\t<\/span>\n\t\t\t\t<\/li>\n\t\t\t\t\t\t\t\t\t\t\t<li>\n\t\t\t\t\t<span class=\"wd-icon list-icon fas fa-angle-right\"><\/span>\n\t\t\t\t\t<span class=\"wd-list-content list-content\">\n\t\t\t\t\t\t\t\t\t\t\t\t\tSiegenia wird mit Aubi-Eisen hergestellt\t\t\t\t\t\t\t\t\t\t\t<\/span>\n\t\t\t\t<\/li>\n\t\t\t\t\t\t\t\t\t\t\t<li>\n\t\t\t\t\t<span class=\"wd-icon list-icon fas fa-angle-right\"><\/span>\n\t\t\t\t\t<span class=\"wd-list-content list-content\">\n\t\t\t\t\t\t\t\t\t\t\t\t\tVerdecktes B\u00fcgelsystem\t\t\t\t\t\t\t\t\t\t\t<\/span>\n\t\t\t\t<\/li>\n\t\t\t\t\t\t\t\t\t\t\t<li>\n\t\t\t\t\t<span class=\"wd-icon list-icon fas fa-angle-right\"><\/span>\n\t\t\t\t\t<span class=\"wd-list-content list-content\">\n\t\t\t\t\t\t\t\t\t\t\t\t\tKann nur im Schema \u201eA\u201c hergestellt werden\t\t\t\t\t\t\t\t\t\t\t<\/span>\n\t\t\t\t<\/li>\n\t\t\t\t\t\t\t\t\t\t\t<li>\n\t\t\t\t\t<span class=\"wd-icon list-icon fas fa-angle-right\"><\/span>\n\t\t\t\t\t<span class=\"wd-list-content list-content\">\n\t\t\t\t\t\t\t\t\t\t\t\t\tMindestgr\u00f6\u00dfe: 1900 x 1700 mm\t\t\t\t\t\t\t\t\t\t\t<\/span>\n\t\t\t\t<\/li>\n\t\t\t\t\t\t\t\t\t\t\t<li>\n\t\t\t\t\t<span class=\"wd-icon list-icon fas fa-angle-right\"><\/span>\n\t\t\t\t\t<span class=\"wd-list-content list-content\">\n\t\t\t\t\t\t\t\t\t\t\t\t\tMaximale Gr\u00f6\u00dfe: 3000 x 2400 mm\t\t\t\t\t\t\t\t\t\t\t<\/span>\n\t\t\t\t<\/li>\n\t\t\t\t\t<\/ul>\n\t\t[\/vc_column][vc_column offset=&#8220;vc_col-md-6&#8243;]\t\t<div class=\"wd-el-video wd-wpb wd-rs-669416215d787 wd-action-without wd-video-youtube\">\n\t\t\t\t\t\t\t<iframe src=\"https:\/\/www.youtube.com\/embed\/dCeuqgDDugI?feature=oembed&loop=0&mute=0&controls=1&autoplay=0\" allowfullscreen allow=\"accelerometer; autoplay; encrypted-media; gyroscope; picture-in-picture\" width=\"100%\" height=\"100%\" loading=\"lazy\" aria-label=\"Video player\"><\/iframe>\t\t\t\n\t\t\t\n\t\t\t\n\t\t\t\t\t<\/div>\n\t\t[\/vc_column][\/vc_row][vc_row woodmart_css_id=&#8220;669416986366a&#8220; responsive_spacing=&#8220;eyJwYXJhbV90eXBlIjoid29vZG1hcnRfcmVzcG9uc2l2ZV9zcGFjaW5nIiwic2VsZWN0b3JfaWQiOiI2Njk0MTY5ODYzNjZhIiwic2hvcnRjb2RlIjoidmNfcm93IiwiZGF0YSI6eyJ0YWJsZXQiOnt9LCJtb2JpbGUiOnt9fX0=&#8220; mobile_bg_img_hidden=&#8220;no&#8220; tablet_bg_img_hidden=&#8220;no&#8220; woodmart_parallax=&#8220;0&#8243; woodmart_gradient_switch=&#8220;no&#8220; woodmart_box_shadow=&#8220;no&#8220; wd_z_index=&#8220;no&#8220; woodmart_disable_overflow=&#8220;0&#8243; row_reverse_mobile=&#8220;0&#8243; row_reverse_tablet=&#8220;0&#8243;][vc_column][vc_separator css=&#8220;&#8220; wd_hide_on_desktop=&#8220;no&#8220; wd_hide_on_tablet=&#8220;no&#8220; wd_hide_on_mobile=&#8220;no&#8220;][\/vc_column][\/vc_row][vc_row content_placement=&#8220;top&#8220; woodmart_css_id=&#8220;669fc255acee8&#8243; responsive_spacing=&#8220;eyJwYXJhbV90eXBlIjoid29vZG1hcnRfcmVzcG9uc2l2ZV9zcGFjaW5nIiwic2VsZWN0b3JfaWQiOiI2NjlmYzI1NWFjZWU4Iiwic2hvcnRjb2RlIjoidmNfcm93IiwiZGF0YSI6eyJ0YWJsZXQiOnt9LCJtb2JpbGUiOnt9fX0=&#8220; mobile_bg_img_hidden=&#8220;no&#8220; tablet_bg_img_hidden=&#8220;no&#8220; woodmart_parallax=&#8220;0&#8243; woodmart_gradient_switch=&#8220;no&#8220; woodmart_box_shadow=&#8220;no&#8220; wd_z_index=&#8220;no&#8220; woodmart_disable_overflow=&#8220;0&#8243; row_reverse_mobile=&#8220;0&#8243; row_reverse_tablet=&#8220;0&#8243;][vc_column offset=&#8220;vc_col-md-6&#8243;]\n\t\t<div id=\"wd-6694131e08882\" class=\"title-wrapper wd-wpb wd-set-mb reset-last-child  wd-rs-6694131e08882 wd-title-color-default wd-title-style-default text-left  wd-underline-colored\">\n\t\t\t\n\t\t\t<div class=\"liner-continer\">\n\t\t\t\t<h4 class=\"woodmart-title-container title  wd-font-weight- wd-fontsize-l\" >Einfaches Design<\/h4>\n\t\t\t\t\t\t\t<\/div>\n\t\t\t\n\t\t\t\n\t\t\t\n\t\t<\/div>\n\t\t\n\t\t\t\t<div id=\"wd-66a8ec56b78be\" class=\"wd-text-block wd-wpb reset-last-child wd-rs-66a8ec56b78be text-left \">\n\t\t\t<div class=\"wpb_text_column wpb_content_element \">\n<div class=\"wpb_wrapper\">\n<p>Die maximalen Abmessungen der SMART-SLIDE-Schiebet\u00fcren im Schema A betragen 3000 x 2400 mm in Wei\u00df, mit symmetrischer oder asymmetrischer Aufteilung. Durch den sanften Selbsteinzug des Fl\u00fcgels im Geh\u00e4use ist die Smart-Slide-Schiebet\u00fcr so einfach zu bedienen, dass Fehlfunktionen praktisch ausgeschlossen sind &#8211; ein unsch\u00e4tzbarer Vorteil im t\u00e4glichen Gebrauch, ebenso wie der geringe Kraftaufwand beim \u00d6ffnen und Schlie\u00dfen des Fl\u00fcgels. Dar\u00fcber hinaus kann dank der Konstruktion der Profile in Multi-Wall-Technik optional die Verleimungstechnik der Glasscheiben genutzt werden, was eine h\u00f6here Steifigkeit der gesamten Konstruktion erm\u00f6glicht. Die Fl\u00fcgeltiefe von 70 mm und der Rahmen von 140 mm bieten der neuen intelligenten Schiebet\u00fcr auch im Bereich der Renovierung ein breites Anwendungsspektrum.<\/p>\n<\/div>\n<\/div>\n\t\t<\/div>\n\t\t[\/vc_column][vc_column offset=&#8220;vc_col-md-6&#8243;]\n\t\t<div id=\"wd-669fbf8300d9b\" class=\"title-wrapper wd-wpb wd-set-mb reset-last-child  wd-rs-669fbf8300d9b wd-title-color-default wd-title-style-default text-left  wd-underline-colored\">\n\t\t\t\n\t\t\t<div class=\"liner-continer\">\n\t\t\t\t<h4 class=\"woodmart-title-container title  wd-font-weight- wd-fontsize-l\" >Komfort<\/h4>\n\t\t\t\t\t\t\t<\/div>\n\t\t\t\n\t\t\t\n\t\t\t\n\t\t<\/div>\n\t\t\n\t\t\t\t<div id=\"wd-669fbfcc25218\" class=\"wd-text-block wd-wpb reset-last-child wd-rs-669fbfcc25218 text-left \">\n\t\t\t<p>Der innovative Verriegelungsmechanismus erm\u00f6glicht eine einfache und intuitive Bedienung (siehe Video), \u00e4hnlich wie bei den L\u00f6sungen f\u00fcr HST-Hebeschiebet\u00fcren. Spezielle Fensterscharniere sorgen daf\u00fcr, dass der Fl\u00fcgel nach der Verriegelung frei auf dem Schlitten gleitet, mit minimalem Widerstand f\u00fcr den nicht zu \u00f6ffnenden Teil der Struktur. Der Verriegelungsmechanismus erm\u00f6glicht ein sanftes Einrasten des Fl\u00fcgels im Rahmen und gew\u00e4hrleistet so eine einfache Bedienung der Schiebet\u00fcr.<\/p>\n\t\t<\/div>\n\t\t[\/vc_column][\/vc_row]<\/p>\n<\/div>","protected":false},"excerpt":{"rendered":"<p>Die<strong> Schiebet\u00fcren SMART-SLIDE<\/strong> sind eine neue Generation von Terrassenschiebet\u00fcren, die sich durch ihre hervorragenden technischen Eigenschaften und ihre Benutzerfreundlichkeit auszeichnen.<\/p>\n<p><strong>Hohe Dichtigkeit der Struktur<\/strong><\/p>\n<p>Die intelligente Schiebet\u00fcr ist eine neue L\u00f6sung im Segment der Schiebet\u00fcren\/Fenster. Sie ist eine hervorragende L\u00f6sung sowohl f\u00fcr Einfamilienh\u00e4user als auch f\u00fcr Zweckbauten, bei denen von Terrassent\u00fcren Bedienkomfort und Zuverl\u00e4ssigkeit gefordert sind. Dank einer durchdachten Kombination von technischen L\u00f6sungen erzielt SMART-SLIDE sehr gute Ergebnisse bei Luftdurchl\u00e4ssigkeit, Winddruckfestigkeit und Wasserdichtheitspr\u00fcfungen &#8211; dank der gut sitzenden umlaufenden Dichtungen des Fl\u00fcgels, die durch Drehen des Griffs \u00fcber den gesamten Umfang quer an den Rahmen gepresst werden. Auch die Verriegelungspunkte im S\u00e4ulenbereich sorgen f\u00fcr eine hohe Dichtigkeit. <\/p>\n","protected":false},"featured_media":10203,"comment_status":"closed","ping_status":"closed","template":"","meta":[],"product_brand":[],"product_cat":[317,334],"product_tag":[325,341,318,321,385],"class_list":{"0":"post-11769","1":"product","2":"type-product","3":"status-publish","4":"has-post-thumbnail","6":"product_cat-aluplast-de","7":"product_cat-schiebetueren-aus-kunststoff","8":"product_tag-aluplast-profil-de","9":"product_tag-aluplast-smart-slide-de","10":"product_tag-aluplast-tur","11":"product_tag-kunststofftur","12":"product_tag-schiebetuer-aus-kunststoff","14":"first","15":"instock","16":"shipping-taxable","17":"product-type-simple"},"_links":{"self":[{"href":"https:\/\/rapidlogistic.hu\/de\/wp-json\/wp\/v2\/product\/11769","targetHints":{"allow":["GET"]}}],"collection":[{"href":"https:\/\/rapidlogistic.hu\/de\/wp-json\/wp\/v2\/product"}],"about":[{"href":"https:\/\/rapidlogistic.hu\/de\/wp-json\/wp\/v2\/types\/product"}],"replies":[{"embeddable":true,"href":"https:\/\/rapidlogistic.hu\/de\/wp-json\/wp\/v2\/comments?post=11769"}],"wp:featuredmedia":[{"embeddable":true,"href":"https:\/\/rapidlogistic.hu\/de\/wp-json\/wp\/v2\/media\/10203"}],"wp:attachment":[{"href":"https:\/\/rapidlogistic.hu\/de\/wp-json\/wp\/v2\/media?parent=11769"}],"wp:term":[{"taxonomy":"product_brand","embeddable":true,"href":"https:\/\/rapidlogistic.hu\/de\/wp-json\/wp\/v2\/product_brand?post=11769"},{"taxonomy":"product_cat","embeddable":true,"href":"https:\/\/rapidlogistic.hu\/de\/wp-json\/wp\/v2\/product_cat?post=11769"},{"taxonomy":"product_tag","embeddable":true,"href":"https:\/\/rapidlogistic.hu\/de\/wp-json\/wp\/v2\/product_tag?post=11769"}],"curies":[{"name":"wp","href":"https:\/\/api.w.org\/{rel}","templated":true}]}}