{"id":11776,"date":"2024-07-15T20:15:25","date_gmt":"2024-07-15T18:15:25","guid":{"rendered":"https:\/\/rapidlogistic.hu\/termek\/life-80\/"},"modified":"2024-11-04T22:50:35","modified_gmt":"2024-11-04T21:50:35","slug":"life-80","status":"publish","type":"product","link":"https:\/\/rapidlogistic.hu\/de\/produkt\/life-80\/","title":{"rendered":"Life 80"},"content":{"rendered":"<div class=\"wpb-content-wrapper\"><p>[vc_row content_placement=&#8220;top&#8220; woodmart_css_id=&#8220;668e7bf1df6b0&#8243; responsive_spacing=&#8220;eyJwYXJhbV90eXBlIjoid29vZG1hcnRfcmVzcG9uc2l2ZV9zcGFjaW5nIiwic2VsZWN0b3JfaWQiOiI2NjhlN2JmMWRmNmIwIiwic2hvcnRjb2RlIjoidmNfcm93IiwiZGF0YSI6eyJ0YWJsZXQiOnt9LCJtb2JpbGUiOnt9fX0=&#8220; mobile_bg_img_hidden=&#8220;no&#8220; tablet_bg_img_hidden=&#8220;no&#8220; woodmart_parallax=&#8220;0&#8243; woodmart_gradient_switch=&#8220;no&#8220; woodmart_box_shadow=&#8220;no&#8220; wd_z_index=&#8220;no&#8220; woodmart_disable_overflow=&#8220;0&#8243; row_reverse_mobile=&#8220;0&#8243; row_reverse_tablet=&#8220;0&#8243;][vc_column offset=&#8220;vc_col-md-12&#8243; woodmart_css_id=&#8220;668e872a7513b&#8220; parallax_scroll=&#8220;no&#8220; woodmart_sticky_column=&#8220;false&#8220; wd_collapsible_content_switcher=&#8220;no&#8220; wd_column_role_offcanvas_desktop=&#8220;no&#8220; wd_column_role_offcanvas_tablet=&#8220;no&#8220; wd_column_role_offcanvas_mobile=&#8220;no&#8220; wd_column_role_content_desktop=&#8220;no&#8220; wd_column_role_content_tablet=&#8220;no&#8220; wd_column_role_content_mobile=&#8220;no&#8220; mobile_bg_img_hidden=&#8220;no&#8220; tablet_bg_img_hidden=&#8220;no&#8220; woodmart_parallax=&#8220;0&#8243; woodmart_box_shadow=&#8220;no&#8220; responsive_spacing=&#8220;eyJwYXJhbV90eXBlIjoid29vZG1hcnRfcmVzcG9uc2l2ZV9zcGFjaW5nIiwic2VsZWN0b3JfaWQiOiI2NjhlODcyYTc1MTNiIiwic2hvcnRjb2RlIjoidmNfY29sdW1uIiwiZGF0YSI6eyJ0YWJsZXQiOnt9LCJtb2JpbGUiOnt9fX0=&#8220; mobile_reset_margin=&#8220;no&#8220; tablet_reset_margin=&#8220;no&#8220; wd_z_index=&#8220;no&#8220;]\n\t\t<div id=\"wd-66954c355af6a\" class=\"title-wrapper wd-wpb wd-set-mb reset-last-child  wd-rs-66954c355af6a wd-title-color-default wd-title-style-default text-left  wd-underline-colored\">\n\t\t\t\n\t\t\t<div class=\"liner-continer\">\n\t\t\t\t<h4 class=\"woodmart-title-container title  wd-font-weight- wd-fontsize-l\" >Fensterprofil aus Holz<\/h4>\n\t\t\t\t\t\t\t<\/div>\n\t\t\t\n\t\t\t\n\t\t\t\n\t\t<\/div>\n\t\t\n\t\t[\/vc_column][\/vc_row][vc_row content_placement=&#8220;top&#8220; woodmart_css_id=&#8220;668e7bf1df6b0&#8243; responsive_spacing=&#8220;eyJwYXJhbV90eXBlIjoid29vZG1hcnRfcmVzcG9uc2l2ZV9zcGFjaW5nIiwic2VsZWN0b3JfaWQiOiI2NjhlN2JmMWRmNmIwIiwic2hvcnRjb2RlIjoidmNfcm93IiwiZGF0YSI6eyJ0YWJsZXQiOnt9LCJtb2JpbGUiOnt9fX0=&#8220; mobile_bg_img_hidden=&#8220;no&#8220; tablet_bg_img_hidden=&#8220;no&#8220; woodmart_parallax=&#8220;0&#8243; woodmart_gradient_switch=&#8220;no&#8220; woodmart_box_shadow=&#8220;no&#8220; wd_z_index=&#8220;no&#8220; woodmart_disable_overflow=&#8220;0&#8243; row_reverse_mobile=&#8220;0&#8243; row_reverse_tablet=&#8220;0&#8243;][vc_column width=&#8220;1\/2&#8243; offset=&#8220;vc_col-md-6&#8243;]\t\t<div id=\"wd-66954bb6718be\" class=\"wd-text-block wd-wpb reset-last-child wd-rs-66954bb6718be text-left \">\n\t\t\t<p>Fenster mit Blick auf die Technologien des 20. Jahrhunderts! Wir \u00fcbertreffen unsere Konkurrenten, indem wir unseren Kunden die besten Qualit\u00e4tsprodukte anbieten. Detaillierte Fenster und Rolll\u00e4den f\u00fcr diejenigen, die sich nicht mit weniger als Perfektion zufrieden geben.<\/p>\n\t\t<\/div>\n\t\t\t\t<div class=\"wd-wpb wd-rs-669226d6ad2bc\">\n\t\t\t<div class=\"wd-el-table-wrap wd-reset-all-last\">\n\t\t\t\t<table class=\"wd-el-table\">\n\t\t\t\t\t<tbody class=\"text-left\">\n\t\t\t\t\t\t\t\t<tr class=\" wd-rs-669567c6f3a97\">\n\t\t\t\t\t\t\t\t\t\t\t\t\t\t<th colspan=\"1\" rowspan=\"1\">\n\t\t\t\t\t\t\t\t\t\t\t\t\tV\u00e9delem:\t\t\t\t\t\t\t\t\t\t\t<\/th>\n\t\t\t\t\t\t\t\t\t\t\t\t\t\t<td colspan=\"1\" rowspan=\"1\">\n\t\t\t\t\t\t\t\t\t\t\t\t\tK\u00fcls\u0151 alum\u00ednium burkolat\t\t\t\t\t\t\t\t\t\t\t<\/td>\n\t\t\t\t\t\t\t<\/tr>\n\t\t\t\t\t<tr class=\" wd-rs-669567dfe0dd7\">\n\t\t\t\t\t\t\t\t\t\t\t\t\t\t<th colspan=\"1\" rowspan=\"1\">\n\t\t\t\t\t\t\t\t\t\t\t\t\tKeret vastags\u00e1ga:\t\t\t\t\t\t\t\t\t\t\t<\/th>\n\t\t\t\t\t\t\t\t\t\t\t\t\t\t<td colspan=\"1\" rowspan=\"1\">\n\t\t\t\t\t\t\t\t\t\t\t\t\t100 mm\t\t\t\t\t\t\t\t\t\t\t<\/td>\n\t\t\t\t\t\t\t<\/tr>\n\t\t\t\t\t<tr class=\" wd-rs-669567f0ebc9e\">\n\t\t\t\t\t\t\t\t\t\t\t\t\t\t<th colspan=\"1\" rowspan=\"1\">\n\t\t\t\t\t\t\t\t\t\t\t\t\tAblakny\u00edl\u00e1s (tok) vastags\u00e1ga:\t\t\t\t\t\t\t\t\t\t\t<\/th>\n\t\t\t\t\t\t\t\t\t\t\t\t\t\t<td colspan=\"1\" rowspan=\"1\">\n\t\t\t\t\t\t\t\t\t\t\t\t\t82 mm (bele\u00e9rtve az alum\u00edniumot)\t\t\t\t\t\t\t\t\t\t\t<\/td>\n\t\t\t\t\t\t\t<\/tr>\n\t\t\t\t\t<tr class=\" wd-rs-66956808cc25b\">\n\t\t\t\t\t\t\t\t\t\t\t\t\t\t<th colspan=\"1\" rowspan=\"1\">\n\t\t\t\t\t\t\t\t\t\t\t\t\tVasalat:\t\t\t\t\t\t\t\t\t\t\t<\/th>\n\t\t\t\t\t\t\t\t\t\t\t\t\t\t<td colspan=\"1\" rowspan=\"1\">\n\t\t\t\t\t\t\t\t\t\t\t\t\tFenster\t\t\t\t\t\t\t\t\t\t\t<\/td>\n\t\t\t\t\t\t\t<\/tr>\n\t\t\t\t\t<tr class=\" wd-rs-66956827448e3\">\n\t\t\t\t\t\t\t\t\t\t\t\t\t\t<th colspan=\"1\" rowspan=\"1\">\n\t\t\t\t\t\t\t\t\t\t\t\t\tZs\u00e1ner:\t\t\t\t\t\t\t\t\t\t\t<\/th>\n\t\t\t\t\t\t\t\t\t\t\t\t\t\t<td colspan=\"1\" rowspan=\"1\">\n\t\t\t\t\t\t\t\t\t\t\t\t\tlehet\u0151s\u00e9g rejtett zsan\u00e9r beszerel\u00e9s\u00e9re\t\t\t\t\t\t\t\t\t\t\t<\/td>\n\t\t\t\t\t\t\t<\/tr>\n\t\t\t\t\t<tr class=\" wd-rs-6695683f4f853\">\n\t\t\t\t\t\t\t\t\t\t\t\t\t\t<th colspan=\"1\" rowspan=\"1\">\n\t\t\t\t\t\t\t\t\t\t\t\t\t\u00dcveg vastags\u00e1ga:\t\t\t\t\t\t\t\t\t\t\t<\/th>\n\t\t\t\t\t\t\t\t\t\t\t\t\t\t<td colspan=\"1\" rowspan=\"1\">\n\t\t\t\t\t\t\t\t\t\t\t\t\t28 vagy 40 mm\t\t\t\t\t\t\t\t\t\t\t<\/td>\n\t\t\t\t\t\t\t<\/tr>\n\t\t\t\t\t<tr class=\" wd-rs-6695685651e4a\">\n\t\t\t\t\t\t\t\t\t\t\t\t\t\t<th colspan=\"1\" rowspan=\"1\">\n\t\t\t\t\t\t\t\t\t\t\t\t\t\u00dcveg t\u00e1vtart\u00f3:\t\t\t\t\t\t\t\t\t\t\t<\/th>\n\t\t\t\t\t\t\t\t\t\t\t\t\t\t<td colspan=\"1\" rowspan=\"1\">\n\t\t\t\t\t\t\t\t\t\t\t\t\tmeleg\/hideg\t\t\t\t\t\t\t\t\t\t\t<\/td>\n\t\t\t\t\t\t\t<\/tr>\n\t\t\t\t\t<tr class=\" wd-rs-6695686b4d592\">\n\t\t\t\t\t\t\t\t\t\t\t\t\t\t<th colspan=\"1\" rowspan=\"1\">\n\t\t\t\t\t\t\t\t\t\t\t\t\tSzigetel\u00e9s\/\u00dcvegcsomag befogat\u00e1sa:\t\t\t\t\t\t\t\t\t\t\t<\/th>\n\t\t\t\t\t\t\t\t\t\t\t\t\t\t<td colspan=\"1\" rowspan=\"1\">\n\t\t\t\t\t\t\t\t\t\t\t\t\tt\u00f6bbkomponens\u0171 szintetikus gumi\t\t\t\t\t\t\t\t\t\t\t<\/td>\n\t\t\t\t\t\t\t<\/tr>\n\t\t\t\t\t<tr class=\" wd-rs-669568914492b\">\n\t\t\t\t\t\t\t\t\t\t\t\t\t\t<th colspan=\"1\" rowspan=\"1\">\n\t\t\t\t\t\t\t\t\t\t\t\t\tG\u00e9der:\t\t\t\t\t\t\t\t\t\t\t<\/th>\n\t\t\t\t\t\t\t\t\t\t\t\t\t\t<td colspan=\"1\" rowspan=\"1\">\n\t\t\t\t\t\t\t\t\t\t\t\t\tkompozit gumi \/ t\u00f6bbkomponens\u0171 szintetikus gumi\t\t\t\t\t\t\t\t\t\t\t<\/td>\n\t\t\t\t\t\t\t<\/tr>\n\t\t\t\t\t<tr class=\" wd-rs-669568c9d1d90\">\n\t\t\t\t\t\t\t\t\t\t\t\t\t\t<th colspan=\"1\" rowspan=\"1\">\n\t\t\t\t\t\t\t\t\t\t\t\t\tT\u00f6m\u00edt\u0151gy\u0171r\u0171 sorok sz\u00e1ma:\t\t\t\t\t\t\t\t\t\t\t<\/th>\n\t\t\t\t\t\t\t\t\t\t\t\t\t\t<td colspan=\"1\" rowspan=\"1\">\n\t\t\t\t\t\t\t\t\t\t\t\t\t3\t\t\t\t\t\t\t\t\t\t\t<\/td>\n\t\t\t\t\t\t\t<\/tr>\n\t\t\t\t\t<tr class=\" wd-rs-669568d2dc393\">\n\t\t\t\t\t\t\t\t\t\t\t\t\t\t<th colspan=\"1\" rowspan=\"1\">\n\t\t\t\t\t\t\t\t\t\t\t\t\tV\u00edzvezet\u0151:\t\t\t\t\t\t\t\t\t\t\t<\/th>\n\t\t\t\t\t\t\t\t\t\t\t\t\t\t<td colspan=\"1\" rowspan=\"1\">\n\t\t\t\t\t\t\t\t\t\t\t\t\tk\u00f6zvetlen\u00fcl \u00e9rinti a f\u00e1t\t\t\t\t\t\t\t\t\t\t\t<\/td>\n\t\t\t\t\t\t\t<\/tr>\n\t\t\t\t\t<tr class=\" wd-rs-669568e39da74\">\n\t\t\t\t\t\t\t\t\t\t\t\t\t\t<th colspan=\"1\" rowspan=\"1\">\n\t\t\t\t\t\t\t\t\t\t\t\t\tAlak:\t\t\t\t\t\t\t\t\t\t\t<\/th>\n\t\t\t\t\t\t\t\t\t\t\t\t\t\t<td colspan=\"1\" rowspan=\"1\">\n\t\t\t\t\t\t\t\t\t\t\t\t\tn\u00e9gysz\u00f6g vagy tomp\u00edtott\t\t\t\t\t\t\t\t\t\t\t<\/td>\n\t\t\t\t\t\t\t<\/tr>\n\t\t\t\t\t\t\t<\/tbody>\n\t\t\t\t<\/table>\n\t\t\t<\/div>\n\t\t<\/div>\n\t\t[\/vc_column][vc_column width=&#8220;1\/2&#8243; offset=&#8220;vc_col-md-6&#8243;]\t\t<div id=\"wd-6695494c84078\" class=\"wd-image wd-wpb wd-rs-6695494c84078 text-left \">\n\t\t\t\n\t\t\t<img loading=\"lazy\" decoding=\"async\" width=\"1000\" height=\"1500\" src=\"https:\/\/rapidlogistic.hu\/wp-content\/uploads\/2024\/07\/fa-ablakok.webp\" class=\"attachment-full size-full\" alt=\"\" srcset=\"https:\/\/rapidlogistic.hu\/wp-content\/uploads\/2024\/07\/fa-ablakok.webp 1000w, https:\/\/rapidlogistic.hu\/wp-content\/uploads\/2024\/07\/fa-ablakok-430x645.webp 430w, https:\/\/rapidlogistic.hu\/wp-content\/uploads\/2024\/07\/fa-ablakok-150x225.webp 150w, https:\/\/rapidlogistic.hu\/wp-content\/uploads\/2024\/07\/fa-ablakok-700x1050.webp 700w, https:\/\/rapidlogistic.hu\/wp-content\/uploads\/2024\/07\/fa-ablakok-200x300.webp 200w, https:\/\/rapidlogistic.hu\/wp-content\/uploads\/2024\/07\/fa-ablakok-533x800.webp 533w, https:\/\/rapidlogistic.hu\/wp-content\/uploads\/2024\/07\/fa-ablakok-768x1152.webp 768w\" sizes=\"auto, (max-width: 1000px) 100vw, 1000px\" \/>\n\t\t\t\t\t<\/div>\n\t\t[\/vc_column][\/vc_row][vc_row][vc_column][vc_separator css=&#8220;&#8220; wd_hide_on_desktop=&#8220;no&#8220; wd_hide_on_tablet=&#8220;no&#8220; wd_hide_on_mobile=&#8220;no&#8220;][\/vc_column][\/vc_row][vc_row woodmart_css_id=&#8220;6694f78779f2a&#8220; responsive_spacing=&#8220;eyJwYXJhbV90eXBlIjoid29vZG1hcnRfcmVzcG9uc2l2ZV9zcGFjaW5nIiwic2VsZWN0b3JfaWQiOiI2Njk0Zjc4Nzc5ZjJhIiwic2hvcnRjb2RlIjoidmNfcm93IiwiZGF0YSI6eyJ0YWJsZXQiOnt9LCJtb2JpbGUiOnt9fX0=&#8220; mobile_bg_img_hidden=&#8220;no&#8220; tablet_bg_img_hidden=&#8220;no&#8220; woodmart_parallax=&#8220;0&#8243; woodmart_gradient_switch=&#8220;no&#8220; woodmart_box_shadow=&#8220;no&#8220; wd_z_index=&#8220;no&#8220; woodmart_disable_overflow=&#8220;0&#8243; row_reverse_mobile=&#8220;0&#8243; row_reverse_tablet=&#8220;0&#8243;][vc_column]<div class=\"wpb-content-wrapper\">[vc_row][vc_column]\n\t\t<div id=\"wd-669554cb68012\" class=\"title-wrapper wd-wpb wd-set-mb reset-last-child  wd-rs-669554cb68012 wd-title-color-default wd-title-style-default text-left  wd-underline-colored\">\n\t\t\t\n\t\t\t<div class=\"liner-continer\">\n\t\t\t\t<h4 class=\"woodmart-title-container title  wd-font-weight- wd-fontsize-l\" >Die Vorteile von Fenstern und T\u00fcren aus Sperrholz<\/h4>\n\t\t\t\t\t\t\t<\/div>\n\t\t\t\n\t\t\t\n\t\t\t\n\t\t<\/div>\n\t\t\n\t\t[\/vc_column][\/vc_row][vc_row content_placement=\"top\" woodmart_css_id=\"668e7ac82d535\" responsive_spacing=\"eyJwYXJhbV90eXBlIjoid29vZG1hcnRfcmVzcG9uc2l2ZV9zcGFjaW5nIiwic2VsZWN0b3JfaWQiOiI2NjhlN2FjODJkNTM1Iiwic2hvcnRjb2RlIjoidmNfcm93IiwiZGF0YSI6eyJ0YWJsZXQiOnt9LCJtb2JpbGUiOnt9fX0=\" mobile_bg_img_hidden=\"no\" tablet_bg_img_hidden=\"no\" woodmart_parallax=\"0\" woodmart_gradient_switch=\"no\" woodmart_box_shadow=\"no\" wd_z_index=\"no\" woodmart_disable_overflow=\"0\" row_reverse_mobile=\"0\" row_reverse_tablet=\"0\"][vc_column offset=\"vc_col-md-12\" woodmart_css_id=\"669554a5daede\" parallax_scroll=\"no\" woodmart_sticky_column=\"false\" wd_collapsible_content_switcher=\"no\" wd_column_role_offcanvas_desktop=\"no\" wd_column_role_offcanvas_tablet=\"no\" wd_column_role_offcanvas_mobile=\"no\" wd_column_role_content_desktop=\"no\" wd_column_role_content_tablet=\"no\" wd_column_role_content_mobile=\"no\" mobile_bg_img_hidden=\"no\" tablet_bg_img_hidden=\"no\" woodmart_parallax=\"0\" woodmart_box_shadow=\"no\" responsive_spacing=\"eyJwYXJhbV90eXBlIjoid29vZG1hcnRfcmVzcG9uc2l2ZV9zcGFjaW5nIiwic2VsZWN0b3JfaWQiOiI2Njk1NTRhNWRhZWRlIiwic2hvcnRjb2RlIjoidmNfY29sdW1uIiwiZGF0YSI6eyJ0YWJsZXQiOnt9LCJtb2JpbGUiOnt9fX0=\" mobile_reset_margin=\"no\" tablet_reset_margin=\"no\" wd_z_index=\"no\"]\t\t<div id=\"wd-669554ae90ff2\" class=\"wd-text-block wd-wpb reset-last-child wd-rs-669554ae90ff2 text-left \">\n\t\t\t<p>Fenster und T\u00fcren mit Holz-Aluminium-Verkleidung sind eine innovative und effiziente L\u00f6sung, die sich von herk\u00f6mmlichen Fenstern und T\u00fcren und anderen derzeit auf dem Markt erh\u00e4ltlichen Optionen unterscheidet. Holz-Aluminium-Fenster und -T\u00fcren bieten das perfekte Gleichgewicht zwischen der hohen Qualit\u00e4t von Aluminium und dem nat\u00fcrlichen, warmen Aussehen von Sichtholz. Sie werden zu einem integralen Bestandteil des Wohngeb\u00e4udes, zu einem dekorativen Element, das dem Geb\u00e4ude einen modernen architektonischen Stil verleiht und gleichzeitig eine nachhaltige und energieeffiziente Wahl darstellt. Aluminiumverkleidete Holzverbundfenster bieten \u00e4sthetische Flexibilit\u00e4t: Die Aluminiumschicht kann in jeder RAL-Farbe gestrichen werden, die zum Design des Geb\u00e4udes passt. Diese Fenster und T\u00fcren werden mit modernsten Maschinen hergestellt - die Planung und Ausf\u00fchrung der Produktion erfolgt in unserem eigenen Werk, um ein Qualit\u00e4tsprodukt zu gew\u00e4hrleisten. Die W\u00e4rmed\u00e4mmung, die nat\u00fcrliche W\u00e4rme des Holzes und die Best\u00e4ndigkeit des Aluminiums gegen Witterungseinfl\u00fcsse und extreme Bedingungen gew\u00e4hrleisten eine lange Lebensdauer und Energieeffizienz.<\/p>\n\t\t<\/div>\n\t\t[\/vc_column][\/vc_row][vc_row][vc_column][vc_separator css=\"\" wd_hide_on_desktop=\"no\" wd_hide_on_tablet=\"no\" wd_hide_on_mobile=\"no\"][\/vc_column][\/vc_row][vc_row content_placement=\"top\" woodmart_css_id=\"668e7ac82d535\" responsive_spacing=\"eyJwYXJhbV90eXBlIjoid29vZG1hcnRfcmVzcG9uc2l2ZV9zcGFjaW5nIiwic2VsZWN0b3JfaWQiOiI2NjhlN2FjODJkNTM1Iiwic2hvcnRjb2RlIjoidmNfcm93IiwiZGF0YSI6eyJ0YWJsZXQiOnt9LCJtb2JpbGUiOnt9fX0=\" mobile_bg_img_hidden=\"no\" tablet_bg_img_hidden=\"no\" woodmart_parallax=\"0\" woodmart_gradient_switch=\"no\" woodmart_box_shadow=\"no\" wd_z_index=\"no\" woodmart_disable_overflow=\"0\" row_reverse_mobile=\"0\" row_reverse_tablet=\"0\"][vc_column offset=\"vc_col-md-6\"]\n\t\t<div id=\"wd-66954d32ebdc9\" class=\"title-wrapper wd-wpb wd-set-mb reset-last-child  wd-rs-66954d32ebdc9 wd-title-color-default wd-title-style-default text-left  wd-underline-colored\">\n\t\t\t\n\t\t\t<div class=\"liner-continer\">\n\t\t\t\t<h4 class=\"woodmart-title-container title  wd-font-weight- wd-fontsize-l\" >W\u00e4rme- und Schalld\u00e4mmung<\/h4>\n\t\t\t\t\t\t\t<\/div>\n\t\t\t\n\t\t\t\n\t\t\t\n\t\t<\/div>\n\t\t\n\t\t\t\t<div id=\"wd-66954cfea4e3c\" class=\"wd-text-block wd-wpb reset-last-child wd-rs-66954cfea4e3c text-left \">\n\t\t\t<p>Jeder w\u00fcnscht sich ein Zuhause, in dem er sich von der Au\u00dfenwelt abschirmen kann, in dem seine Ruhe nicht durch L\u00e4rm oder Temperaturschwankungen gest\u00f6rt wird. Fenster und T\u00fcren, die den h\u00f6chsten Qualit\u00e4tsstandards entsprechen, mit einer W\u00e4rme- und Schalld\u00e4mmung, die den Komfort auf ein neues Niveau hebt. Sie halten den Wohnraum im Sommer k\u00fchl und im Winter warm und reduzieren gleichzeitig die Kondensation.<\/p>\n\t\t<\/div>\n\t\t[\/vc_column][vc_column offset=\"vc_col-md-6\"]\n\t\t<div id=\"wd-66954d781f914\" class=\"title-wrapper wd-wpb wd-set-mb reset-last-child  wd-rs-66954d781f914 wd-title-color-default wd-title-style-default text-left  wd-underline-colored\">\n\t\t\t\n\t\t\t<div class=\"liner-continer\">\n\t\t\t\t<h4 class=\"woodmart-title-container title  wd-font-weight- wd-fontsize-l\" >Dauerhaftigkeit<\/h4>\n\t\t\t\t\t\t\t<\/div>\n\t\t\t\n\t\t\t\n\t\t\t\n\t\t<\/div>\n\t\t\n\t\t\t\t<div id=\"wd-66954d835a757\" class=\"wd-text-block wd-wpb reset-last-child wd-rs-66954d835a757 text-left \">\n\t\t\t<p>Der Schl\u00fcssel zur Langlebigkeit unserer Produkte liegt in der intelligenten Nutzung neuer Technologien. Die Aluminiumverkleidung wirkt wie ein Schutzgas, das das Holz vor Witterungssch\u00e4den, UV-Strahlen, sch\u00e4dlichen Insekten oder \u00fcberm\u00e4\u00dfiger Feuchtigkeit sch\u00fctzt und gleichzeitig den Bedarf an regelm\u00e4\u00dfiger Wartung verringert. Die Schutzbeschichtung von Sperrholz ist umweltfreundlich und sorgt f\u00fcr langfristige Haltbarkeit.<\/p>\n\t\t<\/div>\n\t\t[\/vc_column][\/vc_row][vc_row][vc_column][vc_separator css=\"\" wd_hide_on_desktop=\"no\" wd_hide_on_tablet=\"no\" wd_hide_on_mobile=\"no\"][\/vc_column][\/vc_row][vc_row content_placement=\"top\" woodmart_css_id=\"668e7ac82d535\" responsive_spacing=\"eyJwYXJhbV90eXBlIjoid29vZG1hcnRfcmVzcG9uc2l2ZV9zcGFjaW5nIiwic2VsZWN0b3JfaWQiOiI2NjhlN2FjODJkNTM1Iiwic2hvcnRjb2RlIjoidmNfcm93IiwiZGF0YSI6eyJ0YWJsZXQiOnt9LCJtb2JpbGUiOnt9fX0=\" mobile_bg_img_hidden=\"no\" tablet_bg_img_hidden=\"no\" woodmart_parallax=\"0\" woodmart_gradient_switch=\"no\" woodmart_box_shadow=\"no\" wd_z_index=\"no\" woodmart_disable_overflow=\"0\" row_reverse_mobile=\"0\" row_reverse_tablet=\"0\"][vc_column offset=\"vc_col-md-6\"]\n\t\t<div id=\"wd-66954d6c2c496\" class=\"title-wrapper wd-wpb wd-set-mb reset-last-child  wd-rs-66954d6c2c496 wd-title-color-default wd-title-style-default text-left  wd-underline-colored\">\n\t\t\t\n\t\t\t<div class=\"liner-continer\">\n\t\t\t\t<h4 class=\"woodmart-title-container title  wd-font-weight- wd-fontsize-l\" >Personalisierung und Vielseitigkeit<\/h4>\n\t\t\t\t\t\t\t<\/div>\n\t\t\t\n\t\t\t\n\t\t\t\n\t\t<\/div>\n\t\t\n\t\t\t\t<div id=\"wd-66954d6501689\" class=\"wd-text-block wd-wpb reset-last-child wd-rs-66954d6501689 text-left \">\n\t\t\t<p>Fenster- und T\u00fcrprofile aus Sperrholz und Aluminium gibt es in verschiedenen Formen, Materialien, Farben und Gr\u00f6\u00dfen. Ob es sich um ein durchschnittliches Haus, ein stilvolles Restaurant oder sogar ein historisches Geb\u00e4ude handelt, diese T\u00fcren und Fenster k\u00f6nnen sich an jedes Design und jeden Bedarf anpassen. Design und Farbe der Profile k\u00f6nnen so gew\u00e4hlt werden, dass sie sowohl zum Innen- als auch zum Au\u00dfenbereich des Geb\u00e4udes passen, auch wenn sie sich im Stil unterscheiden.<\/p>\n\t\t<\/div>\n\t\t[\/vc_column][vc_column offset=\"vc_col-md-6\"]\n\t\t<div id=\"wd-66954d9694af6\" class=\"title-wrapper wd-wpb wd-set-mb reset-last-child  wd-rs-66954d9694af6 wd-title-color-default wd-title-style-default text-left  wd-underline-colored\">\n\t\t\t\n\t\t\t<div class=\"liner-continer\">\n\t\t\t\t<h4 class=\"woodmart-title-container title  wd-font-weight- wd-fontsize-l\" >Erh\u00f6hte Sicherheit<\/h4>\n\t\t\t\t\t\t\t<\/div>\n\t\t\t\n\t\t\t\n\t\t\t\n\t\t<\/div>\n\t\t\n\t\t\t\t<div id=\"wd-66954d8ec44c6\" class=\"wd-text-block wd-wpb reset-last-child wd-rs-66954d8ec44c6 text-left \">\n\t\t\t<p>Ein gro\u00dfer Vorteil dieser Fenster besteht darin, dass sie auch bei einem Bruch im Kasten bleiben, dank einer Folie, die einen garantierten Schutz vor Unf\u00e4llen und Einbr\u00fcchen bietet. Das Verschlusssystem f\u00fcr Fenster und T\u00fcren ist von h\u00f6chster Qualit\u00e4t, so dass die Hausbesitzer sicher sein k\u00f6nnen, dass ihr Haus sicher ist.<\/p>\n\t\t<\/div>\n\t\t[\/vc_column][\/vc_row]<\/div>[\/vc_column][\/vc_row]<\/p>\n<\/div>","protected":false},"excerpt":{"rendered":"<p><strong>Dreischichtiges Sperrholz<\/strong><\/p>\n<p><strong>Die Vorteile von Fenstern und T\u00fcren aus Sperrholz:<\/strong><\/p>\n<p>Fenster und T\u00fcren mit Holz-Aluminium-Verkleidung sind eine innovative und effiziente L\u00f6sung, die sich von herk\u00f6mmlichen Fenstern und T\u00fcren und anderen derzeit auf dem Markt erh\u00e4ltlichen Optionen unterscheidet. Holz-Aluminium-Fenster und -T\u00fcren bieten das perfekte Gleichgewicht zwischen der hohen Qualit\u00e4t von Aluminium und dem nat\u00fcrlichen, warmen Aussehen von Sperrholz. Sie werden zu einem integralen Bestandteil des Wohngeb\u00e4udes, zu einem dekorativen Element, das dem Geb\u00e4ude einen modernen architektonischen Stil verleiht und gleichzeitig eine nachhaltige und energieeffiziente Wahl darstellt. Aluminiumverkleidete Holzverbundfenster bieten \u00e4sthetische Flexibilit\u00e4t: Die Aluminiumschicht kann in jeder RAL-Farbe lackiert werden, die zum Geb\u00e4udedesign passt. Diese Fenster und T\u00fcren werden mit modernsten Maschinen hergestellt &#8211; die Planung und Ausf\u00fchrung der Produktion erfolgt in unserem eigenen Werk, um ein Qualit\u00e4tsprodukt zu gew\u00e4hrleisten. Die W\u00e4rmed\u00e4mmung, die nat\u00fcrliche W\u00e4rme des Holzes und die Best\u00e4ndigkeit des Aluminiums gegen Witterungseinfl\u00fcsse und extreme Bedingungen gew\u00e4hrleisten eine lange Lebensdauer und Energieeffizienz.<\/p>\n","protected":false},"featured_media":10161,"comment_status":"closed","ping_status":"closed","template":"","meta":[],"product_brand":[],"product_cat":[331],"product_tag":[367,364,395],"class_list":{"0":"post-11776","1":"product","2":"type-product","3":"status-publish","4":"has-post-thumbnail","6":"product_cat-hoelzerne-fenster","7":"product_tag-fenster-und-tueren-aus-holz","8":"product_tag-holzfenster","9":"product_tag-sperrholz-fenster","11":"first","12":"instock","13":"shipping-taxable","14":"product-type-simple"},"_links":{"self":[{"href":"https:\/\/rapidlogistic.hu\/de\/wp-json\/wp\/v2\/product\/11776","targetHints":{"allow":["GET"]}}],"collection":[{"href":"https:\/\/rapidlogistic.hu\/de\/wp-json\/wp\/v2\/product"}],"about":[{"href":"https:\/\/rapidlogistic.hu\/de\/wp-json\/wp\/v2\/types\/product"}],"replies":[{"embeddable":true,"href":"https:\/\/rapidlogistic.hu\/de\/wp-json\/wp\/v2\/comments?post=11776"}],"wp:featuredmedia":[{"embeddable":true,"href":"https:\/\/rapidlogistic.hu\/de\/wp-json\/wp\/v2\/media\/10161"}],"wp:attachment":[{"href":"https:\/\/rapidlogistic.hu\/de\/wp-json\/wp\/v2\/media?parent=11776"}],"wp:term":[{"taxonomy":"product_brand","embeddable":true,"href":"https:\/\/rapidlogistic.hu\/de\/wp-json\/wp\/v2\/product_brand?post=11776"},{"taxonomy":"product_cat","embeddable":true,"href":"https:\/\/rapidlogistic.hu\/de\/wp-json\/wp\/v2\/product_cat?post=11776"},{"taxonomy":"product_tag","embeddable":true,"href":"https:\/\/rapidlogistic.hu\/de\/wp-json\/wp\/v2\/product_tag?post=11776"}],"curies":[{"name":"wp","href":"https:\/\/api.w.org\/{rel}","templated":true}]}}