{"id":13536,"date":"2025-01-23T23:00:10","date_gmt":"2025-01-23T22:00:10","guid":{"rendered":"https:\/\/rapidlogistic.hu\/termek\/argos-innentuer\/"},"modified":"2025-04-27T23:53:16","modified_gmt":"2025-04-27T21:53:16","slug":"argos-innentur","status":"publish","type":"product","link":"https:\/\/rapidlogistic.hu\/de\/produkt\/argos-innentur\/","title":{"rendered":"Argos Innent\u00fcr"},"content":{"rendered":"<div class=\"wpb-content-wrapper\"><p>[vc_row woodmart_css_id=&#8220;668c1c35728f9&#8243; responsive_spacing=&#8220;eyJwYXJhbV90eXBlIjoid29vZG1hcnRfcmVzcG9uc2l2ZV9zcGFjaW5nIiwic2VsZWN0b3JfaWQiOiI2NjhjMWMzNTcyOGY5Iiwic2hvcnRjb2RlIjoidmNfcm93IiwiZGF0YSI6eyJ0YWJsZXQiOnt9LCJtb2JpbGUiOnt9fX0=&#8220; mobile_bg_img_hidden=&#8220;no&#8220; tablet_bg_img_hidden=&#8220;no&#8220; woodmart_parallax=&#8220;0&#8243; woodmart_gradient_switch=&#8220;no&#8220; woodmart_box_shadow=&#8220;no&#8220; wd_z_index=&#8220;no&#8220; woodmart_disable_overflow=&#8220;0&#8243; row_reverse_mobile=&#8220;0&#8243; row_reverse_tablet=&#8220;0&#8243;][vc_column]<div class=\"wpb-content-wrapper\">[vc_row content_placement=\"top\" woodmart_css_id=\"668e7ac82d535\" responsive_spacing=\"eyJwYXJhbV90eXBlIjoid29vZG1hcnRfcmVzcG9uc2l2ZV9zcGFjaW5nIiwic2VsZWN0b3JfaWQiOiI2NjhlN2FjODJkNTM1Iiwic2hvcnRjb2RlIjoidmNfcm93IiwiZGF0YSI6eyJ0YWJsZXQiOnt9LCJtb2JpbGUiOnt9fX0=\" mobile_bg_img_hidden=\"no\" tablet_bg_img_hidden=\"no\" woodmart_parallax=\"0\" woodmart_gradient_switch=\"no\" woodmart_box_shadow=\"no\" wd_z_index=\"no\" woodmart_disable_overflow=\"0\" row_reverse_mobile=\"0\" row_reverse_tablet=\"0\"][vc_column offset=\"vc_col-md-6\"]\n\t\t<div id=\"wd-678e5371c1c21\" class=\"title-wrapper wd-wpb wd-set-mb reset-last-child  wd-rs-678e5371c1c21 wd-title-color-default wd-title-style-default text-left  wd-underline-colored\">\n\t\t\t\n\t\t\t<div class=\"liner-continer\">\n\t\t\t\t<h4 class=\"woodmart-title-container title  wd-font-weight- wd-fontsize-l\" >Vorteile der CPL-T\u00fcren:<\/h4>\n\t\t\t\t\t\t\t<\/div>\n\t\t\t\n\t\t\t\n\t\t\t\n\t\t<\/div>\n\t\t\n\t\t\t\t<div id=\"wd-6793c6dbf3ee4\" class=\"wd-text-block wd-wpb reset-last-child wd-rs-6793c6dbf3ee4 text-left \">\n\t\t\t<p><strong>Mit einer gut ausgew\u00e4hlten, hochwertigen Innent\u00fcr k\u00f6nnen Sie Ihr Zuhause verwandeln! Eine T\u00fcr, die zum Farbschema und zum Stil Ihres Hauses passt, tr\u00e4gt zu einem perfekten Gesamtbild bei. <\/strong><\/p>\n\t\t<\/div>\n\t\t\t\t<div id=\"wd-6793ccc996c72\" class=\"wd-text-block wd-wpb reset-last-child wd-rs-6793ccc996c72 text-left \">\n\t\t\t<p><strong>Einzigartige Abmessungen und Design:<\/strong> Unsere Fertigungstechnologie erm\u00f6glicht es uns, CPL-T\u00fcren nach Ihren Vorgaben zu konstruieren. So k\u00f6nnen unsere Experten Ihnen helfen, T\u00fcren zu entwerfen, die genau die richtige Gr\u00f6\u00dfe f\u00fcr Ihren Raum haben.<\/p>\n<p><strong>Viele verschiedene Farben und Muster:<\/strong> k\u00f6nnen Sie die modernen Farben und Muster w\u00e4hlen, die Ihrem individuellen Geschmack und Ihren Vorstellungen am besten entsprechen.<\/p>\n<p><strong>Widerstandsf\u00e4hige, verschlei\u00dffeste Oberfl\u00e4che:<\/strong> CPL-T\u00fcren werden aus hochwertigen, robusten Paneelen der Firma Egger hergestellt. Das macht die Innent\u00fcren extrem haltbar und widerstandsf\u00e4hig und sorgt f\u00fcr eine lange Lebensdauer. <\/p>\n<p><strong>Zus\u00e4tzliche Option:<\/strong> die Richtung der Holzmaserung ist ebenfalls ohne Aufpreis m\u00f6glich.<\/p>\n\t\t<\/div>\n\t\t[\/vc_column][vc_column offset=\"vc_col-md-6\"]\t\t<div id=\"wd-678eaa976d4f4\" class=\"wd-image wd-wpb wd-rs-678eaa976d4f4 text-left \">\n\t\t\t\n\t\t\t<img loading=\"lazy\" decoding=\"async\" width=\"940\" height=\"788\" src=\"https:\/\/rapidlogistic.hu\/wp-content\/uploads\/2025\/01\/cpl-belteri-ajtok-elonyei.webp\" class=\"attachment-full size-full\" alt=\"\" srcset=\"https:\/\/rapidlogistic.hu\/wp-content\/uploads\/2025\/01\/cpl-belteri-ajtok-elonyei.webp 940w, https:\/\/rapidlogistic.hu\/wp-content\/uploads\/2025\/01\/cpl-belteri-ajtok-elonyei-358x300.webp 358w, https:\/\/rapidlogistic.hu\/wp-content\/uploads\/2025\/01\/cpl-belteri-ajtok-elonyei-768x644.webp 768w, https:\/\/rapidlogistic.hu\/wp-content\/uploads\/2025\/01\/cpl-belteri-ajtok-elonyei-430x360.webp 430w, https:\/\/rapidlogistic.hu\/wp-content\/uploads\/2025\/01\/cpl-belteri-ajtok-elonyei-700x587.webp 700w, https:\/\/rapidlogistic.hu\/wp-content\/uploads\/2025\/01\/cpl-belteri-ajtok-elonyei-150x126.webp 150w\" sizes=\"auto, (max-width: 940px) 100vw, 940px\" \/>\n\t\t\t\t\t<\/div>\n\t\t[\/vc_column][\/vc_row]<\/div>[\/vc_column][\/vc_row]<\/p>\n<\/div>","protected":false},"excerpt":{"rendered":"<p>[vc_row woodmart_css_id=&#8220;668c1c35728f9&#8243; responsive_spacing=&#8220;eyJwYXJhbV90eXBlIjoid29vZG1hcnRfcmVzcG9uc2l2ZV9zcGFjaW5nIiwic2VsZWN0b3JfaWQiOiI2NjhjMWMzNTcyOGY5Iiwic2hvcnRjb2RlIjoidmNfcm93IiwiZGF0YSI6eyJ0YWJsZXQiOnt9LCJtb2JpbGUiOnt9fX0=&#8220; mobile_bg_img_hidden=&#8220;no&#8220; tablet_bg_img_hidden=&#8220;no&#8220; woodmart_parallax=&#8220;0&#8243; woodmart_gradient_switch=&#8220;no&#8220; woodmart_box_shadow=&#8220;no&#8220; wd_z_index=&#8220;no&#8220; woodmart_disable_overflow=&#8220;0&#8243; row_reverse_mobile=&#8220;0&#8243; row_reverse_tablet=&#8220;0&#8243;][vc_column][html_block id=\"13523\"][\/vc_column][\/vc_row]<\/p>\n","protected":false},"featured_media":13208,"comment_status":"closed","ping_status":"closed","template":"","meta":[],"product_brand":[],"product_cat":[449,448],"product_tag":[451,450,452,457],"class_list":{"0":"post-13536","1":"product","2":"type-product","3":"status-publish","4":"has-post-thumbnail","6":"product_cat-borovi-de","7":"product_cat-innenturen","8":"product_tag-borovi-de","9":"product_tag-cpl-innentur","10":"product_tag-innentur","11":"product_tag-tur-mit-metallstreifen","13":"first","14":"instock","15":"shipping-taxable","16":"product-type-simple"},"_links":{"self":[{"href":"https:\/\/rapidlogistic.hu\/de\/wp-json\/wp\/v2\/product\/13536","targetHints":{"allow":["GET"]}}],"collection":[{"href":"https:\/\/rapidlogistic.hu\/de\/wp-json\/wp\/v2\/product"}],"about":[{"href":"https:\/\/rapidlogistic.hu\/de\/wp-json\/wp\/v2\/types\/product"}],"replies":[{"embeddable":true,"href":"https:\/\/rapidlogistic.hu\/de\/wp-json\/wp\/v2\/comments?post=13536"}],"wp:featuredmedia":[{"embeddable":true,"href":"https:\/\/rapidlogistic.hu\/de\/wp-json\/wp\/v2\/media\/13208"}],"wp:attachment":[{"href":"https:\/\/rapidlogistic.hu\/de\/wp-json\/wp\/v2\/media?parent=13536"}],"wp:term":[{"taxonomy":"product_brand","embeddable":true,"href":"https:\/\/rapidlogistic.hu\/de\/wp-json\/wp\/v2\/product_brand?post=13536"},{"taxonomy":"product_cat","embeddable":true,"href":"https:\/\/rapidlogistic.hu\/de\/wp-json\/wp\/v2\/product_cat?post=13536"},{"taxonomy":"product_tag","embeddable":true,"href":"https:\/\/rapidlogistic.hu\/de\/wp-json\/wp\/v2\/product_tag?post=13536"}],"curies":[{"name":"wp","href":"https:\/\/api.w.org\/{rel}","templated":true}]}}