{"id":10901,"date":"2024-07-14T23:45:20","date_gmt":"2024-07-14T21:45:20","guid":{"rendered":"https:\/\/rapidlogistic.hu\/termek\/flat-line-plywood-window\/"},"modified":"2024-08-07T00:20:29","modified_gmt":"2024-08-06T22:20:29","slug":"flat-line-plywood-window","status":"publish","type":"product","link":"https:\/\/rapidlogistic.hu\/en\/product\/flat-line-plywood-window\/","title":{"rendered":"Flat Line plywood window"},"content":{"rendered":"<div class=\"wpb-content-wrapper\"><p>[vc_row content_placement=&#8221;top&#8221; woodmart_css_id=&#8221;668e7bf1df6b0&#8243; responsive_spacing=&#8221;eyJwYXJhbV90eXBlIjoid29vZG1hcnRfcmVzcG9uc2l2ZV9zcGFjaW5nIiwic2VsZWN0b3JfaWQiOiI2NjhlN2JmMWRmNmIwIiwic2hvcnRjb2RlIjoidmNfcm93IiwiZGF0YSI6eyJ0YWJsZXQiOnt9LCJtb2JpbGUiOnt9fX0=&#8221; mobile_bg_img_hidden=&#8221;no&#8221; tablet_bg_img_hidden=&#8221;no&#8221; woodmart_parallax=&#8221;0&#8243; woodmart_gradient_switch=&#8221;no&#8221; woodmart_box_shadow=&#8221;no&#8221; wd_z_index=&#8221;no&#8221; woodmart_disable_overflow=&#8221;0&#8243; row_reverse_mobile=&#8221;0&#8243; row_reverse_tablet=&#8221;0&#8243;][vc_column offset=&#8221;vc_col-md-12&#8243; woodmart_css_id=&#8221;668e872a7513b&#8221; parallax_scroll=&#8221;no&#8221; woodmart_sticky_column=&#8221;false&#8221; wd_collapsible_content_switcher=&#8221;no&#8221; wd_column_role_offcanvas_desktop=&#8221;no&#8221; wd_column_role_offcanvas_tablet=&#8221;no&#8221; wd_column_role_offcanvas_mobile=&#8221;no&#8221; wd_column_role_content_desktop=&#8221;no&#8221; wd_column_role_content_tablet=&#8221;no&#8221; wd_column_role_content_mobile=&#8221;no&#8221; mobile_bg_img_hidden=&#8221;no&#8221; tablet_bg_img_hidden=&#8221;no&#8221; woodmart_parallax=&#8221;0&#8243; woodmart_box_shadow=&#8221;no&#8221; responsive_spacing=&#8221;eyJwYXJhbV90eXBlIjoid29vZG1hcnRfcmVzcG9uc2l2ZV9zcGFjaW5nIiwic2VsZWN0b3JfaWQiOiI2NjhlODcyYTc1MTNiIiwic2hvcnRjb2RlIjoidmNfY29sdW1uIiwiZGF0YSI6eyJ0YWJsZXQiOnt9LCJtb2JpbGUiOnt9fX0=&#8221; mobile_reset_margin=&#8221;no&#8221; tablet_reset_margin=&#8221;no&#8221; wd_z_index=&#8221;no&#8221;]\n\t\t<div id=\"wd-66954c355af6a\" class=\"title-wrapper wd-wpb wd-set-mb reset-last-child  wd-rs-66954c355af6a wd-title-color-default wd-title-style-default text-left  wd-underline-colored\">\n\t\t\t\n\t\t\t<div class=\"liner-continer\">\n\t\t\t\t<h4 class=\"woodmart-title-container title  wd-font-weight- wd-fontsize-l\" >Wooden window profile<\/h4>\n\t\t\t\t\t\t\t<\/div>\n\t\t\t\n\t\t\t\n\t\t\t\n\t\t<\/div>\n\t\t\n\t\t[\/vc_column][\/vc_row][vc_row content_placement=&#8221;top&#8221; woodmart_css_id=&#8221;668e7bf1df6b0&#8243; responsive_spacing=&#8221;eyJwYXJhbV90eXBlIjoid29vZG1hcnRfcmVzcG9uc2l2ZV9zcGFjaW5nIiwic2VsZWN0b3JfaWQiOiI2NjhlN2JmMWRmNmIwIiwic2hvcnRjb2RlIjoidmNfcm93IiwiZGF0YSI6eyJ0YWJsZXQiOnt9LCJtb2JpbGUiOnt9fX0=&#8221; mobile_bg_img_hidden=&#8221;no&#8221; tablet_bg_img_hidden=&#8221;no&#8221; woodmart_parallax=&#8221;0&#8243; woodmart_gradient_switch=&#8221;no&#8221; woodmart_box_shadow=&#8221;no&#8221; wd_z_index=&#8221;no&#8221; woodmart_disable_overflow=&#8221;0&#8243; row_reverse_mobile=&#8221;0&#8243; row_reverse_tablet=&#8221;0&#8243;][vc_column width=&#8221;1\/2&#8243; offset=&#8221;vc_col-md-6&#8243;]\t\t<div id=\"wd-66954bb6718be\" class=\"wd-text-block wd-wpb reset-last-child wd-rs-66954bb6718be text-left \">\n\t\t\t<p>Window with a view of 20th century technologies! We outperform our competitors by offering the best quality products to our Customers. Detailed windows and shutters designed for those who refuse to settle for anything less than perfection.<\/p>\n\t\t<\/div>\n\t\t\t\t<div class=\"wd-wpb wd-rs-669226d6ad2bc\">\n\t\t\t<div class=\"wd-el-table-wrap wd-reset-all-last\">\n\t\t\t\t<table class=\"wd-el-table\">\n\t\t\t\t\t<tbody class=\"text-left\">\n\t\t\t\t\t\t\t\t<tr class=\" wd-rs-669447690e916\">\n\t\t\t\t\t\t\t\t\t\t\t\t\t\t<th colspan=\"1\" rowspan=\"1\">\n\t\t\t\t\t\t\t\t\t\t\t\t\tV\u00e9delem:\t\t\t\t\t\t\t\t\t\t\t<\/th>\n\t\t\t\t\t\t\t\t\t\t\t\t\t\t<td colspan=\"1\" rowspan=\"1\">\n\t\t\t\t\t\t\t\t\t\t\t\t\tK\u00fcls\u0151 alum\u00ednium burkolat\t\t\t\t\t\t\t\t\t\t\t<\/td>\n\t\t\t\t\t\t\t<\/tr>\n\t\t\t\t\t<tr class=\" wd-rs-66944798bebf3\">\n\t\t\t\t\t\t\t\t\t\t\t\t\t\t<th colspan=\"1\" rowspan=\"1\">\n\t\t\t\t\t\t\t\t\t\t\t\t\tKeret vastags\u00e1ga:\t\t\t\t\t\t\t\t\t\t\t<\/th>\n\t\t\t\t\t\t\t\t\t\t\t\t\t\t<td colspan=\"1\" rowspan=\"1\">\n\t\t\t\t\t\t\t\t\t\t\t\t\t100 mm\t\t\t\t\t\t\t\t\t\t\t<\/td>\n\t\t\t\t\t\t\t<\/tr>\n\t\t\t\t\t<tr class=\" wd-rs-669447b11efba\">\n\t\t\t\t\t\t\t\t\t\t\t\t\t\t<th colspan=\"1\" rowspan=\"1\">\n\t\t\t\t\t\t\t\t\t\t\t\t\tAblakny\u00edl\u00e1s (tok) vastags\u00e1ga:\t\t\t\t\t\t\t\t\t\t\t<\/th>\n\t\t\t\t\t\t\t\t\t\t\t\t\t\t<td colspan=\"1\" rowspan=\"1\">\n\t\t\t\t\t\t\t\t\t\t\t\t\t100 mm (bele\u00e9rtve az alum\u00edniumot)\t\t\t\t\t\t\t\t\t\t\t<\/td>\n\t\t\t\t\t\t\t<\/tr>\n\t\t\t\t\t<tr class=\" wd-rs-669447dd71a1c\">\n\t\t\t\t\t\t\t\t\t\t\t\t\t\t<th colspan=\"1\" rowspan=\"1\">\n\t\t\t\t\t\t\t\t\t\t\t\t\tVasalat:\t\t\t\t\t\t\t\t\t\t\t<\/th>\n\t\t\t\t\t\t\t\t\t\t\t\t\t\t<td colspan=\"1\" rowspan=\"1\">\n\t\t\t\t\t\t\t\t\t\t\t\t\tMaco\t\t\t\t\t\t\t\t\t\t\t<\/td>\n\t\t\t\t\t\t\t<\/tr>\n\t\t\t\t\t<tr class=\" wd-rs-669447f9c6580\">\n\t\t\t\t\t\t\t\t\t\t\t\t\t\t<th colspan=\"1\" rowspan=\"1\">\n\t\t\t\t\t\t\t\t\t\t\t\t\tZs\u00e1ner:\t\t\t\t\t\t\t\t\t\t\t<\/th>\n\t\t\t\t\t\t\t\t\t\t\t\t\t\t<td colspan=\"1\" rowspan=\"1\">\n\t\t\t\t\t\t\t\t\t\t\t\t\tlehet\u0151s\u00e9g rejtett zsan\u00e9r beszerel\u00e9s\u00e9re\t\t\t\t\t\t\t\t\t\t\t<\/td>\n\t\t\t\t\t\t\t<\/tr>\n\t\t\t\t\t<tr class=\" wd-rs-669448180539f\">\n\t\t\t\t\t\t\t\t\t\t\t\t\t\t<th colspan=\"1\" rowspan=\"1\">\n\t\t\t\t\t\t\t\t\t\t\t\t\t\u00dcveg vastags\u00e1ga:\t\t\t\t\t\t\t\t\t\t\t<\/th>\n\t\t\t\t\t\t\t\t\t\t\t\t\t\t<td colspan=\"1\" rowspan=\"1\">\n\t\t\t\t\t\t\t\t\t\t\t\t\t46 vagy 54 mm\t\t\t\t\t\t\t\t\t\t\t<\/td>\n\t\t\t\t\t\t\t<\/tr>\n\t\t\t\t\t<tr class=\" wd-rs-6694483007e85\">\n\t\t\t\t\t\t\t\t\t\t\t\t\t\t<th colspan=\"1\" rowspan=\"1\">\n\t\t\t\t\t\t\t\t\t\t\t\t\t\u00dcveg t\u00e1vtart\u00f3:\t\t\t\t\t\t\t\t\t\t\t<\/th>\n\t\t\t\t\t\t\t\t\t\t\t\t\t\t<td colspan=\"1\" rowspan=\"1\">\n\t\t\t\t\t\t\t\t\t\t\t\t\tmeleg\/hideg\t\t\t\t\t\t\t\t\t\t\t<\/td>\n\t\t\t\t\t\t\t<\/tr>\n\t\t\t\t\t<tr class=\" wd-rs-6694485331d67\">\n\t\t\t\t\t\t\t\t\t\t\t\t\t\t<th colspan=\"1\" rowspan=\"1\">\n\t\t\t\t\t\t\t\t\t\t\t\t\tSzigetel\u00e9s\/\u00dcvegcsomag befogat\u00e1sa:\t\t\t\t\t\t\t\t\t\t\t<\/th>\n\t\t\t\t\t\t\t\t\t\t\t\t\t\t<td colspan=\"1\" rowspan=\"1\">\n\t\t\t\t\t\t\t\t\t\t\t\t\tt\u00f6bbkomponens\u0171 szintetikus gumi\t\t\t\t\t\t\t\t\t\t\t<\/td>\n\t\t\t\t\t\t\t<\/tr>\n\t\t\t\t\t<tr class=\" wd-rs-66944866759bf\">\n\t\t\t\t\t\t\t\t\t\t\t\t\t\t<th colspan=\"1\" rowspan=\"1\">\n\t\t\t\t\t\t\t\t\t\t\t\t\tG\u00e9der:\t\t\t\t\t\t\t\t\t\t\t<\/th>\n\t\t\t\t\t\t\t\t\t\t\t\t\t\t<td colspan=\"1\" rowspan=\"1\">\n\t\t\t\t\t\t\t\t\t\t\t\t\tkompozit gumi \/ t\u00f6bbkomponens\u0171 szintetikus gumi\t\t\t\t\t\t\t\t\t\t\t<\/td>\n\t\t\t\t\t\t\t<\/tr>\n\t\t\t\t\t<tr class=\" wd-rs-6694487e35bac\">\n\t\t\t\t\t\t\t\t\t\t\t\t\t\t<th colspan=\"1\" rowspan=\"1\">\n\t\t\t\t\t\t\t\t\t\t\t\t\tT\u00f6m\u00edt\u0151gy\u0171r\u0171 sorok sz\u00e1ma:\t\t\t\t\t\t\t\t\t\t\t<\/th>\n\t\t\t\t\t\t\t\t\t\t\t\t\t\t<td colspan=\"1\" rowspan=\"1\">\n\t\t\t\t\t\t\t\t\t\t\t\t\t4\t\t\t\t\t\t\t\t\t\t\t<\/td>\n\t\t\t\t\t\t\t<\/tr>\n\t\t\t\t\t<tr class=\" wd-rs-6694488ddb349\">\n\t\t\t\t\t\t\t\t\t\t\t\t\t\t<th colspan=\"1\" rowspan=\"1\">\n\t\t\t\t\t\t\t\t\t\t\t\t\tV\u00edzvezet\u0151:\t\t\t\t\t\t\t\t\t\t\t<\/th>\n\t\t\t\t\t\t\t\t\t\t\t\t\t\t<td colspan=\"1\" rowspan=\"1\">\n\t\t\t\t\t\t\t\t\t\t\t\t\tk\u00f6zvetlen\u00fcl nem \u00e9rinti a f\u00e1t\t\t\t\t\t\t\t\t\t\t\t<\/td>\n\t\t\t\t\t\t\t<\/tr>\n\t\t\t\t\t<tr class=\" wd-rs-669448ad64f78\">\n\t\t\t\t\t\t\t\t\t\t\t\t\t\t<th colspan=\"1\" rowspan=\"1\">\n\t\t\t\t\t\t\t\t\t\t\t\t\tAlak:\t\t\t\t\t\t\t\t\t\t\t<\/th>\n\t\t\t\t\t\t\t\t\t\t\t\t\t\t<td colspan=\"1\" rowspan=\"1\">\n\t\t\t\t\t\t\t\t\t\t\t\t\tk\u00fcl\u00f6nb\u00f6z\u0151 sz\u00f6gek (nem csak 90 fok), pl. rombusz, h\u00e1romsz\u00f6g stb.\t\t\t\t\t\t\t\t\t\t\t<\/td>\n\t\t\t\t\t\t\t<\/tr>\n\t\t\t\t\t\t\t<\/tbody>\n\t\t\t\t<\/table>\n\t\t\t<\/div>\n\t\t<\/div>\n\t\t[\/vc_column][vc_column width=&#8221;1\/2&#8243; offset=&#8221;vc_col-md-6&#8243;]\t\t<div id=\"wd-6695494c84078\" class=\"wd-image wd-wpb wd-rs-6695494c84078 text-left \">\n\t\t\t\n\t\t\t<img loading=\"lazy\" decoding=\"async\" width=\"1000\" height=\"1500\" src=\"https:\/\/rapidlogistic.hu\/wp-content\/uploads\/2024\/07\/fa-ablakok.webp\" class=\"attachment-full size-full\" alt=\"\" srcset=\"https:\/\/rapidlogistic.hu\/wp-content\/uploads\/2024\/07\/fa-ablakok.webp 1000w, https:\/\/rapidlogistic.hu\/wp-content\/uploads\/2024\/07\/fa-ablakok-430x645.webp 430w, https:\/\/rapidlogistic.hu\/wp-content\/uploads\/2024\/07\/fa-ablakok-150x225.webp 150w, https:\/\/rapidlogistic.hu\/wp-content\/uploads\/2024\/07\/fa-ablakok-700x1050.webp 700w, https:\/\/rapidlogistic.hu\/wp-content\/uploads\/2024\/07\/fa-ablakok-200x300.webp 200w, https:\/\/rapidlogistic.hu\/wp-content\/uploads\/2024\/07\/fa-ablakok-533x800.webp 533w, https:\/\/rapidlogistic.hu\/wp-content\/uploads\/2024\/07\/fa-ablakok-768x1152.webp 768w\" sizes=\"auto, (max-width: 1000px) 100vw, 1000px\" \/>\n\t\t\t\t\t<\/div>\n\t\t[\/vc_column][\/vc_row][vc_row][vc_column][vc_separator css=&#8221;&#8221; wd_hide_on_desktop=&#8221;no&#8221; wd_hide_on_tablet=&#8221;no&#8221; wd_hide_on_mobile=&#8221;no&#8221;][\/vc_column][\/vc_row][vc_row woodmart_css_id=&#8221;6694f78779f2a&#8221; responsive_spacing=&#8221;eyJwYXJhbV90eXBlIjoid29vZG1hcnRfcmVzcG9uc2l2ZV9zcGFjaW5nIiwic2VsZWN0b3JfaWQiOiI2Njk0Zjc4Nzc5ZjJhIiwic2hvcnRjb2RlIjoidmNfcm93IiwiZGF0YSI6eyJ0YWJsZXQiOnt9LCJtb2JpbGUiOnt9fX0=&#8221; mobile_bg_img_hidden=&#8221;no&#8221; tablet_bg_img_hidden=&#8221;no&#8221; woodmart_parallax=&#8221;0&#8243; woodmart_gradient_switch=&#8221;no&#8221; woodmart_box_shadow=&#8221;no&#8221; wd_z_index=&#8221;no&#8221; woodmart_disable_overflow=&#8221;0&#8243; row_reverse_mobile=&#8221;0&#8243; row_reverse_tablet=&#8221;0&#8243;][vc_column]<div class=\"wpb-content-wrapper\">[vc_row][vc_column]\n\t\t<div id=\"wd-669554cb68012\" class=\"title-wrapper wd-wpb wd-set-mb reset-last-child  wd-rs-669554cb68012 wd-title-color-default wd-title-style-default text-left  wd-underline-colored\">\n\t\t\t\n\t\t\t<div class=\"liner-continer\">\n\t\t\t\t<h4 class=\"woodmart-title-container title  wd-font-weight- wd-fontsize-l\" >The advantages of plywood windows and doors<\/h4>\n\t\t\t\t\t\t\t<\/div>\n\t\t\t\n\t\t\t\n\t\t\t\n\t\t<\/div>\n\t\t\n\t\t[\/vc_column][\/vc_row][vc_row content_placement=\"top\" woodmart_css_id=\"668e7ac82d535\" responsive_spacing=\"eyJwYXJhbV90eXBlIjoid29vZG1hcnRfcmVzcG9uc2l2ZV9zcGFjaW5nIiwic2VsZWN0b3JfaWQiOiI2NjhlN2FjODJkNTM1Iiwic2hvcnRjb2RlIjoidmNfcm93IiwiZGF0YSI6eyJ0YWJsZXQiOnt9LCJtb2JpbGUiOnt9fX0=\" mobile_bg_img_hidden=\"no\" tablet_bg_img_hidden=\"no\" woodmart_parallax=\"0\" woodmart_gradient_switch=\"no\" woodmart_box_shadow=\"no\" wd_z_index=\"no\" woodmart_disable_overflow=\"0\" row_reverse_mobile=\"0\" row_reverse_tablet=\"0\"][vc_column offset=\"vc_col-md-12\" woodmart_css_id=\"669554a5daede\" parallax_scroll=\"no\" woodmart_sticky_column=\"false\" wd_collapsible_content_switcher=\"no\" wd_column_role_offcanvas_desktop=\"no\" wd_column_role_offcanvas_tablet=\"no\" wd_column_role_offcanvas_mobile=\"no\" wd_column_role_content_desktop=\"no\" wd_column_role_content_tablet=\"no\" wd_column_role_content_mobile=\"no\" mobile_bg_img_hidden=\"no\" tablet_bg_img_hidden=\"no\" woodmart_parallax=\"0\" woodmart_box_shadow=\"no\" responsive_spacing=\"eyJwYXJhbV90eXBlIjoid29vZG1hcnRfcmVzcG9uc2l2ZV9zcGFjaW5nIiwic2VsZWN0b3JfaWQiOiI2Njk1NTRhNWRhZWRlIiwic2hvcnRjb2RlIjoidmNfY29sdW1uIiwiZGF0YSI6eyJ0YWJsZXQiOnt9LCJtb2JpbGUiOnt9fX0=\" mobile_reset_margin=\"no\" tablet_reset_margin=\"no\" wd_z_index=\"no\"]\t\t<div id=\"wd-669554ae90ff2\" class=\"wd-text-block wd-wpb reset-last-child wd-rs-669554ae90ff2 text-left \">\n\t\t\t<p>Wooden aluminium clad windows and doors are an innovative and efficient solution that differentiates itself from traditional windows and doors and other options currently available on the market. Wood aluminium windows and doors offer the perfect balance between the high quality of aluminium and the natural, warm appearance of exposed wood. They become an integral part of the residential building, decorative elements that add a contemporary architectural style to the building, while offering a sustainable and energy-efficient choice. Aluminium-coated plywood windows and doors bring aesthetic flexibility: the aluminium layer can be painted in any RAL colour to match the building design. These windows and doors are manufactured using state-of-the-art machinery - designed and manufactured in our own factory to guarantee a quality product. The thermal insulation, the natural warmth of wood and the resistance of aluminium to weathering and extreme conditions ensure long-term durability and energy efficiency.<\/p>\n\t\t<\/div>\n\t\t[\/vc_column][\/vc_row][vc_row][vc_column][vc_separator css=\"\" wd_hide_on_desktop=\"no\" wd_hide_on_tablet=\"no\" wd_hide_on_mobile=\"no\"][\/vc_column][\/vc_row][vc_row content_placement=\"top\" woodmart_css_id=\"668e7ac82d535\" responsive_spacing=\"eyJwYXJhbV90eXBlIjoid29vZG1hcnRfcmVzcG9uc2l2ZV9zcGFjaW5nIiwic2VsZWN0b3JfaWQiOiI2NjhlN2FjODJkNTM1Iiwic2hvcnRjb2RlIjoidmNfcm93IiwiZGF0YSI6eyJ0YWJsZXQiOnt9LCJtb2JpbGUiOnt9fX0=\" mobile_bg_img_hidden=\"no\" tablet_bg_img_hidden=\"no\" woodmart_parallax=\"0\" woodmart_gradient_switch=\"no\" woodmart_box_shadow=\"no\" wd_z_index=\"no\" woodmart_disable_overflow=\"0\" row_reverse_mobile=\"0\" row_reverse_tablet=\"0\"][vc_column offset=\"vc_col-md-6\"]\n\t\t<div id=\"wd-66954d32ebdc9\" class=\"title-wrapper wd-wpb wd-set-mb reset-last-child  wd-rs-66954d32ebdc9 wd-title-color-default wd-title-style-default text-left  wd-underline-colored\">\n\t\t\t\n\t\t\t<div class=\"liner-continer\">\n\t\t\t\t<h4 class=\"woodmart-title-container title  wd-font-weight- wd-fontsize-l\" >Thermal and sound insulation<\/h4>\n\t\t\t\t\t\t\t<\/div>\n\t\t\t\n\t\t\t\n\t\t\t\n\t\t<\/div>\n\t\t\n\t\t\t\t<div id=\"wd-66954cfea4e3c\" class=\"wd-text-block wd-wpb reset-last-child wd-rs-66954cfea4e3c text-left \">\n\t\t\t<p>Everyone wants a home where they can shut out the outside world, where their peace of mind is not disturbed by noise or temperature fluctuations. This experience is provided by windows and doors that meet the highest quality standards, with thermal and acoustic insulation that takes comfort to a new level. These windows keep the living space cool in summer and warm in winter, while reducing condensation.<\/p>\n\t\t<\/div>\n\t\t[\/vc_column][vc_column offset=\"vc_col-md-6\"]\n\t\t<div id=\"wd-66954d781f914\" class=\"title-wrapper wd-wpb wd-set-mb reset-last-child  wd-rs-66954d781f914 wd-title-color-default wd-title-style-default text-left  wd-underline-colored\">\n\t\t\t\n\t\t\t<div class=\"liner-continer\">\n\t\t\t\t<h4 class=\"woodmart-title-container title  wd-font-weight- wd-fontsize-l\" >Durability<\/h4>\n\t\t\t\t\t\t\t<\/div>\n\t\t\t\n\t\t\t\n\t\t\t\n\t\t<\/div>\n\t\t\n\t\t\t\t<div id=\"wd-66954d835a757\" class=\"wd-text-block wd-wpb reset-last-child wd-rs-66954d835a757 text-left \">\n\t\t\t<p>The key to the durability of our products lies in the intelligent use of new technologies. Aluminium cladding acts as a protective gas, protecting the wood from weather damage, UV rays, harmful insects or excessive moisture, while reducing the need for regular maintenance. The protective coating of the plywood is environmentally friendly and ensures long-term durability.<\/p>\n\t\t<\/div>\n\t\t[\/vc_column][\/vc_row][vc_row][vc_column][vc_separator css=\"\" wd_hide_on_desktop=\"no\" wd_hide_on_tablet=\"no\" wd_hide_on_mobile=\"no\"][\/vc_column][\/vc_row][vc_row content_placement=\"top\" woodmart_css_id=\"668e7ac82d535\" responsive_spacing=\"eyJwYXJhbV90eXBlIjoid29vZG1hcnRfcmVzcG9uc2l2ZV9zcGFjaW5nIiwic2VsZWN0b3JfaWQiOiI2NjhlN2FjODJkNTM1Iiwic2hvcnRjb2RlIjoidmNfcm93IiwiZGF0YSI6eyJ0YWJsZXQiOnt9LCJtb2JpbGUiOnt9fX0=\" mobile_bg_img_hidden=\"no\" tablet_bg_img_hidden=\"no\" woodmart_parallax=\"0\" woodmart_gradient_switch=\"no\" woodmart_box_shadow=\"no\" wd_z_index=\"no\" woodmart_disable_overflow=\"0\" row_reverse_mobile=\"0\" row_reverse_tablet=\"0\"][vc_column offset=\"vc_col-md-6\"]\n\t\t<div id=\"wd-66954d6c2c496\" class=\"title-wrapper wd-wpb wd-set-mb reset-last-child  wd-rs-66954d6c2c496 wd-title-color-default wd-title-style-default text-left  wd-underline-colored\">\n\t\t\t\n\t\t\t<div class=\"liner-continer\">\n\t\t\t\t<h4 class=\"woodmart-title-container title  wd-font-weight- wd-fontsize-l\" >Personalisation and versatility<\/h4>\n\t\t\t\t\t\t\t<\/div>\n\t\t\t\n\t\t\t\n\t\t\t\n\t\t<\/div>\n\t\t\n\t\t\t\t<div id=\"wd-66954d6501689\" class=\"wd-text-block wd-wpb reset-last-child wd-rs-66954d6501689 text-left \">\n\t\t\t<p>Plywood and aluminium window and door profiles are available in different shapes, materials, colours and sizes. Whether it's an ordinary apartment, a stylish restaurant or even a historic building, these doors and windows can adapt to any design and needs. The design and colour of the profiles can be chosen to match both the interior and exterior of the building, even if they differ in style.<\/p>\n\t\t<\/div>\n\t\t[\/vc_column][vc_column offset=\"vc_col-md-6\"]\n\t\t<div id=\"wd-66954d9694af6\" class=\"title-wrapper wd-wpb wd-set-mb reset-last-child  wd-rs-66954d9694af6 wd-title-color-default wd-title-style-default text-left  wd-underline-colored\">\n\t\t\t\n\t\t\t<div class=\"liner-continer\">\n\t\t\t\t<h4 class=\"woodmart-title-container title  wd-font-weight- wd-fontsize-l\" >Increased safety<\/h4>\n\t\t\t\t\t\t\t<\/div>\n\t\t\t\n\t\t\t\n\t\t\t\n\t\t<\/div>\n\t\t\n\t\t\t\t<div id=\"wd-66954d8ec44c6\" class=\"wd-text-block wd-wpb reset-last-child wd-rs-66954d8ec44c6 text-left \">\n\t\t\t<p>A major advantage of these windows is that they stay in the case even if broken, thanks to a film that provides guaranteed protection against both accidents and break-ins. The locking systems on windows and doors are of the highest quality, so homeowners can feel confident that their home is secure.<\/p>\n\t\t<\/div>\n\t\t[\/vc_column][\/vc_row]<\/div>[\/vc_column][\/vc_row]<\/p>\n<\/div>","protected":false},"excerpt":{"rendered":"<p><strong>CE Certificate<\/strong><strong>Three-ply plywood<\/strong><strong>The advantages of plywood windows and doors:<\/strong> Wooden aluminium clad windows and doors are an innovative and efficient solution that differentiates itself from traditional windows and doors and other options currently available on the market. Wood aluminium windows and doors offer the perfect balance between the high quality of aluminium and the natural, warm appearance of plywood. They become an integral part of the residential building, a decorative element that adds a contemporary architectural style to the building, while offering a sustainable and energy efficient choice. Aluminium-clad laminated timber windows bring aesthetic flexibility: the aluminium layer can be painted in any RAL colour to match the building design. These windows and doors are manufactured using state-of-the-art machinery &#8211; the design and execution of the production is done in our own factory to guarantee a quality product. The thermal insulation, natural warmth of wood and aluminium&#8217;s resistance to weathering and extreme conditions ensure long-term durability and energy efficiency.     <\/p>\n","protected":false},"featured_media":10160,"comment_status":"closed","ping_status":"closed","template":"","meta":[],"product_brand":[],"product_cat":[199],"product_tag":[220,218,219],"class_list":{"0":"post-10901","1":"product","2":"type-product","3":"status-publish","4":"has-post-thumbnail","6":"product_cat-wooden-windows","7":"product_tag-plywood-window","8":"product_tag-wooden-doors-and-windows","9":"product_tag-wooden-window","11":"first","12":"instock","13":"shipping-taxable","14":"product-type-simple"},"_links":{"self":[{"href":"https:\/\/rapidlogistic.hu\/en\/wp-json\/wp\/v2\/product\/10901","targetHints":{"allow":["GET"]}}],"collection":[{"href":"https:\/\/rapidlogistic.hu\/en\/wp-json\/wp\/v2\/product"}],"about":[{"href":"https:\/\/rapidlogistic.hu\/en\/wp-json\/wp\/v2\/types\/product"}],"replies":[{"embeddable":true,"href":"https:\/\/rapidlogistic.hu\/en\/wp-json\/wp\/v2\/comments?post=10901"}],"wp:featuredmedia":[{"embeddable":true,"href":"https:\/\/rapidlogistic.hu\/en\/wp-json\/wp\/v2\/media\/10160"}],"wp:attachment":[{"href":"https:\/\/rapidlogistic.hu\/en\/wp-json\/wp\/v2\/media?parent=10901"}],"wp:term":[{"taxonomy":"product_brand","embeddable":true,"href":"https:\/\/rapidlogistic.hu\/en\/wp-json\/wp\/v2\/product_brand?post=10901"},{"taxonomy":"product_cat","embeddable":true,"href":"https:\/\/rapidlogistic.hu\/en\/wp-json\/wp\/v2\/product_cat?post=10901"},{"taxonomy":"product_tag","embeddable":true,"href":"https:\/\/rapidlogistic.hu\/en\/wp-json\/wp\/v2\/product_tag?post=10901"}],"curies":[{"name":"wp","href":"https:\/\/api.w.org\/{rel}","templated":true}]}}