{"id":13613,"date":"2021-08-25T07:26:28","date_gmt":"2021-08-25T05:26:28","guid":{"rendered":"https:\/\/rapidlogistic.hu\/chi-siamo\/"},"modified":"2025-04-01T14:06:37","modified_gmt":"2025-04-01T12:06:37","slug":"chi-siamo","status":"publish","type":"page","link":"https:\/\/rapidlogistic.hu\/it\/chi-siamo\/","title":{"rendered":"Chi siamo"},"content":{"rendered":"<div class=\"wpb-content-wrapper\"><p>[vc_row full_width=&#8221;stretch_row&#8221; content_placement=&#8221;middle&#8221; css=&#8221;.vc_custom_1721337166993{margin-top: -40px !important;margin-bottom: 80px !important;padding-top: 80px !important;padding-bottom: 40px !important;background-color: #f9f9f9 !important;}&#8221; mobile_bg_img_hidden=&#8221;no&#8221; tablet_bg_img_hidden=&#8221;no&#8221; woodmart_parallax=&#8221;0&#8243; woodmart_gradient_switch=&#8221;no&#8221; row_reverse_mobile=&#8221;0&#8243; row_reverse_tablet=&#8221;0&#8243; woodmart_disable_overflow=&#8221;0&#8243; wd_z_index=&#8221;no&#8221; woodmart_css_id=&#8221;6699854237fc0&#8243; responsive_spacing=&#8221;eyJwYXJhbV90eXBlIjoid29vZG1hcnRfcmVzcG9uc2l2ZV9zcGFjaW5nIiwic2VsZWN0b3JfaWQiOiI2Njk5ODU0MjM3ZmMwIiwic2hvcnRjb2RlIjoidmNfcm93IiwiZGF0YSI6eyJ0YWJsZXQiOnt9LCJtb2JpbGUiOnsibWFyZ2luLWJvdHRvbSI6IjYwcHgiLCJwYWRkaW5nLXRvcCI6IjYwcHgiLCJwYWRkaW5nLWJvdHRvbSI6IjIwcHgifX19&#8243; woodmart_box_shadow=&#8221;no&#8221;][vc_column css=&#8221;.vc_custom_1629876989711{margin-bottom: 40px !important;padding-top: 0px !important;}&#8221; mobile_bg_img_hidden=&#8221;no&#8221; tablet_bg_img_hidden=&#8221;no&#8221; woodmart_parallax=&#8221;0&#8243; woodmart_sticky_column=&#8221;false&#8221; parallax_scroll=&#8221;no&#8221; mobile_reset_margin=&#8221;no&#8221; tablet_reset_margin=&#8221;no&#8221; offset=&#8221;vc_col-lg-4 vc_col-md-4 vc_col-xs-12&#8243; wd_z_index=&#8221;no&#8221; woodmart_css_id=&#8221;6125f2fa74bd9&#8243; responsive_spacing=&#8221;eyJwYXJhbV90eXBlIjoid29vZG1hcnRfcmVzcG9uc2l2ZV9zcGFjaW5nIiwic2VsZWN0b3JfaWQiOiI2MTI1ZjJmYTc0YmQ5Iiwic2hvcnRjb2RlIjoidmNfY29sdW1uIiwiZGF0YSI6eyJ0YWJsZXQiOnt9LCJtb2JpbGUiOnt9fX0=&#8221;]\n\t\t<div id=\"wd-669987d8a2836\" class=\"title-wrapper wd-wpb wd-set-mb reset-last-child  wd-rs-669987d8a2836 wd-title-color-primary wd-title-style-default text-left vc_custom_1721337833296 wd-width-enabled wd-underline-colored\" style=\"--wd-max-width: 90%;\">\n\t\t\t\t\t\t\t\n\t\t\t\t<div class=\"title-subtitle  subtitle-color-primary font-default subtitle-style-default wd-font-weight-600 wd-fontsize-xs\">RAPID LOGISTIC LTD.<\/div>\n\t\t\t\n\t\t\t<div class=\"liner-continer\">\n\t\t\t\t<h4 class=\"woodmart-title-container title  wd-font-weight- wd-fontsize-xxl\" >Perch\u00e9 dovreste lavorare con noi?<\/h4>\n\t\t\t\t\t\t\t<\/div>\n\t\t\t\n\t\t\t\n\t\t\t\n\t\t<\/div>\n\t\t\n\t\t[\/vc_column][vc_column width=&#8221;1\/2&#8243; css=&#8221;.vc_custom_1629876984854{margin-bottom: 40px !important;padding-top: 0px !important;}&#8221; mobile_bg_img_hidden=&#8221;no&#8221; tablet_bg_img_hidden=&#8221;no&#8221; woodmart_parallax=&#8221;0&#8243; woodmart_sticky_column=&#8221;false&#8221; parallax_scroll=&#8221;no&#8221; mobile_reset_margin=&#8221;no&#8221; tablet_reset_margin=&#8221;no&#8221; offset=&#8221;vc_col-lg-offset-1 vc_col-lg-3 vc_col-md-4&#8243; wd_z_index=&#8221;no&#8221; woodmart_css_id=&#8221;6125f2f5a2779&#8243; responsive_spacing=&#8221;eyJwYXJhbV90eXBlIjoid29vZG1hcnRfcmVzcG9uc2l2ZV9zcGFjaW5nIiwic2VsZWN0b3JfaWQiOiI2MTI1ZjJmNWEyNzc5Iiwic2hvcnRjb2RlIjoidmNfY29sdW1uIiwiZGF0YSI6eyJ0YWJsZXQiOnt9LCJtb2JpbGUiOnt9fX0=&#8221;]\t\t\t<div class=\"info-box-wrapper\">\n\t\t\t\t<div id=\"wd-66998858b275a\" class=\" wd-rs-66998858b275a wd-info-box wd-wpb text-left box-icon-align-left box-style- color-scheme- wd-bg-none wd-items-top vc_custom_1721337953270\">\n\t\t\t\t\t\t\t\t\t\t<div class=\"info-box-content\">\n\t\t\t\t\t\t<h4 class=\"info-box-title title box-title-style-default wd-fontsize-m\">Standard europei<\/h4>\t\t\t\t\t\t<div class=\"info-box-inner reset-last-child\"><p>Le finestre e le porte che vendiamo sono di standard europeo e rappresentano una qualit\u00e0 estremamente elevata.<\/p>\n<\/div>\n\n\t\t\t\t\t\t\t\t\t\t\t<\/div>\n\n\t\t\t\t\t\t\t\t\t\t\t<a class=\"wd-info-box-link wd-fill\" aria-label=\"Infobox link\" href=\"#\" title=\"\"><\/a>\n\t\t\t\t\t\n\t\t\t\t\t\t\t\t\t<\/div>\n\t\t\t<\/div>\n\t\t[\/vc_column][vc_column width=&#8221;1\/2&#8243; css=&#8221;.vc_custom_1629876980184{margin-bottom: 40px !important;padding-top: 0px !important;}&#8221; mobile_bg_img_hidden=&#8221;no&#8221; tablet_bg_img_hidden=&#8221;no&#8221; woodmart_parallax=&#8221;0&#8243; woodmart_sticky_column=&#8221;false&#8221; parallax_scroll=&#8221;no&#8221; mobile_reset_margin=&#8221;no&#8221; tablet_reset_margin=&#8221;no&#8221; offset=&#8221;vc_col-lg-offset-1 vc_col-lg-3 vc_col-md-4&#8243; wd_z_index=&#8221;no&#8221; woodmart_css_id=&#8221;6125f2efc6c08&#8243; responsive_spacing=&#8221;eyJwYXJhbV90eXBlIjoid29vZG1hcnRfcmVzcG9uc2l2ZV9zcGFjaW5nIiwic2VsZWN0b3JfaWQiOiI2MTI1ZjJlZmM2YzA4Iiwic2hvcnRjb2RlIjoidmNfY29sdW1uIiwiZGF0YSI6eyJ0YWJsZXQiOnt9LCJtb2JpbGUiOnt9fX0=&#8221;]\t\t\t<div class=\"info-box-wrapper\">\n\t\t\t\t<div id=\"wd-6699879b78579\" class=\" wd-rs-6699879b78579 wd-info-box wd-wpb text-left box-icon-align-left box-style- color-scheme- wd-bg-none wd-items-top vc_custom_1721337766671\">\n\t\t\t\t\t\t\t\t\t\t<div class=\"info-box-content\">\n\t\t\t\t\t\t<h4 class=\"info-box-title title box-title-style-default wd-fontsize-m\">Finestre e porte di qualit\u00e0 superiore<\/h4>\t\t\t\t\t\t<div class=\"info-box-inner reset-last-child\"><p>La nostra attivit\u00e0 principale \u00e8 la vendita all&#8217;ingrosso di finestre e porte con una rete di rivenditori in tutto il paese.<\/p>\n<\/div>\n\n\t\t\t\t\t\t\t\t\t\t\t<\/div>\n\n\t\t\t\t\t\t\t\t\t\t\t<a class=\"wd-info-box-link wd-fill\" aria-label=\"Infobox link\" href=\"#\" title=\"\"><\/a>\n\t\t\t\t\t\n\t\t\t\t\t\t\t\t\t<\/div>\n\t\t\t<\/div>\n\t\t[\/vc_column][\/vc_row][vc_row css=&#8221;.vc_custom_1629877038080{margin-bottom: 40px !important;}&#8221; mobile_bg_img_hidden=&#8221;no&#8221; tablet_bg_img_hidden=&#8221;no&#8221; woodmart_parallax=&#8221;0&#8243; woodmart_gradient_switch=&#8221;no&#8221; row_reverse_mobile=&#8221;1&#8243; row_reverse_tablet=&#8221;1&#8243; woodmart_disable_overflow=&#8221;0&#8243; wd_z_index=&#8221;no&#8221; woodmart_css_id=&#8221;6125f32826e3d&#8221; responsive_spacing=&#8221;eyJwYXJhbV90eXBlIjoid29vZG1hcnRfcmVzcG9uc2l2ZV9zcGFjaW5nIiwic2VsZWN0b3JfaWQiOiI2MTI1ZjMyODI2ZTNkIiwic2hvcnRjb2RlIjoidmNfcm93IiwiZGF0YSI6eyJ0YWJsZXQiOnt9LCJtb2JpbGUiOnsibWFyZ2luLWJvdHRvbSI6IjIwIn19fQ==&#8221;][vc_column css=&#8221;.vc_custom_1629877010833{margin-bottom: 40px !important;padding-top: 0px !important;}&#8221; mobile_bg_img_hidden=&#8221;no&#8221; tablet_bg_img_hidden=&#8221;no&#8221; woodmart_parallax=&#8221;0&#8243; woodmart_sticky_column=&#8221;false&#8221; parallax_scroll=&#8221;no&#8221; mobile_reset_margin=&#8221;no&#8221; tablet_reset_margin=&#8221;no&#8221; offset=&#8221;vc_col-lg-6 vc_col-md-6&#8243; wd_z_index=&#8221;no&#8221; woodmart_css_id=&#8221;6125f30edad72&#8243; responsive_spacing=&#8221;eyJwYXJhbV90eXBlIjoid29vZG1hcnRfcmVzcG9uc2l2ZV9zcGFjaW5nIiwic2VsZWN0b3JfaWQiOiI2MTI1ZjMwZWRhZDcyIiwic2hvcnRjb2RlIjoidmNfY29sdW1uIiwiZGF0YSI6eyJ0YWJsZXQiOnt9LCJtb2JpbGUiOnt9fX0=&#8221;]\t\t<div id=\"wd-669a2d3314f4f\" class=\"wd-image wd-wpb wd-rs-669a2d3314f4f text-left vc_custom_1721380164530\">\n\t\t\t\n\t\t\t<img loading=\"lazy\" decoding=\"async\" width=\"901\" height=\"790\" src=\"https:\/\/rapidlogistic.hu\/wp-content\/uploads\/2024\/07\/ajto-ablak-nagykereskedelem-1.webp\" class=\"attachment-full size-full\" alt=\"\" srcset=\"https:\/\/rapidlogistic.hu\/wp-content\/uploads\/2024\/07\/ajto-ablak-nagykereskedelem-1.webp 901w, https:\/\/rapidlogistic.hu\/wp-content\/uploads\/2024\/07\/ajto-ablak-nagykereskedelem-1-430x377.webp 430w, https:\/\/rapidlogistic.hu\/wp-content\/uploads\/2024\/07\/ajto-ablak-nagykereskedelem-1-150x132.webp 150w, https:\/\/rapidlogistic.hu\/wp-content\/uploads\/2024\/07\/ajto-ablak-nagykereskedelem-1-700x614.webp 700w, https:\/\/rapidlogistic.hu\/wp-content\/uploads\/2024\/07\/ajto-ablak-nagykereskedelem-1-342x300.webp 342w, https:\/\/rapidlogistic.hu\/wp-content\/uploads\/2024\/07\/ajto-ablak-nagykereskedelem-1-768x673.webp 768w\" sizes=\"auto, (max-width: 901px) 100vw, 901px\" \/>\n\t\t\t\t\t<\/div>\n\t\t[\/vc_column][vc_column css=&#8221;.vc_custom_1629877027060{margin-bottom: 40px !important;padding-top: 40px !important;}&#8221; mobile_bg_img_hidden=&#8221;no&#8221; tablet_bg_img_hidden=&#8221;no&#8221; woodmart_parallax=&#8221;0&#8243; woodmart_sticky_column=&#8221;false&#8221; parallax_scroll=&#8221;no&#8221; mobile_reset_margin=&#8221;no&#8221; tablet_reset_margin=&#8221;no&#8221; offset=&#8221;vc_col-lg-offset-1 vc_col-lg-5 vc_col-md-6 vc_col-xs-12&#8243; wd_z_index=&#8221;no&#8221; woodmart_css_id=&#8221;6125f320eb687&#8243; responsive_spacing=&#8221;eyJwYXJhbV90eXBlIjoid29vZG1hcnRfcmVzcG9uc2l2ZV9zcGFjaW5nIiwic2VsZWN0b3JfaWQiOiI2MTI1ZjMyMGViNjg3Iiwic2hvcnRjb2RlIjoidmNfY29sdW1uIiwiZGF0YSI6eyJ0YWJsZXQiOnt9LCJtb2JpbGUiOnsicGFkZGluZy10b3AiOiIwIn19fQ==&#8221;]\n\t\t<div id=\"wd-66997ab4b7740\" class=\"title-wrapper wd-wpb wd-set-mb reset-last-child  wd-rs-66997ab4b7740 wd-title-color-primary wd-title-style-default text-left vc_custom_1721334469757 wd-underline-colored\">\n\t\t\t\t\t\t\t\n\t\t\t\t<div class=\"title-subtitle  subtitle-color-primary font-default subtitle-style-default wd-font-weight-600 wd-fontsize-xs\">SU DI NOI<\/div>\n\t\t\t\n\t\t\t<div class=\"liner-continer\">\n\t\t\t\t<h4 class=\"woodmart-title-container title  wd-font-weight- wd-fontsize-xxl\" >Rapid Logistic Ltd.<\/h4>\n\t\t\t\t\t\t\t<\/div>\n\t\t\t\n\t\t\t\n\t\t\t\n\t\t<\/div>\n\t\t\n\t\t\t\t<div id=\"wd-66a8eb0db636b\" class=\"wd-text-block wd-wpb reset-last-child wd-rs-66a8eb0db636b text-left wd-fontsize-custom vc_custom_1722346261304\">\n\t\t\t<p>In qualit\u00e0 di uno dei principali grossisti di porte e finestre in Ungheria da 20 anni, offriamo ai nostri partner commerciali e agli installatori prodotti di qualit\u00e0 eccellente.<\/p>\n<p>La nostra ampia gamma comprende i design e le tecnologie pi\u00f9 recenti in fatto di finestre, porte, persiane e accessori, per soddisfare esigenze sia estetiche che funzionali.<\/p>\n<p>Se siete un partner di vendita al dettaglio o un installatore e siete interessati a lavorare con noi, contattateci oggi stesso e lavoriamo insieme per sviluppare una partnership commerciale di successo!<\/p>\n\t\t<\/div>\n\t\t[vc_separator color=&#8221;custom&#8221; css=&#8221;.vc_custom_1615616514122{margin-bottom: 20px !important;padding-top: 10px !important;}&#8221; accent_color=&#8221;rgba(10,10,10,0.12)&#8221;][vc_row_inner content_placement=&#8221;middle&#8221; row_reverse_mobile=&#8221;0&#8243; row_reverse_tablet=&#8221;0&#8243;][vc_column_inner width=&#8221;1\/2&#8243; css=&#8221;.vc_custom_1617632364304{padding-top: 0px !important;}&#8221;]\t\t<div id=\"wd-66997bcd80d88\" class=\"wd-text-block wd-wpb reset-last-child wd-rs-66997bcd80d88 text-left vc_custom_1721334836244\">\n\t\t\t<p><a href=\"#\"><strong><em>Tende per finestre all&#8217;ingrosso<\/em><\/strong><\/a><\/p>\n\t\t<\/div>\n\t\t[\/vc_column_inner][vc_column_inner width=&#8221;1\/2&#8243; css=&#8221;.vc_custom_1629877310132{padding-top: 0px !important;}&#8221; offset=&#8221;vc_hidden-sm vc_hidden-xs&#8221; wd_z_index=&#8221;no&#8221; woodmart_css_id=&#8221;6125f438bf39a&#8221; responsive_spacing=&#8221;eyJwYXJhbV90eXBlIjoid29vZG1hcnRfcmVzcG9uc2l2ZV9zcGFjaW5nIiwic2VsZWN0b3JfaWQiOiI2MTI1ZjQzOGJmMzlhIiwic2hvcnRjb2RlIjoidmNfY29sdW1uX2lubmVyIiwiZGF0YSI6eyJ0YWJsZXQiOnt9LCJtb2JpbGUiOnt9fX0=&#8221;]\t\t\t<div\n\t\t\t\t\t\tclass=\" wd-social-icons  wd-style-colored-alt wd-size-small social-share wd-shape-circle text-right\">\n\t\t\t\t\n\t\t\t\t\n\t\t\t\t\t\t\t\t\t<a rel=\"noopener noreferrer nofollow\" href=\"https:\/\/www.facebook.com\/sharer\/sharer.php?u=https:\/\/rapidlogistic.hu\/it\/chi-siamo\/\" target=\"_blank\" class=\" wd-social-icon social-facebook\" aria-label=\"Facebook social link\">\n\t\t\t\t\t\t<span class=\"wd-icon\"><\/span>\n\t\t\t\t\t\t\t\t\t\t\t<\/a>\n\t\t\t\t\n\t\t\t\t\n\t\t\t\t\n\t\t\t\t\n\t\t\t\t\n\t\t\t\t\n\t\t\t\t\n\t\t\t\t\n\t\t\t\t\n\t\t\t\t\n\t\t\t\t\n\t\t\t\t\n\t\t\t\t\n\t\t\t\t\n\t\t\t\t\n\t\t\t\t\n\t\t\t\t\n\t\t\t\t\n\t\t\t\t\n\t\t\t\t\n\t\t\t\t\n\t\t\t\t\n\t\t\t\t\n\t\t\t\t\n\t\t\t\t\n\t\t\t\t\n\t\t\t<\/div>\n\n\t\t[\/vc_column_inner][\/vc_row_inner][\/vc_column][\/vc_row][vc_row mobile_bg_img_hidden=&#8221;no&#8221; tablet_bg_img_hidden=&#8221;no&#8221; woodmart_parallax=&#8221;0&#8243; woodmart_gradient_switch=&#8221;no&#8221; row_reverse_mobile=&#8221;0&#8243; row_reverse_tablet=&#8221;0&#8243; woodmart_disable_overflow=&#8221;0&#8243; wd_z_index=&#8221;no&#8221; woodmart_css_id=&#8221;669a2d89c86a7&#8243; responsive_spacing=&#8221;eyJwYXJhbV90eXBlIjoid29vZG1hcnRfcmVzcG9uc2l2ZV9zcGFjaW5nIiwic2VsZWN0b3JfaWQiOiI2NjlhMmQ4OWM4NmE3Iiwic2hvcnRjb2RlIjoidmNfcm93IiwiZGF0YSI6eyJ0YWJsZXQiOnt9LCJtb2JpbGUiOnsibWFyZ2luLWJvdHRvbSI6IjQwcHgifX19&#8243; woodmart_box_shadow=&#8221;no&#8221;][vc_column css=&#8221;.vc_custom_1615616838746{padding-top: 0px !important;}&#8221; mobile_bg_img_hidden=&#8221;no&#8221; tablet_bg_img_hidden=&#8221;no&#8221; woodmart_parallax=&#8221;0&#8243; woodmart_sticky_column=&#8221;false&#8221; parallax_scroll=&#8221;no&#8221; mobile_reset_margin=&#8221;no&#8221; tablet_reset_margin=&#8221;no&#8221;]\n\t\t<div id=\"wd-66a8eb1b65c35\" class=\"title-wrapper wd-wpb wd-set-mb reset-last-child  wd-rs-66a8eb1b65c35 wd-title-color-primary wd-title-style-default text-center vc_custom_1722346278398 wd-width-enabled wd-underline-colored\" style=\"--wd-max-width: 60%;\">\n\t\t\t\t\t\t\t\n\t\t\t\t<div class=\"title-subtitle  subtitle-color-primary font-default subtitle-style-default wd-font-weight-600 wd-fontsize-xs\">RAPID LOGISTIC LTD.<\/div>\n\t\t\t\n\t\t\t<div class=\"liner-continer\">\n\t\t\t\t<h4 class=\"woodmart-title-container title  wd-font-weight- wd-fontsize-xxl\" >Standard europei<\/h4>\n\t\t\t\t\t\t\t<\/div>\n\t\t\t\n\t\t\t\t\t\t\t<div class=\"title-after_title reset-last-child  wd-fontsize-s\">Le finestre e le porte che vendiamo sono di standard europeo e rappresentano una qualit\u00e0 estremamente elevata. Nella scelta dei nostri fornitori, diamo molta importanza all'alta qualit\u00e0 dei prodotti, al buon livello tecnico e al rapporto qualit\u00e0-prezzo. <\/div>\n\t\t\t\n\t\t\t\n\t\t<\/div>\n\t\t\n\t\t[\/vc_column][vc_column width=&#8221;1\/2&#8243; css=&#8221;.vc_custom_1721336478587{padding-top: 0px !important;}&#8221; mobile_bg_img_hidden=&#8221;no&#8221; tablet_bg_img_hidden=&#8221;no&#8221; woodmart_parallax=&#8221;0&#8243; woodmart_sticky_column=&#8221;false&#8221; parallax_scroll=&#8221;no&#8221; mobile_reset_margin=&#8221;no&#8221; tablet_reset_margin=&#8221;no&#8221; offset=&#8221;vc_col-lg-6 vc_col-md-6 vc_col-xs-12&#8243; woodmart_css_id=&#8221;6699829514d28&#8243; wd_collapsible_content_switcher=&#8221;no&#8221; wd_column_role_offcanvas_desktop=&#8221;no&#8221; wd_column_role_offcanvas_tablet=&#8221;no&#8221; wd_column_role_offcanvas_mobile=&#8221;no&#8221; wd_column_role_content_desktop=&#8221;no&#8221; wd_column_role_content_tablet=&#8221;no&#8221; wd_column_role_content_mobile=&#8221;no&#8221; woodmart_box_shadow=&#8221;no&#8221; responsive_spacing=&#8221;eyJwYXJhbV90eXBlIjoid29vZG1hcnRfcmVzcG9uc2l2ZV9zcGFjaW5nIiwic2VsZWN0b3JfaWQiOiI2Njk5ODI5NTE0ZDI4Iiwic2hvcnRjb2RlIjoidmNfY29sdW1uIiwiZGF0YSI6eyJ0YWJsZXQiOnt9LCJtb2JpbGUiOnt9fX0=&#8221; wd_z_index=&#8221;no&#8221;]\t\t\t<div class=\"info-box-wrapper\">\n\t\t\t\t<div id=\"wd-66a0b4d754b27\" class=\" wd-rs-66a0b4d754b27 wd-info-box wd-wpb text-left box-icon-align-left box-style- color-scheme- wd-bg-none wd-items-top \">\n\t\t\t\t\t\t\t\t\t\t<div class=\"info-box-content\">\n\t\t\t\t\t\t<h4 class=\"info-box-title title box-title-style-default wd-fontsize-m\">Alta qualit\u00e0<\/h4>\t\t\t\t\t\t<div class=\"info-box-inner reset-last-child\"><p>Ci riforniamo di prodotti solo da produttori di fiducia e li sottoponiamo a rigorosi controlli di qualit\u00e0 per garantire l&#8217;affidabilit\u00e0 e la soddisfazione a lungo termine dei nostri clienti.<\/p>\n<\/div>\n\n\t\t\t\t\t\t\t\t\t\t\t<\/div>\n\n\t\t\t\t\t\n\t\t\t\t\t\t\t\t\t<\/div>\n\t\t\t<\/div>\n\t\t[\/vc_column][vc_column width=&#8221;1\/2&#8243; css=&#8221;.vc_custom_1721336494906{padding-top: 0px !important;}&#8221; mobile_bg_img_hidden=&#8221;no&#8221; tablet_bg_img_hidden=&#8221;no&#8221; woodmart_parallax=&#8221;0&#8243; woodmart_sticky_column=&#8221;false&#8221; parallax_scroll=&#8221;no&#8221; mobile_reset_margin=&#8221;no&#8221; tablet_reset_margin=&#8221;no&#8221; offset=&#8221;vc_col-lg-6 vc_col-md-6 vc_col-xs-12&#8243; woodmart_css_id=&#8221;669982a0b9db3&#8243; wd_collapsible_content_switcher=&#8221;no&#8221; wd_column_role_offcanvas_desktop=&#8221;no&#8221; wd_column_role_offcanvas_tablet=&#8221;no&#8221; wd_column_role_offcanvas_mobile=&#8221;no&#8221; wd_column_role_content_desktop=&#8221;no&#8221; wd_column_role_content_tablet=&#8221;no&#8221; wd_column_role_content_mobile=&#8221;no&#8221; woodmart_box_shadow=&#8221;no&#8221; responsive_spacing=&#8221;eyJwYXJhbV90eXBlIjoid29vZG1hcnRfcmVzcG9uc2l2ZV9zcGFjaW5nIiwic2VsZWN0b3JfaWQiOiI2Njk5ODJhMGI5ZGIzIiwic2hvcnRjb2RlIjoidmNfY29sdW1uIiwiZGF0YSI6eyJ0YWJsZXQiOnt9LCJtb2JpbGUiOnt9fX0=&#8221; wd_z_index=&#8221;no&#8221;]\t\t\t<div class=\"info-box-wrapper\">\n\t\t\t\t<div id=\"wd-66a0b4e24f983\" class=\" wd-rs-66a0b4e24f983 wd-info-box wd-wpb text-left box-icon-align-left box-style- color-scheme- wd-bg-none wd-items-top \">\n\t\t\t\t\t\t\t\t\t\t<div class=\"info-box-content\">\n\t\t\t\t\t\t<h4 class=\"info-box-title title box-title-style-default wd-fontsize-m\">Ampia scelta<\/h4>\t\t\t\t\t\t<div class=\"info-box-inner reset-last-child\"><p>Grazie al nostro magazzino flessibile, offriamo prodotti in un&#8217;ampia gamma di stili e dimensioni per soddisfare tutte le esigenze, sia moderne che tradizionali, piccole o grandi.<\/p>\n<\/div>\n\n\t\t\t\t\t\t\t\t\t\t\t<\/div>\n\n\t\t\t\t\t\n\t\t\t\t\t\t\t\t\t<\/div>\n\t\t\t<\/div>\n\t\t[\/vc_column][\/vc_row][vc_row mobile_bg_img_hidden=&#8221;no&#8221; tablet_bg_img_hidden=&#8221;no&#8221; woodmart_parallax=&#8221;0&#8243; woodmart_gradient_switch=&#8221;no&#8221; row_reverse_mobile=&#8221;0&#8243; row_reverse_tablet=&#8221;0&#8243; woodmart_disable_overflow=&#8221;0&#8243; wd_z_index=&#8221;no&#8221; woodmart_css_id=&#8221;669a2dc293e17&#8243; responsive_spacing=&#8221;eyJwYXJhbV90eXBlIjoid29vZG1hcnRfcmVzcG9uc2l2ZV9zcGFjaW5nIiwic2VsZWN0b3JfaWQiOiI2NjlhMmRjMjkzZTE3Iiwic2hvcnRjb2RlIjoidmNfcm93IiwiZGF0YSI6eyJ0YWJsZXQiOnt9LCJtb2JpbGUiOnsibWFyZ2luLWJvdHRvbSI6IjQwcHgifX19&#8243; woodmart_box_shadow=&#8221;no&#8221; css=&#8221;.vc_custom_1721380295553{padding-bottom: 10px !important;}&#8221;][vc_column width=&#8221;1\/2&#8243; css=&#8221;.vc_custom_1615616838746{padding-top: 0px !important;}&#8221; mobile_bg_img_hidden=&#8221;no&#8221; tablet_bg_img_hidden=&#8221;no&#8221; woodmart_parallax=&#8221;0&#8243; woodmart_sticky_column=&#8221;false&#8221; parallax_scroll=&#8221;no&#8221; mobile_reset_margin=&#8221;no&#8221; tablet_reset_margin=&#8221;no&#8221;]\t\t\t<div class=\"info-box-wrapper\">\n\t\t\t\t<div id=\"wd-66a0b4e90d9a6\" class=\" wd-rs-66a0b4e90d9a6 wd-info-box wd-wpb text-left box-icon-align-left box-style- color-scheme- wd-bg-none wd-items-top \">\n\t\t\t\t\t\t\t\t\t\t<div class=\"info-box-content\">\n\t\t\t\t\t\t<h4 class=\"info-box-title title box-title-style-default wd-fontsize-m\">Prezzi competitivi<\/h4>\t\t\t\t\t\t<div class=\"info-box-inner reset-last-child\"><p>Offriamo prodotti di alta qualit\u00e0 a prezzi competitivi per aiutare i nostri clienti a massimizzare i loro profitti e la loro competitivit\u00e0 sul mercato.<\/p>\n<\/div>\n\n\t\t\t\t\t\t\t\t\t\t\t<\/div>\n\n\t\t\t\t\t\n\t\t\t\t\t\t\t\t\t<\/div>\n\t\t\t<\/div>\n\t\t[\/vc_column][vc_column width=&#8221;1\/2&#8243; css=&#8221;.vc_custom_1721336426085{padding-top: 0px !important;}&#8221; mobile_bg_img_hidden=&#8221;no&#8221; tablet_bg_img_hidden=&#8221;no&#8221; woodmart_parallax=&#8221;0&#8243; woodmart_sticky_column=&#8221;false&#8221; parallax_scroll=&#8221;no&#8221; mobile_reset_margin=&#8221;no&#8221; tablet_reset_margin=&#8221;no&#8221; offset=&#8221;vc_col-lg-6 vc_col-md-6 vc_col-xs-12&#8243; woodmart_css_id=&#8221;6699825f5d918&#8243; wd_collapsible_content_switcher=&#8221;no&#8221; wd_column_role_offcanvas_desktop=&#8221;no&#8221; wd_column_role_offcanvas_tablet=&#8221;no&#8221; wd_column_role_offcanvas_mobile=&#8221;no&#8221; wd_column_role_content_desktop=&#8221;no&#8221; wd_column_role_content_tablet=&#8221;no&#8221; wd_column_role_content_mobile=&#8221;no&#8221; woodmart_box_shadow=&#8221;no&#8221; responsive_spacing=&#8221;eyJwYXJhbV90eXBlIjoid29vZG1hcnRfcmVzcG9uc2l2ZV9zcGFjaW5nIiwic2VsZWN0b3JfaWQiOiI2Njk5ODI1ZjVkOTE4Iiwic2hvcnRjb2RlIjoidmNfY29sdW1uIiwiZGF0YSI6eyJ0YWJsZXQiOnt9LCJtb2JpbGUiOnt9fX0=&#8221; wd_z_index=&#8221;no&#8221;]\t\t\t<div class=\"info-box-wrapper\">\n\t\t\t\t<div id=\"wd-66a0b4eff3fdd\" class=\" wd-rs-66a0b4eff3fdd wd-info-box wd-wpb text-left box-icon-align-left box-style- color-scheme- wd-bg-none wd-items-top \">\n\t\t\t\t\t\t\t\t\t\t<div class=\"info-box-content\">\n\t\t\t\t\t\t<h4 class=\"info-box-title title box-title-style-default wd-fontsize-m\">Supporto professionale<\/h4>\t\t\t\t\t\t<div class=\"info-box-inner reset-last-child\"><p>Il nostro team di esperti \u00e8 sempre a disposizione per aiutarvi a scegliere i prodotti pi\u00f9 adatti e a fornire consigli tecnici e soluzioni personalizzate.<\/p>\n<\/div>\n\n\t\t\t\t\t\t\t\t\t\t\t<\/div>\n\n\t\t\t\t\t\n\t\t\t\t\t\t\t\t\t<\/div>\n\t\t\t<\/div>\n\t\t[\/vc_column][\/vc_row]<\/p>\n<\/div>","protected":false},"excerpt":{"rendered":"<p>[vc_row full_width=&#8221;stretch_row&#8221; content_placement=&#8221;middle&#8221; css=&#8221;.vc_custom_1721337166993{margin-top: -40px !important;margin-bottom: 80px !important;padding-top: 80px !important;padding-bottom: 40px !important;background-color: #f9f9f9 !important;}&#8221; mobile_bg_img_hidden=&#8221;no&#8221; tablet_bg_img_hidden=&#8221;no&#8221; woodmart_parallax=&#8221;0&#8243; woodmart_gradient_switch=&#8221;no&#8221; row_reverse_mobile=&#8221;0&#8243; row_reverse_tablet=&#8221;0&#8243;<\/p>\n","protected":false},"author":1,"featured_media":0,"parent":0,"menu_order":0,"comment_status":"closed","ping_status":"closed","template":"","meta":{"footnotes":""},"class_list":["post-13613","page","type-page","status-publish","hentry"],"_links":{"self":[{"href":"https:\/\/rapidlogistic.hu\/it\/wp-json\/wp\/v2\/pages\/13613","targetHints":{"allow":["GET"]}}],"collection":[{"href":"https:\/\/rapidlogistic.hu\/it\/wp-json\/wp\/v2\/pages"}],"about":[{"href":"https:\/\/rapidlogistic.hu\/it\/wp-json\/wp\/v2\/types\/page"}],"author":[{"embeddable":true,"href":"https:\/\/rapidlogistic.hu\/it\/wp-json\/wp\/v2\/users\/1"}],"replies":[{"embeddable":true,"href":"https:\/\/rapidlogistic.hu\/it\/wp-json\/wp\/v2\/comments?post=13613"}],"version-history":[{"count":2,"href":"https:\/\/rapidlogistic.hu\/it\/wp-json\/wp\/v2\/pages\/13613\/revisions"}],"predecessor-version":[{"id":13673,"href":"https:\/\/rapidlogistic.hu\/it\/wp-json\/wp\/v2\/pages\/13613\/revisions\/13673"}],"wp:attachment":[{"href":"https:\/\/rapidlogistic.hu\/it\/wp-json\/wp\/v2\/media?parent=13613"}],"curies":[{"name":"wp","href":"https:\/\/api.w.org\/{rel}","templated":true}]}}