{"id":13788,"date":"2024-09-27T23:54:53","date_gmt":"2024-09-27T21:54:53","guid":{"rendered":"https:\/\/rapidlogistic.hu\/termek\/orchid-pannelli-porta\/"},"modified":"2025-04-01T18:21:28","modified_gmt":"2025-04-01T16:21:28","slug":"orchid-pannelli-porta","status":"publish","type":"product","link":"https:\/\/rapidlogistic.hu\/it\/prodotto\/orchid-pannelli-porta\/","title":{"rendered":"Orchid pannelli porta"},"content":{"rendered":"<div class=\"wpb-content-wrapper\"><p>[vc_row woodmart_css_id=&#8221;668c1c35728f9&#8243; responsive_spacing=&#8221;eyJwYXJhbV90eXBlIjoid29vZG1hcnRfcmVzcG9uc2l2ZV9zcGFjaW5nIiwic2VsZWN0b3JfaWQiOiI2NjhjMWMzNTcyOGY5Iiwic2hvcnRjb2RlIjoidmNfcm93IiwiZGF0YSI6eyJ0YWJsZXQiOnt9LCJtb2JpbGUiOnt9fX0=&#8221; mobile_bg_img_hidden=&#8221;no&#8221; tablet_bg_img_hidden=&#8221;no&#8221; woodmart_parallax=&#8221;0&#8243; woodmart_gradient_switch=&#8221;no&#8221; woodmart_box_shadow=&#8221;no&#8221; wd_z_index=&#8221;no&#8221; woodmart_disable_overflow=&#8221;0&#8243; row_reverse_mobile=&#8221;0&#8243; row_reverse_tablet=&#8221;0&#8243;][vc_column]<style data-type=\"vc_shortcodes-custom-css\">.wd-rs-66a8ef2f5e274.wd-list .wd-icon{font-size: 12px;}.wd-rs-66a8ef37e1fd8.wd-list .wd-icon{font-size: 12px;}.wd-rs-66a8ef3e430c7.wd-list .wd-icon{font-size: 12px;}<\/style><div class=\"wpb-content-wrapper\">[vc_row content_placement=\"top\" woodmart_css_id=\"668e7ac82d535\" responsive_spacing=\"eyJwYXJhbV90eXBlIjoid29vZG1hcnRfcmVzcG9uc2l2ZV9zcGFjaW5nIiwic2VsZWN0b3JfaWQiOiI2NjhlN2FjODJkNTM1Iiwic2hvcnRjb2RlIjoidmNfcm93IiwiZGF0YSI6eyJ0YWJsZXQiOnt9LCJtb2JpbGUiOnt9fX0=\" mobile_bg_img_hidden=\"no\" tablet_bg_img_hidden=\"no\" woodmart_parallax=\"0\" woodmart_gradient_switch=\"no\" woodmart_box_shadow=\"no\" wd_z_index=\"no\" woodmart_disable_overflow=\"0\" row_reverse_mobile=\"0\" row_reverse_tablet=\"0\"][vc_column offset=\"vc_col-md-6\"]\n\t\t<div id=\"wd-668e74efccdfc\" class=\"title-wrapper wd-wpb wd-set-mb reset-last-child  wd-rs-668e74efccdfc wd-title-color-default wd-title-style-default text-left  wd-underline-colored\">\n\t\t\t\n\t\t\t<div class=\"liner-continer\">\n\t\t\t\t<h4 class=\"woodmart-title-container title  wd-font-weight- wd-fontsize-l\" >Profilo Aluplast<\/h4>\n\t\t\t\t\t\t\t<\/div>\n\t\t\t\n\t\t\t\n\t\t\t\n\t\t<\/div>\n\t\t\n\t\t\t\t<div id=\"wd-668e776589dc5\" class=\"wd-text-block wd-wpb reset-last-child wd-rs-668e776589dc5 text-left \">\n\t\t\t<p><strong>Offriamo due tipi di porte d'ingresso realizzate con profili Aluplast:<\/strong><\/p>\n\t\t<\/div>\n\t\t\n\t\t<ul class=\" wd-rs-66a8ef2f5e274 wd-list wd-wpb color-scheme- wd-fontsize-s wd-type-icon wd-style-default text-left \" id=\"wd-66a8ef2f5e274\">\n\t\t\t\t\t\t\t\t\t\t\t<li>\n\t\t\t\t\t<span class=\"wd-icon list-icon fas fa-angle-right\"><\/span>\n\t\t\t\t\t<span class=\"wd-list-content list-content\">\n\t\t\t\t\t\t\t\t\t\t\t\t\tPorte d'ingresso a 5 camere, larghezza battente 97 o 116 mm - con soglia in alluminio - con serratura di sicurezza a 5 punti - con soglia in alluminio - con serratura azionata dalla maniglia - con serratura secondaria opzionale - 24 o 36 mm, 2 o 3 strati di vetro\t\t\t\t\t\t\t\t\t\t\t<\/span>\n\t\t\t\t<\/li>\n\t\t\t\t\t\t\t\t\t\t\t<li>\n\t\t\t\t\t<span class=\"wd-icon list-icon fas fa-angle-right\"><\/span>\n\t\t\t\t\t<span class=\"wd-list-content list-content\">\n\t\t\t\t\t\t\t\t\t\t\t\t\t6 camere d'aria, larghezza dell'anta 116 mm - con soglia in alluminio - con serratura di sicurezza a 5 punti - con soglia in alluminio - con serratura azionata dalla maniglia - con seconda serratura opzionale - vetro a 3 strati da 48 mm\t\t\t\t\t\t\t\t\t\t\t<\/span>\n\t\t\t\t<\/li>\n\t\t\t\t\t<\/ul>\n\t\t\t\t<div id=\"wd-668e7a702a162\" class=\"wd-text-block wd-wpb reset-last-child wd-rs-668e7a702a162 text-left \">\n\t\t\t<p>Le porte d'ingresso possono essere ordinate vuote o con pannelli da stadio, vetro, e possono essere realizzate idee personalizzate.<\/p>\n\t\t<\/div>\n\t\t[\/vc_column][vc_column offset=\"vc_col-md-6\"]\t\t<div id=\"wd-668e7a2451f45\" class=\"wd-image wd-wpb wd-rs-668e7a2451f45 text-left \">\n\t\t\t\n\t\t\t<img loading=\"lazy\" decoding=\"async\" width=\"1000\" height=\"654\" src=\"https:\/\/rapidlogistic.hu\/wp-content\/uploads\/2024\/07\/fukotherm-ajtopanelek.webp\" class=\"attachment-full size-full\" alt=\"\" srcset=\"https:\/\/rapidlogistic.hu\/wp-content\/uploads\/2024\/07\/fukotherm-ajtopanelek.webp 1000w, https:\/\/rapidlogistic.hu\/wp-content\/uploads\/2024\/07\/fukotherm-ajtopanelek-430x281.webp 430w, https:\/\/rapidlogistic.hu\/wp-content\/uploads\/2024\/07\/fukotherm-ajtopanelek-150x98.webp 150w, https:\/\/rapidlogistic.hu\/wp-content\/uploads\/2024\/07\/fukotherm-ajtopanelek-700x458.webp 700w, https:\/\/rapidlogistic.hu\/wp-content\/uploads\/2024\/07\/fukotherm-ajtopanelek-400x262.webp 400w, https:\/\/rapidlogistic.hu\/wp-content\/uploads\/2024\/07\/fukotherm-ajtopanelek-768x502.webp 768w\" sizes=\"auto, (max-width: 1000px) 100vw, 1000px\" \/>\n\t\t\t\t\t<\/div>\n\t\t[\/vc_column][\/vc_row][vc_row][vc_column][vc_separator css=\"\" wd_hide_on_desktop=\"no\" wd_hide_on_tablet=\"no\" wd_hide_on_mobile=\"no\"][\/vc_column][\/vc_row][vc_row content_placement=\"top\" woodmart_css_id=\"668e7bf1df6b0\" responsive_spacing=\"eyJwYXJhbV90eXBlIjoid29vZG1hcnRfcmVzcG9uc2l2ZV9zcGFjaW5nIiwic2VsZWN0b3JfaWQiOiI2NjhlN2JmMWRmNmIwIiwic2hvcnRjb2RlIjoidmNfcm93IiwiZGF0YSI6eyJ0YWJsZXQiOnt9LCJtb2JpbGUiOnt9fX0=\" mobile_bg_img_hidden=\"no\" tablet_bg_img_hidden=\"no\" woodmart_parallax=\"0\" woodmart_gradient_switch=\"no\" woodmart_box_shadow=\"no\" wd_z_index=\"no\" woodmart_disable_overflow=\"0\" row_reverse_mobile=\"0\" row_reverse_tablet=\"0\"][vc_column offset=\"vc_col-md-12\" woodmart_css_id=\"668e872a7513b\" parallax_scroll=\"no\" woodmart_sticky_column=\"false\" wd_collapsible_content_switcher=\"no\" wd_column_role_offcanvas_desktop=\"no\" wd_column_role_offcanvas_tablet=\"no\" wd_column_role_offcanvas_mobile=\"no\" wd_column_role_content_desktop=\"no\" wd_column_role_content_tablet=\"no\" wd_column_role_content_mobile=\"no\" mobile_bg_img_hidden=\"no\" tablet_bg_img_hidden=\"no\" woodmart_parallax=\"0\" woodmart_box_shadow=\"no\" responsive_spacing=\"eyJwYXJhbV90eXBlIjoid29vZG1hcnRfcmVzcG9uc2l2ZV9zcGFjaW5nIiwic2VsZWN0b3JfaWQiOiI2NjhlODcyYTc1MTNiIiwic2hvcnRjb2RlIjoidmNfY29sdW1uIiwiZGF0YSI6eyJ0YWJsZXQiOnt9LCJtb2JpbGUiOnt9fX0=\" mobile_reset_margin=\"no\" tablet_reset_margin=\"no\" wd_z_index=\"no\"]\n\t\t<div id=\"wd-668e74e2eeb16\" class=\"title-wrapper wd-wpb wd-set-mb reset-last-child  wd-rs-668e74e2eeb16 wd-title-color-default wd-title-style-default text-left  wd-underline-colored\">\n\t\t\t\n\t\t\t<div class=\"liner-continer\">\n\t\t\t\t<h4 class=\"woodmart-title-container title  wd-font-weight- wd-fontsize-l\" >Parametri<\/h4>\n\t\t\t\t\t\t\t<\/div>\n\t\t\t\n\t\t\t\n\t\t\t\n\t\t<\/div>\n\t\t\n\t\t[\/vc_column][\/vc_row][vc_row content_placement=\"top\" woodmart_css_id=\"668e7bf1df6b0\" responsive_spacing=\"eyJwYXJhbV90eXBlIjoid29vZG1hcnRfcmVzcG9uc2l2ZV9zcGFjaW5nIiwic2VsZWN0b3JfaWQiOiI2NjhlN2JmMWRmNmIwIiwic2hvcnRjb2RlIjoidmNfcm93IiwiZGF0YSI6eyJ0YWJsZXQiOnt9LCJtb2JpbGUiOnt9fX0=\" mobile_bg_img_hidden=\"no\" tablet_bg_img_hidden=\"no\" woodmart_parallax=\"0\" woodmart_gradient_switch=\"no\" woodmart_box_shadow=\"no\" wd_z_index=\"no\" woodmart_disable_overflow=\"0\" row_reverse_mobile=\"0\" row_reverse_tablet=\"0\"][vc_column offset=\"vc_col-md-6\"]\n\t\t<ul class=\" wd-rs-66a8ef37e1fd8 wd-list wd-wpb color-scheme- wd-fontsize-s wd-type-icon wd-style-default text-left \" id=\"wd-66a8ef37e1fd8\">\n\t\t\t\t\t\t\t\t\t\t\t<li>\n\t\t\t\t\t<span class=\"wd-icon list-icon fas fa-angle-right\"><\/span>\n\t\t\t\t\t<span class=\"wd-list-content list-content\">\n\t\t\t\t\t\t\t\t\t\t\t\t\tDimensioni standard delle porte d'ingresso in PVC: larghezza cassa 960 - 1000 mm, altezza cassa 2060 - 2160 mm\t\t\t\t\t\t\t\t\t\t\t<\/span>\n\t\t\t\t<\/li>\n\t\t\t\t\t\t\t\t\t\t\t<li>\n\t\t\t\t\t<span class=\"wd-icon list-icon fas fa-angle-right\"><\/span>\n\t\t\t\t\t<span class=\"wd-list-content list-content\">\n\t\t\t\t\t\t\t\t\t\t\t\t\tApertura - apertura verso l'esterno o verso l'interno\t\t\t\t\t\t\t\t\t\t\t<\/span>\n\t\t\t\t<\/li>\n\t\t\t\t\t\t\t\t\t\t\t<li>\n\t\t\t\t\t<span class=\"wd-icon list-icon fas fa-angle-right\"><\/span>\n\t\t\t\t\t<span class=\"wd-list-content list-content\">\n\t\t\t\t\t\t\t\t\t\t\t\t\tColori standard: quercia dorata, noce, quercia scura, mogano, grigio antracite\t\t\t\t\t\t\t\t\t\t\t<\/span>\n\t\t\t\t<\/li>\n\t\t\t\t\t\t\t\t\t\t\t<li>\n\t\t\t\t\t<span class=\"wd-icon list-icon fas fa-angle-right\"><\/span>\n\t\t\t\t\t<span class=\"wd-list-content list-content\">\n\t\t\t\t\t\t\t\t\t\t\t\t\tAmpia gamma di articoli di ferramenta\t\t\t\t\t\t\t\t\t\t\t<\/span>\n\t\t\t\t<\/li>\n\t\t\t\t\t<\/ul>\n\t\t[\/vc_column][vc_column offset=\"vc_col-md-6\"]\n\t\t<ul class=\" wd-rs-66a8ef3e430c7 wd-list wd-wpb color-scheme- wd-fontsize-s wd-type-icon wd-style-default text-left \" id=\"wd-66a8ef3e430c7\">\n\t\t\t\t\t\t\t\t\t\t\t<li>\n\t\t\t\t\t<span class=\"wd-icon list-icon fas fa-angle-right\"><\/span>\n\t\t\t\t\t<span class=\"wd-list-content list-content\">\n\t\t\t\t\t\t\t\t\t\t\t\t\tStandard - Serratura con 4 maniglie a rullo, 2 maniglie laterali, soglia in ALU da 20 mm; vetro: trasparente\/float o cincill\u00e0\t\t\t\t\t\t\t\t\t\t\t<\/span>\n\t\t\t\t<\/li>\n\t\t\t\t\t\t\t\t\t\t\t<li>\n\t\t\t\t\t<span class=\"wd-icon list-icon fas fa-angle-right\"><\/span>\n\t\t\t\t\t<span class=\"wd-list-content list-content\">\n\t\t\t\t\t\t\t\t\t\t\t\t\tOcchiali: in terracotta o ornamentali\t\t\t\t\t\t\t\t\t\t\t<\/span>\n\t\t\t\t<\/li>\n\t\t\t\t\t\t\t\t\t\t\t<li>\n\t\t\t\t\t<span class=\"wd-icon list-icon fas fa-angle-right\"><\/span>\n\t\t\t\t\t<span class=\"wd-list-content list-content\">\n\t\t\t\t\t\t\t\t\t\t\t\t\tFinitura colore porta: bianco, colorato su un lato o su entrambi i lati\t\t\t\t\t\t\t\t\t\t\t<\/span>\n\t\t\t\t<\/li>\n\t\t\t\t\t\t\t\t\t\t\t<li>\n\t\t\t\t\t<span class=\"wd-icon list-icon fas fa-angle-right\"><\/span>\n\t\t\t\t\t<span class=\"wd-list-content list-content\">\n\t\t\t\t\t\t\t\t\t\t\t\t\tPossibilit\u00e0 di aggiungere ulteriori funzioni di sicurezza\t\t\t\t\t\t\t\t\t\t\t<\/span>\n\t\t\t\t<\/li>\n\t\t\t\t\t<\/ul>\n\t\t[\/vc_column][\/vc_row]<\/div>[\/vc_column][\/vc_row]<\/p>\n<\/div>","protected":false},"excerpt":{"rendered":"<p>Le porte d&#8217;ingresso che offriamo sono di altissima qualit\u00e0 e originalit\u00e0. Hanno elevate propriet\u00e0 di isolamento termico e acustico. <\/p>\n<p>I singoli elementi delle porte sono realizzati con materiali che tollerano bene gli sbalzi di temperatura e le radiazioni al di l\u00e0 dell&#8217;ibolano. Anche in condizioni climatiche estreme, le porte non si deformano o si deformano. La stabilit\u00e0 delle porte in PVC \u00e8 ulteriormente migliorata dai rinforzi in acciaio presenti nei profili dell&#8217;anta e del telaio. Le porte possono essere realizzate con diversi profili e pannelli su misura.   <\/p>\n<p>Con il continuo sviluppo della nostra tecnologia di produzione, questi pannelli per porte sono diventati un gruppo di prodotti dinamico e affidabile.<\/p>\n","protected":false},"featured_media":13792,"comment_status":"closed","ping_status":"closed","template":"","meta":[],"product_brand":[],"product_cat":[481,483,488,491],"product_tag":[524,547,498,525,522,507,523,508,521,509],"class_list":{"0":"post-13788","1":"product","2":"type-product","3":"status-publish","4":"has-post-thumbnail","6":"product_cat-aluplast-it","7":"product_cat-pannelli-delle-porte","8":"product_cat-porte-di-ingresso","9":"product_cat-porte-di-ingresso-in-plastica","10":"product_tag-fukotherm-it","11":"product_tag-orchid-it","12":"product_tag-pannello-della-porta","13":"product_tag-pannello-in-pvc","14":"product_tag-pannello-porta-in-pvc","15":"product_tag-porta-aluplast","16":"product_tag-porta-dingresso-in-plastica","17":"product_tag-porta-di-ingresso-aluplast","18":"product_tag-porta-in-plastica","19":"product_tag-profilo-aluplast","21":"first","22":"instock","23":"shipping-taxable","24":"product-type-simple"},"_links":{"self":[{"href":"https:\/\/rapidlogistic.hu\/it\/wp-json\/wp\/v2\/product\/13788","targetHints":{"allow":["GET"]}}],"collection":[{"href":"https:\/\/rapidlogistic.hu\/it\/wp-json\/wp\/v2\/product"}],"about":[{"href":"https:\/\/rapidlogistic.hu\/it\/wp-json\/wp\/v2\/types\/product"}],"replies":[{"embeddable":true,"href":"https:\/\/rapidlogistic.hu\/it\/wp-json\/wp\/v2\/comments?post=13788"}],"wp:featuredmedia":[{"embeddable":true,"href":"https:\/\/rapidlogistic.hu\/it\/wp-json\/wp\/v2\/media\/13792"}],"wp:attachment":[{"href":"https:\/\/rapidlogistic.hu\/it\/wp-json\/wp\/v2\/media?parent=13788"}],"wp:term":[{"taxonomy":"product_brand","embeddable":true,"href":"https:\/\/rapidlogistic.hu\/it\/wp-json\/wp\/v2\/product_brand?post=13788"},{"taxonomy":"product_cat","embeddable":true,"href":"https:\/\/rapidlogistic.hu\/it\/wp-json\/wp\/v2\/product_cat?post=13788"},{"taxonomy":"product_tag","embeddable":true,"href":"https:\/\/rapidlogistic.hu\/it\/wp-json\/wp\/v2\/product_tag?post=13788"}],"curies":[{"name":"wp","href":"https:\/\/api.w.org\/{rel}","templated":true}]}}