{"id":13816,"date":"2024-07-19T22:32:36","date_gmt":"2024-07-19T20:32:36","guid":{"rendered":"https:\/\/rapidlogistic.hu\/termek\/sistema-senza-ponti-termici-mb-59s\/"},"modified":"2025-04-01T18:46:59","modified_gmt":"2025-04-01T16:46:59","slug":"sistema-senza-ponti-termici-mb-59s","status":"publish","type":"product","link":"https:\/\/rapidlogistic.hu\/it\/prodotto\/sistema-senza-ponti-termici-mb-59s\/","title":{"rendered":"MB-59S sistema senza ponti termici"},"content":{"rendered":"<div class=\"wpb-content-wrapper\"><p>[vc_row woodmart_css_id=&#8221;669fb5c646af0&#8243; responsive_spacing=&#8221;eyJwYXJhbV90eXBlIjoid29vZG1hcnRfcmVzcG9uc2l2ZV9zcGFjaW5nIiwic2VsZWN0b3JfaWQiOiI2NjlmYjVjNjQ2YWYwIiwic2hvcnRjb2RlIjoidmNfcm93IiwiZGF0YSI6eyJ0YWJsZXQiOnt9LCJtb2JpbGUiOnt9fX0=&#8221; mobile_bg_img_hidden=&#8221;no&#8221; tablet_bg_img_hidden=&#8221;no&#8221; woodmart_parallax=&#8221;0&#8243; woodmart_gradient_switch=&#8221;no&#8221; woodmart_box_shadow=&#8221;no&#8221; wd_z_index=&#8221;no&#8221; woodmart_disable_overflow=&#8221;0&#8243; row_reverse_mobile=&#8221;0&#8243; row_reverse_tablet=&#8221;0&#8243;][vc_column]<div class=\"wpb-content-wrapper\">[vc_row content_placement=\"top\" woodmart_css_id=\"66940f26d1ee3\" responsive_spacing=\"eyJwYXJhbV90eXBlIjoid29vZG1hcnRfcmVzcG9uc2l2ZV9zcGFjaW5nIiwic2VsZWN0b3JfaWQiOiI2Njk0MGYyNmQxZWUzIiwic2hvcnRjb2RlIjoidmNfcm93IiwiZGF0YSI6eyJ0YWJsZXQiOnt9LCJtb2JpbGUiOnt9fX0=\" mobile_bg_img_hidden=\"no\" tablet_bg_img_hidden=\"no\" woodmart_parallax=\"0\" woodmart_gradient_switch=\"no\" woodmart_box_shadow=\"no\" wd_z_index=\"no\" woodmart_disable_overflow=\"0\" row_reverse_mobile=\"0\" row_reverse_tablet=\"0\"][vc_column offset=\"vc_col-md-6\"]\n\t\t<div id=\"wd-669aab7faedcf\" class=\"title-wrapper wd-wpb wd-set-mb reset-last-child  wd-rs-669aab7faedcf wd-title-color-default wd-title-style-default text-left  wd-underline-colored\">\n\t\t\t\n\t\t\t<div class=\"liner-continer\">\n\t\t\t\t<h4 class=\"woodmart-title-container title  wd-font-weight- wd-fontsize-l\" >Profilo di Aluprof<\/h4>\n\t\t\t\t\t\t\t<\/div>\n\t\t\t\n\t\t\t\n\t\t\t\n\t\t<\/div>\n\t\t\n\t\t\t\t<div id=\"wd-669aab90992f1\" class=\"wd-text-block wd-wpb reset-last-child wd-rs-669aab90992f1 text-left \">\n\t\t\t<p>I sistemi di serramenti in alluminio ALUPROF consentono l'installazione di diversi tipi di porte e finestre a seconda dell'applicazione e delle diverse funzioni che svolgono, dell'estetica, dell'isolamento termico, della protezione antieffrazione, dei requisiti di resistenza al fumo o al fuoco.<\/p>\n\t\t<\/div>\n\t\t[\/vc_column][vc_column offset=\"vc_col-md-6\"]\t\t<div id=\"wd-669fb42328841\" class=\"wd-image wd-wpb wd-rs-669fb42328841 text-left \">\n\t\t\t\n\t\t\t<img loading=\"lazy\" decoding=\"async\" width=\"1000\" height=\"654\" src=\"https:\/\/rapidlogistic.hu\/wp-content\/uploads\/2024\/07\/aluprof-aluminium-nyilaszarok.webp\" class=\"attachment-full size-full\" alt=\"\" srcset=\"https:\/\/rapidlogistic.hu\/wp-content\/uploads\/2024\/07\/aluprof-aluminium-nyilaszarok.webp 1000w, https:\/\/rapidlogistic.hu\/wp-content\/uploads\/2024\/07\/aluprof-aluminium-nyilaszarok-430x281.webp 430w, https:\/\/rapidlogistic.hu\/wp-content\/uploads\/2024\/07\/aluprof-aluminium-nyilaszarok-150x98.webp 150w, https:\/\/rapidlogistic.hu\/wp-content\/uploads\/2024\/07\/aluprof-aluminium-nyilaszarok-700x458.webp 700w, https:\/\/rapidlogistic.hu\/wp-content\/uploads\/2024\/07\/aluprof-aluminium-nyilaszarok-400x262.webp 400w, https:\/\/rapidlogistic.hu\/wp-content\/uploads\/2024\/07\/aluprof-aluminium-nyilaszarok-768x502.webp 768w\" sizes=\"auto, (max-width: 1000px) 100vw, 1000px\" \/>\n\t\t\t\t\t<\/div>\n\t\t[\/vc_column][\/vc_row]<\/div>[\/vc_column][\/vc_row]<\/p>\n<\/div>","protected":false},"excerpt":{"rendered":"<p>L&#8217;MB-59S \u00e8 un sistema di finestre e porte a ponte termico. \u00c8 inoltre perfettamente adatto alla produzione di finestre e porte di facciata per l&#8217;isolamento termico e acustico (ad es. porte, finestre, ante, persiane). <\/p>\n<p>Per il profilo della finestra, la profondit\u00e0 di montaggio dell&#8217;anta \u00e8 di 50 mm, quella del profilo dell&#8217;anta \u00e8 di 59 mm, la profondit\u00e0 strutturale del profilo dell&#8217;anta \u00e8 anch&#8217;essa di 50 mm e 50 mm per l&#8217;anta. Ne consegue che la superficie della cassa e il profilo dell&#8217;anta formano un unico piano sia all&#8217;interno che all&#8217;esterno. <\/p>\n<p>Nel profilo MB-59 3 camere d&#8217;aria, la camera isolante tra gli inserti isolanti costituisce la camera centrale, rendendo il profilo sottile e robusto. La struttura di interconnessione con gli inserti isolanti consente l&#8217;utilizzo di profili bicolore. Il profilo ha un inserto isolante in poliammide rinforzato con fibra di vetro a forma di \u201comega\u201d. Questa forma di inserto isolante non solo fornisce un ottimo isolamento termico, ma risolve anche perfettamente il drenaggio delle camere interne del profilo. Un&#8217;altra caratteristica principale della costruzione \u00e8 che pu\u00f2 essere utilizzata per creare diverse strutture curve.    <\/p>\n","protected":false},"featured_media":10194,"comment_status":"closed","ping_status":"closed","template":"","meta":[],"product_brand":[],"product_cat":[482,484],"product_tag":[499,510,554,555],"class_list":{"0":"post-13816","1":"product","2":"type-product","3":"status-publish","4":"has-post-thumbnail","6":"product_cat-aluprof-it","7":"product_cat-finestre-in-alluminio","8":"product_tag-finestra-in-alluminio","9":"product_tag-profilo-di-aluprof","10":"product_tag-sistema-di-riscaldamento-e-raffreddamento","11":"product_tag-sistema-senza-ponti-termici-mb-59s","13":"first","14":"instock","15":"shipping-taxable","16":"product-type-simple"},"_links":{"self":[{"href":"https:\/\/rapidlogistic.hu\/it\/wp-json\/wp\/v2\/product\/13816","targetHints":{"allow":["GET"]}}],"collection":[{"href":"https:\/\/rapidlogistic.hu\/it\/wp-json\/wp\/v2\/product"}],"about":[{"href":"https:\/\/rapidlogistic.hu\/it\/wp-json\/wp\/v2\/types\/product"}],"replies":[{"embeddable":true,"href":"https:\/\/rapidlogistic.hu\/it\/wp-json\/wp\/v2\/comments?post=13816"}],"wp:featuredmedia":[{"embeddable":true,"href":"https:\/\/rapidlogistic.hu\/it\/wp-json\/wp\/v2\/media\/10194"}],"wp:attachment":[{"href":"https:\/\/rapidlogistic.hu\/it\/wp-json\/wp\/v2\/media?parent=13816"}],"wp:term":[{"taxonomy":"product_brand","embeddable":true,"href":"https:\/\/rapidlogistic.hu\/it\/wp-json\/wp\/v2\/product_brand?post=13816"},{"taxonomy":"product_cat","embeddable":true,"href":"https:\/\/rapidlogistic.hu\/it\/wp-json\/wp\/v2\/product_cat?post=13816"},{"taxonomy":"product_tag","embeddable":true,"href":"https:\/\/rapidlogistic.hu\/it\/wp-json\/wp\/v2\/product_tag?post=13816"}],"curies":[{"name":"wp","href":"https:\/\/api.w.org\/{rel}","templated":true}]}}